{"id":10713,"date":"2019-06-07T19:25:53","date_gmt":"2019-06-07T19:25:53","guid":{"rendered":"https:\/\/unlimitedvacationclub.blog\/?page_id=10713"},"modified":"2025-08-12T16:23:31","modified_gmt":"2025-08-12T21:23:31","slug":"nuestros-socios-opinan","status":"publish","type":"page","link":"https:\/\/unlimitedvacationclub.blog\/es\/nuestros-socios-opinan\/","title":{"rendered":"Testimonios: Experiencias de lujo ilimitado con UVC"},"content":{"rendered":"<div class=\"wpb-content-wrapper\"><p>[vc_row][vc_column][vc_raw_html]JTNDc3R5bGUlM0UlMEEubWtkZi10aXRsZS1pbm5lciUyMCU3QiUwQSUyMCUyMCUyMCUyMGJhY2tncm91bmQtaW1hZ2UlM0ElMjB1cmwlMjglMkZ3b3JkcHJlc3MlMkZ3cC1jb250ZW50JTJGdXBsb2FkcyUyRjIwMjMlMkYxMSUyRk1hc2stZ3JvdXAtNC5wbmclMjklM0IlMEElMjAlMjAlMjAlMjBiYWNrZ3JvdW5kLXNpemUlM0ElMjBjb3ZlciUzQiUwQSU3RCUwQSUwQS5ta2RmLXRpdGxlLWlubmVyJTIwaDElMjAlN0IlMEElMjAlMjAlMjAlMjBjb2xvciUzQSUyMHdoaXRlJTNCJTBBJTIwJTIwJTIwJTIwZm9udC1zaXplJTNBMzBweCUzQiUwQSU3RCUwQSUwQS5ta2RmLWNvbnRhaW5lci1pbm5lci50ZXN0aW1vbmlhbHMtc2VjdGlvbi13cmFwJTIwJTdCJTBBJTIwJTIwJTIwJTIwZGlzcGxheSUzQSUyMGZsZXglM0IlMEElMjAlMjAlMjAlMjBmbGV4LWRpcmVjdGlvbiUzQSUyMGNvbHVtbiUzQiUwQSU3RCUwQSUwQS5ta2RmLWNvbnRhaW5lci1pbm5lci50ZXN0aW1vbmlhbHMtc2VjdGlvbi13cmFwJTIwJTNFJTIwZGl2JTIwJTdCJTBBJTIwJTIwJTIwJTIwb3JkZXIlM0ElMjAxJTNCJTBBJTdEJTBBJTBBZGl2JTIzdXZjLXdpZGdldCUyMCU3QiUwQSUyMCUyMCUyMCUyMG9yZGVyJTNBJTIwMCUzQiUwQSU3RCUwQSUwQSUyRiUyQWRpdiUyM3V2Yy13aWRnZXQlM0ElM0FiZWZvcmUlMjAlN0IlMEElMjAlMjAlMjAlMjBjb250ZW50JTNBJTIyQlVTQ0FSJTIwRVhQRVJJRU5DSUFTJTIwREUlMjBNSUVNQlJPUyUyMFBPUiUyMENBVEVHT1IlQzMlOERBUyUyMiUzQiUwQSUyMCUyMCUyMCUyMCUyMCUyMCUyMCUyMCUyMCUyMCUyMCUyMGZvbnQtc2l6ZSUzQSUyMDE0cHglM0IlMEElMjAlMjAlMjAlMjBsaW5lLWhlaWdodCUzQSUyMDEuNTdlbSUzQiUwQSUyMCUyMCUyMCUyMGZvbnQtZmFtaWx5JTNBJTIwTW9udHNlcnJhdCUyQ3NhbnMtc2VyaWYlM0IlMEElMjAlMjAlMjAlMjBmb250LXdlaWdodCUzQWJvbGQlM0IlMEElMjAlMjAlMjAlMjBkaXNwbGF5JTNBYmxvY2slM0IlMEElMjAlMjAlMjAlMjB0ZXh0LWFsaWduJTNBY2VudGVyJTNCJTBBJTIwJTIwJTIwJTIwbWFyZ2luLWJvdHRvbSUzQTIwcHglM0IlMEElN0QlMEElMEFkaXYlMjN0ZXN0aW1vbmlhbHMtZmlsdGVycyUzQSUzQWJlZm9yZSUyMCU3QiUwQSUyMCUyMCUyMCUyMGNvbnRlbnQlM0ElMjAlMjJWZWElMjBsb3MlMjByZXN1bHRhZG9zJTIwYSUyMGNvbnRpbnVhY2klQzMlQjNuLiUyMEhheiUyMGNsaWMlMjBlbiUyMGxhJTIwaW1hZ2VuJTIwcGFyYSUyMGFtcGxpYXIlMjBsYSUyMGVudHJhZGEuJTIyJTNCJTBBJTIwJTIwJTIwJTIwZm9udC1zaXplJTNBMTZweCUzQiUwQSUyMCUyMCUyMCUyMGNvbG9yJTNBJTIzOTU5NTk1JTNCJTBBJTIwJTIwJTIwJTIwZGlzcGxheSUzQWJsb2NrJTNCJTBBJTIwJTIwJTIwJTIwdGV4dC1hbGlnbiUzQWNlbnRlciUzQiUwQSUyMCUyMCUyMCUyMG1hcmdpbi1ib3R0b20lM0EyMHB4JTNCJTBBJTdEJTJBJTJGJTBBJTNDJTJGc3R5bGUlM0U=[\/vc_raw_html][vc_column_text]<\/p>\n<p style=\"text-align: center;\"><span style=\"font-size: 14pt;\"><strong>BUSCAR EXPERIENCIAS DE MIEMBROS POR CATEGOR\u00cdAS<\/strong><\/span><\/p>\n<p style=\"text-align: center;\">Vea los resultados a continuaci\u00f3n. Haz clic en la imagen para ampliar la entrada.<\/p>\n<p>[\/vc_column_text][vc_empty_space][vc_column_text]        <div class=\"uvc-wrap\">\n            <div class=\"sticky-filters-action\">\n\t\t        <button type=\"button\" class=\"uvc-btn trigger-filters-action\">\n\t\t\t\t\t<svg width=\"26\" height=\"26\" viewBox=\"0 0 24 24\" fill=\"none\" xmlns=\"http:\/\/www.w3.org\/2000\/svg\">\n\t\t\t\t\t\t<path d=\"M3 8H11M15 8H21M18 11V5M6 13H15M10 18H12\" stroke=\"currentColor\" stroke-width=\"2\" stroke-linecap=\"round\" stroke-linejoin=\"round\"\/>\n\t\t\t\t\t<\/svg>\n\t\t\t\t\t<span>Open Filters<\/span>\n\t\t\t\t<\/button>\n\t\t    <\/div>\n\t\t    \n\t\t\t<div class=\"uvc-widget\" id=\"uvc-widget\">\n\t\t\t    <div id=\"filters\"><\/div>\n\t\t\t    <div id=\"testimonials\"><\/div>\n\t\t\t<\/div>\n\t\t<\/div>\n\t\t\n\t\t<div id=\"uvc-loader\" class=\"overlay-load\" style=\"display:none;\">\n           <span class=\"uvc-spinner\"><\/span>\n        <\/div>\n[\/vc_column_text][vc_empty_space][vc_raw_html]JTNDaDIlMjBjbGFzcyUzRCUyMmZhbmN5LXRpdGxlJTIwdGV4dC1jZW50ZXIlMjIlM0UlQzIlQkZRdSVDMyVBOSUyMHNpZ25pZmljYSUyMCUzQ3NwYW4lM0UlMjAlRTIlODAlOUNsdWpvJTIwaWxpbWl0YWRvJUUyJTgwJTlEJTNDJTJGc3BhbiUzRSUzQyUyRmgyJTNFJTBB[\/vc_raw_html][vc_column_text]<\/p>\n<p style=\"text-align: center;\"><span style=\"font-weight: 400;\">Unlimited Vacation Club no es solo un viaje, \u00a1sino una traves\u00eda inmersiva hacia el lujo sin fin! En UVC, cada servicio cumplir\u00e1 con tus deseos y necesidades; desde el momento en que te despiertes en una suite magn\u00edfica, solo te encontrar\u00e1s con comodidad y un servicio sin igual. No ser\u00e1n unas vacaciones normales, \u00a1sino una experiencia \u00fanica y personalizada!<\/span><\/p>\n<p>[\/vc_column_text][\/vc_column][\/vc_row][vc_row][vc_column width=\u00bb1\/2&#8243;][vc_single_image image=\u00bb28195&#8243;][\/vc_column][vc_column width=\u00bb1\/2&#8243;][vc_raw_html]JTNDaDMlMjBjbGFzcyUzRCUyMmZhbmN5LXRpdGxlJTIwdGV4dC1jZW50ZXIlMjIlM0UlMjBMdWpvJTIwaWxpbWl0YWRvJTNBJTIwJTIwJTNDc3BhbiUzRSUyMFVuJTIwZCVDMyVBRGElMjBjb24lMjBVVkMlM0MlMkZzcGFuJTNFJTNDJTJGaDMlM0UlMEElMEE=[\/vc_raw_html][vc_column_text]<span style=\"font-weight: 400;\">\u00a1Disfruta del lujo ilimitado de UVC! Despi\u00e9rtate en una suite preciosa con vista al mar y con un desayuno gourmet personalizado. Podr\u00e1s deleitarte con un d\u00eda de spa, en la piscina o con paseos por la zona. Prueba bebidas premium sin l\u00edmite, cocina de primer nivel en el mundo, y actividades como golf de \u00e9lite o clavados. En UVC, \u00a1nunca ser\u00e1s solo un hu\u00e9sped!<\/span>[\/vc_column_text][\/vc_column][\/vc_row][vc_row][vc_column width=\u00bb1\/2&#8243;][vc_raw_html]JTNDaDMlMjBjbGFzcyUzRCUyMmZhbmN5LXRpdGxlJTIwdGV4dC1jZW50ZXIlMjIlM0UlMEFVbmxpbWl0ZWQlMjBMdXh1cnklMjBWYWNhdGlvbiUyMENsdWIlM0ElMjAlM0NzcGFuJTNFUmVkZWZpbmUlMjB0dXMlMjBleHBlcmllbmNpYXMlMjBkZSUyMHZpYWplJTNDJTJGc3BhbiUzRSUzQyUyRmgzJTNFJTBBJTIw[\/vc_raw_html][vc_column_text]<span style=\"font-weight: 400;\">En resumen, el lujo ilimitado del Unlimited Vacation Club redefine lo que unas vacaciones deber\u00edan ser. No se trata solo de visitar un destino tur\u00edstico, sino de sumergirse en una experiencia que tienta tus sentidos, rejuvenece tu cuerpo y alma y crea #RecuerdosUVC para toda la vida. As\u00ed que, si buscas unas vacaciones en las que puedas darte un gusto, Unlimited Luxury con\u00a0<\/span><span style=\"font-weight: 400;\">Unlimited Vacation Club es tu opci\u00f3n ideal.<\/span>[\/vc_column_text][\/vc_column][vc_column width=\u00bb1\/2&#8243;][vc_single_image image=\u00bb28197&#8243;][\/vc_column][\/vc_row]<\/p>\n<\/div>","protected":false},"excerpt":{"rendered":"<p>[vc_row][vc_column][vc_raw_html]JTNDc3R5bGUlM0UlMEEubWtkZi10aXRsZS1pbm5lciUyMCU3QiUwQSUyMCUyMCUyMCUyMGJhY2tncm91bmQtaW1hZ2UlM0ElMjB1cmwlMjglMkZ3b3JkcHJlc3MlMkZ3cC1jb250ZW50JTJGdXBsb2FkcyUyRjIwMjMlMkYxMSUyRk1hc2stZ3JvdXAtNC5wbmclMjklM0IlMEElMjAlMjAlMjAlMjBiYWNrZ3JvdW5kLXNpemUlM0ElMjBjb3ZlciUzQiUwQSU3RCUwQSUwQS5ta2RmLXRpdGxlLWlubmVyJTIwaDElMjAlN0IlMEElMjAlMjAlMjAlMjBjb2xvciUzQSUyMHdoaXRlJTNCJTBBJTIwJTIwJTIwJTIwZm9udC1zaXplJTNBMzBweCUzQiUwQSU3RCUwQSUwQS5ta2RmLWNvbnRhaW5lci1pbm5lci50ZXN0aW1vbmlhbHMtc2VjdGlvbi13cmFwJTIwJTdCJTBBJTIwJTIwJTIwJTIwZGlzcGxheSUzQSUyMGZsZXglM0IlMEElMjAlMjAlMjAlMjBmbGV4LWRpcmVjdGlvbiUzQSUyMGNvbHVtbiUzQiUwQSU3RCUwQSUwQS5ta2RmLWNvbnRhaW5lci1pbm5lci50ZXN0aW1vbmlhbHMtc2VjdGlvbi13cmFwJTIwJTNFJTIwZGl2JTIwJTdCJTBBJTIwJTIwJTIwJTIwb3JkZXIlM0ElMjAxJTNCJTBBJTdEJTBBJTBBZGl2JTIzdXZjLXdpZGdldCUyMCU3QiUwQSUyMCUyMCUyMCUyMG9yZGVyJTNBJTIwMCUzQiUwQSU3RCUwQSUwQSUyRiUyQWRpdiUyM3V2Yy13aWRnZXQlM0ElM0FiZWZvcmUlMjAlN0IlMEElMjAlMjAlMjAlMjBjb250ZW50JTNBJTIyQlVTQ0FSJTIwRVhQRVJJRU5DSUFTJTIwREUlMjBNSUVNQlJPUyUyMFBPUiUyMENBVEVHT1IlQzMlOERBUyUyMiUzQiUwQSUyMCUyMCUyMCUyMCUyMCUyMCUyMCUyMCUyMCUyMCUyMCUyMGZvbnQtc2l6ZSUzQSUyMDE0cHglM0IlMEElMjAlMjAlMjAlMjBsaW5lLWhlaWdodCUzQSUyMDEuNTdlbSUzQiUwQSUyMCUyMCUyMCUyMGZvbnQtZmFtaWx5JTNBJTIwTW9udHNlcnJhdCUyQ3NhbnMtc2VyaWYlM0IlMEElMjAlMjAlMjAlMjBmb250LXdlaWdodCUzQWJvbGQlM0IlMEElMjAlMjAlMjAlMjBkaXNwbGF5JTNBYmxvY2slM0IlMEElMjAlMjAlMjAlMjB0ZXh0LWFsaWduJTNBY2VudGVyJTNCJTBBJTIwJTIwJTIwJTIwbWFyZ2luLWJvdHRvbSUzQTIwcHglM0IlMEElN0QlMEElMEFkaXYlMjN0ZXN0aW1vbmlhbHMtZmlsdGVycyUzQSUzQWJlZm9yZSUyMCU3QiUwQSUyMCUyMCUyMCUyMGNvbnRlbnQlM0ElMjAlMjJWZWElMjBsb3MlMjByZXN1bHRhZG9zJTIwYSUyMGNvbnRpbnVhY2klQzMlQjNuLiUyMEhheiUyMGNsaWMlMjBlbiUyMGxhJTIwaW1hZ2VuJTIwcGFyYSUyMGFtcGxpYXIlMjBsYSUyMGVudHJhZGEuJTIyJTNCJTBBJTIwJTIwJTIwJTIwZm9udC1zaXplJTNBMTZweCUzQiUwQSUyMCUyMCUyMCUyMGNvbG9yJTNBJTIzOTU5NTk1JTNCJTBBJTIwJTIwJTIwJTIwZGlzcGxheSUzQWJsb2NrJTNCJTBBJTIwJTIwJTIwJTIwdGV4dC1hbGlnbiUzQWNlbnRlciUzQiUwQSUyMCUyMCUyMCUyMG1hcmdpbi1ib3R0b20lM0EyMHB4JTNCJTBBJTdEJTJBJTJGJTBBJTNDJTJGc3R5bGUlM0U=[\/vc_raw_html][vc_column_text] BUSCAR EXPERIENCIAS DE MIEMBROS POR CATEGOR\u00cdAS Vea los resultados a continuaci\u00f3n. Haz clic en la imagen para ampliar la entrada. [\/vc_column_text][vc_empty_space][vc_column_text][\/vc_column_text][vc_empty_space][vc_raw_html]JTNDaDIlMjBjbGFzcyUzRCUyMmZhbmN5LXRpdGxlJTIwdGV4dC1jZW50ZXIlMjIlM0UlQzIlQkZRdSVDMyVBOSUyMHNpZ25pZmljYSUyMCUzQ3NwYW4lM0UlMjAlRTIlODAlOUNsdWpvJTIwaWxpbWl0YWRvJUUyJTgwJTlEJTNDJTJGc3BhbiUzRSUzQyUyRmgyJTNFJTBB[\/vc_raw_html][vc_column_text] Unlimited Vacation Club no es solo un viaje, \u00a1sino una traves\u00eda inmersiva hacia el lujo sin fin! En [&hellip;]<\/p>\n","protected":false},"author":1,"featured_media":0,"parent":0,"menu_order":0,"comment_status":"closed","ping_status":"closed","template":"uvc-templates\/tmp-testimonials.php","meta":{"_acf_changed":false,"_seopress_robots_primary_cat":"","_seopress_titles_title":"As\u00ed disfrutan nuestros socios de UVC","_seopress_titles_desc":"Descubre las experiencias de lujo del Unlimited Vacation Club. \u00a1No pierdas la oportunidad de vivir las vacaciones de tus sue\u00f1os!","_seopress_robots_index":"","jetpack_post_was_ever_published":false,"footnotes":""},"class_list":["post-10713","page","type-page","status-publish"],"acf":[],"jetpack_sharing_enabled":true,"_links":{"self":[{"href":"https:\/\/unlimitedvacationclub.blog\/es\/wp-json\/wp\/v2\/pages\/10713","targetHints":{"allow":["GET"]}}],"collection":[{"href":"https:\/\/unlimitedvacationclub.blog\/es\/wp-json\/wp\/v2\/pages"}],"about":[{"href":"https:\/\/unlimitedvacationclub.blog\/es\/wp-json\/wp\/v2\/types\/page"}],"author":[{"embeddable":true,"href":"https:\/\/unlimitedvacationclub.blog\/es\/wp-json\/wp\/v2\/users\/1"}],"replies":[{"embeddable":true,"href":"https:\/\/unlimitedvacationclub.blog\/es\/wp-json\/wp\/v2\/comments?post=10713"}],"version-history":[{"count":1,"href":"https:\/\/unlimitedvacationclub.blog\/es\/wp-json\/wp\/v2\/pages\/10713\/revisions"}],"predecessor-version":[{"id":31860,"href":"https:\/\/unlimitedvacationclub.blog\/es\/wp-json\/wp\/v2\/pages\/10713\/revisions\/31860"}],"wp:attachment":[{"href":"https:\/\/unlimitedvacationclub.blog\/es\/wp-json\/wp\/v2\/media?parent=10713"}],"curies":[{"name":"wp","href":"https:\/\/api.w.org\/{rel}","templated":true}]}}