{"id":17138,"date":"2025-02-26T10:21:24","date_gmt":"2025-02-26T15:21:24","guid":{"rendered":"https:\/\/unlimitedvacationclub.blog\/?page_id=17138"},"modified":"2025-02-26T10:21:24","modified_gmt":"2025-02-26T15:21:24","slug":"terminos-y-condiciones-aplicables-a-las-trivias-de-uvc-en-vivo-2","status":"publish","type":"page","link":"https:\/\/unlimitedvacationclub.blog\/es\/terminos-y-condiciones-aplicables-a-las-trivias-de-uvc-en-vivo-2\/","title":{"rendered":"T\u00e9rminos y Condiciones aplicables a las Trivias de UVC en vivo"},"content":{"rendered":"<p><strong>T\u00e9rminos y Condiciones aplicables a las Trivias de UVC durante las transmisiones en vivo en Facebook e Instagram (las \u201c<u>Redes Sociales<\/u>\u201d).<\/strong><\/p>\n<p><strong>\u00a0<\/strong><\/p>\n<p>NO ES NECESARIO REALIZAR NINGUNA COMPRA PARA PARTICIPAR O GANAR. LAS COMPRAS NO INCREMENTAN LAS OPORTUNIDADES DE GANAR.<\/p>\n<ol>\n<li><strong> <u>Trivia<\/u>. <\/strong>Concurso organizado y patrocinado por UVC a trav\u00e9s de Redes Sociales en la modalidad \u201cen vivo\u201d y\/o \u201cLIVE\u201d.<\/li>\n<li><strong> <u>Reglas<\/u>. <\/strong>Aquellas determinadas y aplicables para cada una de las Trivias.<\/li>\n<li><strong> <u>Admisi\u00f3n<\/u><\/strong>. \u00danicamente podr\u00e1n participar en las Trivias: <strong>I)<\/strong> las personas que hayan celebrado contrato con UVC (los \u201c<u>Socios UVC<\/u>\u201d);<strong> II)<\/strong> mayores de 18 a\u00f1os a la fecha de inscripci\u00f3n a la Trivia.<\/li>\n<\/ol>\n<p>Los empleados de UVC, sus afiliados, subsidiarios, agencias de publicidad y promoci\u00f3n, y sus proveedores y sus familiares directos y\/o quienes compartan el mismo domicilio con los empleados (llamados en conjunto los \u201c<u>Empleados<\/u>\u201d) no ser\u00e1n elegibles para participar en las Trivias.<\/p>\n<ol start=\"4\">\n<li><strong><u>Aceptaci\u00f3n<\/u>. <\/strong>Con su participaci\u00f3n, el \u201cconcursante\u201d (\u201c<u>Usted<\/u>\u201d) acepta sujetarse de manera incondicional a estos T\u00e9rminos y Condiciones as\u00ed como a las Reglas determinadas en cada una de las TRIVIAS y Usted declara y garantiza que Usted cumple con todos los requisitos de admisi\u00f3n. Adem\u00e1s, Usted est\u00e1 de acuerdo en aceptar las decisiones tomadas por UVC definitivas y vinculantes en lo que refiere al contenido de las transmisiones en vivo. La vigencia de las Trivias solo estar\u00e1 activa durante las transmisiones en vivo en cada uno de los perfiles de las Redes Sociales donde se est\u00e9 llevando a cabo de conformidad con las Reglas de la Trivia.<\/li>\n<li><strong><u>Mec\u00e1nica de Participaci\u00f3n<\/u><\/strong>. Para participar en las Trivias se deber\u00e1 cumplir con las Reglas para poder calificar para la obtenci\u00f3n de un premio. Las participaciones incompletas, incorrectas o que no cumplan con las Reglas mencionadas durante las transmisiones en vivo podr\u00e1n ser descalificadas a criterio exclusivo de UVC. Es necesario presentar toda la informaci\u00f3n solicitada.<\/li>\n<li><strong> <u>Premios<\/u><\/strong>. Los ganadores de las Trivias durante las transmisiones en vivo (el \u201c<u>Ganador<\/u>\u201d) recibir\u00e1n el premio mencionado en las Reglas y durante la transmisi\u00f3n seg\u00fan corresponda, y este puede variar en cada ocasi\u00f3n. El valor real\/estimado puede variar al momento de la entrega del premio. Las caracter\u00edsticas espec\u00edficas del premio ser\u00e1n determinadas por UVC \u00fanicamente. No se permite el canje por dinero en efectivo o la sustituci\u00f3n del premio a excepci\u00f3n que UVC lo decida. El premio no es transferible. Cualquiera de los gastos relacionados con el premio, incluyendo, pero sin limitarse a, cualquier impuesto federal, estatal y\/o local, ser\u00e1 responsabilidad exclusiva del Ganador. No se permite la sustituci\u00f3n del premio o la transferencia\/asignaci\u00f3n del premio a terceros o solicitud por parte del Ganador a recibir su premio en efectivo. La aceptaci\u00f3n del premio constituye la autorizaci\u00f3n expresa para que UVC pueda usar el nombre y\/o la imagen del Ganador, y su participaci\u00f3n para fines publicitarios y comerciales sin derecho a pago de compensaciones.<\/li>\n<li><strong> <u>Probabilidades<\/u><\/strong>. Las probabilidades de ganar depender\u00e1n de ser el primero en cumplir con las Reglas, los requisitos y especificaciones se\u00f1aladas en la TRIVIA en tiempo real durante la transmisi\u00f3n por parte de UVC.<\/li>\n<li><strong> <u>Selecci\u00f3n y Notificaci\u00f3n del Ganador<\/u>. <\/strong>El Ganador ser\u00e1 seleccionado por UVC en funci\u00f3n de su cumplimiento a las Reglas de la Trivia y se notificar\u00e1 a trav\u00e9s de mensaje privado o correo electr\u00f3nico registrado.<br \/>\n<strong>9. <u>Liberaci\u00f3n de Responsabilidad<\/u><\/strong>. UVC no es responsable de cualquier impedimento del Ganador para recibir la notificaci\u00f3n de \u201cGanador\u201d, sin limitaci\u00f3n por mencionar alguna, correo spam, basura, no le\u00eddos o cualquier otra configuraci\u00f3n de seguridad o por errores al momento de brindar su informaci\u00f3n de contacto o por errores de funcionamiento de \u00e9ste o alguna de las plataformas donde se lleve a cabo las Trivias. Si el Ganador no puede ser contactado, ser\u00e1 descalificado, si no reclama el premio dentro de los cinco d\u00edas naturales a partir de que fue enviada la notificaci\u00f3n, o no env\u00eda la declaratoria y autorizaci\u00f3n requerida y completa de manera oportuna, perder\u00e1 su premio y se elegir\u00e1 a un Ganador alternativo conforme lo establezcan las Reglas.<\/li>\n<\/ol>\n<p>La aceptaci\u00f3n del Ganador de cualquiera de los premios ofrecidos en las Trivias est\u00e1 condicionada al cumplimiento de cualquier ley y reglamento federal, estatal y local. CUALQUIER VIOLACI\u00d3N POR PARTE DEL GANADOR A CUALQUIER DE LAS REGLAS CONFORME LO AQU\u00cd DISPUESTO Y A ENTERA DISCRECI\u00d3N DE UVC, CAUSAR\u00c1 LA DESCALIFICACI\u00d3N COMO GANADOR DE LA TRIVIA Y TODOS LOS PRIVILEGIOS COMO GANADOR SER\u00c1N RETIRADOS INMEDIATAMENTE.<\/p>\n<ol start=\"10\">\n<li><strong> <u>Derechos Otorgados por Usted<\/u><\/strong>. Al ingresar este contenido (ejemplo: foto, video, texto, etc.), Usted entiende y acepta que UVC, cualquier individuo que act\u00fae en nombre de UVC y los concesionarios, sucesores y asignados de UVC tendr\u00e1n el derecho, donde la ley lo permita, a imprimir, publicar, transmitir, distribuir y utilizar por cualquier medio conocido hasta ahora o pr\u00f3ximo a desarrollarse, a perpetuidad y en todo el mundo, sin limitantes, su participaci\u00f3n, nombre, retrato, imagen, voz, fotograf\u00eda, declaraciones sobre la TRIVIA y la informaci\u00f3n biogr\u00e1fica para fines informativos, de noticias, publicitarios, mercantiles, relaciones p\u00fablicas y promocionales sin derecho a compensaci\u00f3n, aviso, revisi\u00f3n o autorizaci\u00f3n adicional. Al ingresar este contenido, Usted declara y garantiza que, en caso de ser aplicable, su trabajo u obra es original y de su autor\u00eda, y que no viola los derechos de autor o propiedad intelectual de terceros. Si su participaci\u00f3n infringe la propiedad intelectual de alguien m\u00e1s, UVC podr\u00e1 descalificarlo a su sola discreci\u00f3n. Si el contenido de su participaci\u00f3n es demandado por constituir una infracci\u00f3n a los derechos de propiedad o intelectuales de terceros, Usted deber\u00e1, por sus propios medios, defender o resolver tales reclamaciones, as\u00ed como indemnizar, defender y eximir a UVC de cualquier demanda, procedimiento, reclamo, responsabilidad, p\u00e9rdida, da\u00f1o, costo o gasto en los que UVC pudiera incurrir, sufrir o ser obligado a pagar como resultado de tal infracci\u00f3n o supuesta infracci\u00f3n a los derechos de terceros.<\/li>\n<li><strong> <u>Cancelaciones y Descalificaci\u00f3n<\/u>.<\/strong> UVC se reserva el derecho, a su exclusiva discreci\u00f3n, de cancelar, terminar, modificar o suspender la TRIVIA si alg\u00fan virus, error de programaci\u00f3n, intervenci\u00f3n humana no autorizada, fraude o cualquier otra fuera del control de UVC corrompiera o afectar\u00e1 la administraci\u00f3n, seguridad, imparcialidad o conducta apropiada de la TRIVIA. En dicho caso, UVC podr\u00eda seleccionar al Ganador de entre las participaciones calificadas que se hayan recibido antes a y\/o despu\u00e9s (si se considera oportuno) de las acciones tomadas por UVC.<\/li>\n<\/ol>\n<p>UVC se reserva el derecho, a su exclusiva discreci\u00f3n, de descalificar a cualquier individuo que manipule o intente manipular el proceso de participaci\u00f3n o la operaci\u00f3n de la TRIVIA, canales de redes sociales o el sitio web o que incumpla con estos T\u00e9rminos y Condiciones.<\/p>\n<p>UVC tiene el derecho, a su exclusiva discreci\u00f3n, de mantener la integridad de la TRIVIA, de anular la participaci\u00f3n de Usted y de cualquier usuario por cualquier raz\u00f3n, incluyendo, pero sin limitarse a: m\u00faltiples participaciones del mismo usuario desde diferentes direcciones IP; m\u00faltiples participaciones desde la misma computadora en mayor n\u00famero al permitido por las reglas de la trivia; o el uso de bots, macros, scripts o cualquier otro recurso t\u00e9cnico para participar.<\/p>\n<p>Cualquier intento por parte de Usted u otro participante para da\u00f1ar de manera deliberada alg\u00fan sitio web o perjudicar la operaci\u00f3n legitima de las Trivias puede significar una violaci\u00f3n a las leyes penales y civiles. Si se hace dicho intento, UVC se reserva el derecho de reclamar por da\u00f1os y perjuicios con el m\u00e1ximo alcance permitido por la ley.<\/p>\n<p>El Sistema Inform\u00e1tico de nuestra plataforma de concursos detecta que participantes que utilicen robots y\/o sistemas generadores de correos electr\u00f3nicos para incrementar sus posibilidades. A fin de mantener la equidad del concurso, los participantes que utilicen cualquier m\u00e9todo para manipular el concurso ser\u00e1n autom\u00e1ticamente descalificados.<\/p>\n<ol start=\"12\">\n<li><strong> <u>Limitaci\u00f3n de Responsabilidad<\/u><\/strong>. Con su participaci\u00f3n, Usted acepta a eximir y liberar a UVC y a sus afiliados, subsidiarios, agencias de publicidad y promoci\u00f3n, asociados, representantes, agentes, sucesores, asignados, empleados, oficiales y directores de cualquier responsabilidad, enfermedad, lesi\u00f3n, muerte, p\u00e9rdida, litigio, reclamaci\u00f3n o da\u00f1o que pudiera ocurrirle, de manera directa o indirecta, ya sea por causa de negligencia o no, resultante de: (i) su participaci\u00f3n en las Trivias y\/o su aceptaci\u00f3n, posesi\u00f3n, uso o uso incorrecto de cualquier premio o parte del mismo; (ii) fallas t\u00e9cnicas de cualquier \u00edndole, incluyendo, pero sin limitarse a fallas en el equipo de c\u00f3mputo, cable, red, equipos o programas, o cualquier otro equipo mec\u00e1nico; (iii) la falta de disponibilidad o acceso a transmisiones, tel\u00e9fonos o servicio de internet; (iv) error electr\u00f3nico o humano en la administraci\u00f3n de la promoci\u00f3n o el procesamiento de participaciones.<\/li>\n<li><strong> I<u>mpugnaciones<\/u><\/strong>. Las Trivias se rigen por las leyes de los Estados Unidos de Am\u00e9rica y los Estados Unidos Mexicanos, SIN CONSIDERACI\u00d3N DE LAS DOCTRINAS JUR\u00cdDICAS. Como una condici\u00f3n a su participaci\u00f3n en estas, Usted y los participantes aceptan que cualquier disputa que no pueda ser resuelta entre Usted y UVC y sea causa de acci\u00f3n resultante de o en relaci\u00f3n con Las Trivias, deber\u00e1 ser resuelta de manera individual, sin recurrir a ninguna forma de acci\u00f3n de clase, exclusivamente ante un tribunal competente situada dentro de los Estados Unidos de Am\u00e9rica o los Estados Unidos Mexicanos seg\u00fan corresponda. Adicional a esto, en dicha impugnaci\u00f3n, no se permitir\u00e1 al participante recibir, y por este medio renuncia a todos sus derechos a recibir, bajo toda circunstancia, indemnizaci\u00f3n por da\u00f1os punitivos, incidentales o consecuenciales, incluidos los honorarios de abogados, diferentes a los gastos hechos por el participante (i.e. costos asociados a la participaci\u00f3n en esta Campa\u00f1a). El participante renuncia de manera irrevocable a cualquier derecho para multiplicar o aumentar los da\u00f1os.<\/li>\n<li><strong> <u>Pol\u00edtica de Privacidad<\/u>.<\/strong> informaci\u00f3n ingresada con su participaci\u00f3n est\u00e1 sujeta a la Pol\u00edtica de Privacidad publicada en el sitio web de Unlimited Vacation Club.<\/li>\n<li><strong> <u>Patrocinador<\/u><\/strong>. Unlimited Vacation Club es el Patrocinador y responsable de estas Trivias. Las Trivias est\u00e1n organizadas por Unlimited Vacation Club y en ninguna circunstancia est\u00e1n patrocinadas, respaldadas, administradas o asociadas a Facebook, Instagram o cualquier otra red social.<\/li>\n<li><strong><u>Aceptaci\u00f3n<\/u><\/strong>. Con su participaci\u00f3n en la Trivia, Usted acepta afirmativamente haber revisado, aceptado y estar de acuerdo con todas estos T\u00e9rminos y Condiciones y las Reglas aplicables a la Trivia vigente.<\/li>\n<\/ol>\n<ol start=\"17\">\n<li><strong><u>Legislaci\u00f3n.<\/u><\/strong> Las TRIVIAS est\u00e1n sujetas a la legislaci\u00f3n y competencia establecida en las Reglas de cada una de las Trivias.<\/li>\n<\/ol>\n","protected":false},"excerpt":{"rendered":"<p>T\u00e9rminos y Condiciones aplicables a las Trivias de UVC durante las transmisiones en vivo en Facebook e Instagram (las \u201cRedes Sociales\u201d). \u00a0 NO ES NECESARIO REALIZAR NINGUNA COMPRA PARA PARTICIPAR O GANAR. LAS COMPRAS NO INCREMENTAN LAS OPORTUNIDADES DE GANAR. [&hellip;]<\/p>\n","protected":false},"author":1,"featured_media":0,"parent":0,"menu_order":0,"comment_status":"closed","ping_status":"open","template":"","meta":{"_acf_changed":false,"_seopress_robots_primary_cat":"","_seopress_titles_title":"","_seopress_titles_desc":"","_seopress_robots_index":"yes","jetpack_post_was_ever_published":false,"footnotes":""},"class_list":["post-17138","page","type-page","status-publish"],"acf":[],"jetpack_sharing_enabled":true,"_links":{"self":[{"href":"https:\/\/unlimitedvacationclub.blog\/es\/wp-json\/wp\/v2\/pages\/17138","targetHints":{"allow":["GET"]}}],"collection":[{"href":"https:\/\/unlimitedvacationclub.blog\/es\/wp-json\/wp\/v2\/pages"}],"about":[{"href":"https:\/\/unlimitedvacationclub.blog\/es\/wp-json\/wp\/v2\/types\/page"}],"author":[{"embeddable":true,"href":"https:\/\/unlimitedvacationclub.blog\/es\/wp-json\/wp\/v2\/users\/1"}],"replies":[{"embeddable":true,"href":"https:\/\/unlimitedvacationclub.blog\/es\/wp-json\/wp\/v2\/comments?post=17138"}],"version-history":[{"count":1,"href":"https:\/\/unlimitedvacationclub.blog\/es\/wp-json\/wp\/v2\/pages\/17138\/revisions"}],"predecessor-version":[{"id":32109,"href":"https:\/\/unlimitedvacationclub.blog\/es\/wp-json\/wp\/v2\/pages\/17138\/revisions\/32109"}],"wp:attachment":[{"href":"https:\/\/unlimitedvacationclub.blog\/es\/wp-json\/wp\/v2\/media?parent=17138"}],"curies":[{"name":"wp","href":"https:\/\/api.w.org\/{rel}","templated":true}]}}