{"id":20749,"date":"2021-09-04T10:11:08","date_gmt":"2021-09-04T15:11:08","guid":{"rendered":"https:\/\/unlimitedvacationclub.blog\/?page_id=20749"},"modified":"2026-04-14T17:20:43","modified_gmt":"2026-04-14T22:20:43","slug":"conoce-mas-de-tu-membresia-uvc-y-aprovechala-al-maximo","status":"publish","type":"page","link":"https:\/\/unlimitedvacationclub.blog\/es\/conoce-mas-de-tu-membresia-uvc-y-aprovechala-al-maximo\/","title":{"rendered":"Conoce m\u00e1s de tu membres\u00eda UVC y aprov\u00e9chala al m\u00e1ximo"},"content":{"rendered":"<div class=\"wpb-content-wrapper\"><p>[vc_row][vc_column][vc_column_text css=\u00bb.vc_custom_1776204218280{margin-bottom: 20px !important;}\u00bb]<\/p>\n<h1 style=\"text-align: center;\">Aprovecha al m\u00e1ximo tu membres\u00eda UVC con estos consejos<\/h1>\n<p>[\/vc_column_text][vc_column_text css=\u00bb\u00bb]<\/p>\n<p data-start=\"348\" data-end=\"516\">Con el objetivo de que nuestros socios conozcan mejor los niveles de membres\u00eda de UVC y sus beneficios generales, creamos esta serie pensada para acompa\u00f1arte en cada paso.<\/p>\n<p data-start=\"518\" data-end=\"679\">En esta secci\u00f3n encontrar\u00e1s consejos e informaci\u00f3n \u00fatil para conocer mejor tu membres\u00eda y todo lo que puedes hacer con ella.<\/p>\n<p data-start=\"681\" data-end=\"783\">Mantente al pendiente de nuevos videos y consejos en este blog y en nuestro grupo privado de Facebook.<\/p>\n<p>[\/vc_column_text][vc_empty_space][vc_separator border_width=\u00bb2&#8243; css_animation=\u00bbbounceIn\u00bb][vc_empty_space]<div class=\"mkdf-section-title-holder  mkdf-st-standard mkdf-st-title-left mkdf-st-normal-space \" >\n\t<div class=\"mkdf-st-inner\">\n\t\t\t\t\t<h2 class=\"mkdf-st-title\" >\n\t\t\t\tREG\u00cdSTRATE Y OBT\u00c9N M\u00c1S CON WORLD OF HYATT\t\t\t<\/h2>\n\t\t\t\t\t\t\t<p class=\"mkdf-st-text\" style=\"color: #000000;font-size: 18px;font-weight: 400\">\n\t\t\t\t\u00a1Lleva tus viajes al siguiente nivel! Conecta tu membres\u00eda de Unlimited Vacation Club con World of Hyatt y transforma cada escapada en puntos y beneficios exclusivos. Vincular tu cuenta es el primer paso para disfrutar de recompensas \u00fanicas en cada visita. Haz clic al video para m\u00e1s detalles.\t\t\t<\/p>\n\t\t\t<\/div>\n<\/div>[vc_empty_space][\/vc_column][\/vc_row][vc_row][vc_column width=\u00bb1\/4&#8243;][\/vc_column][vc_column width=\u00bb1\/2&#8243;][vc_raw_html css=\u00bb\u00bb]JTNDaWZyYW1lJTIwc3JjJTNEJTIyaHR0cHMlM0ElMkYlMkZlbWJlZC53YXZlLnZpZGVvJTJGT291UTBodWNDM3Y0OHFEUiUyMiUyMGhlaWdodCUzRCUyMjY0MCUyMiUyMHdpZHRoJTNEJTIyMzYwJTIyJTIwZnJhbWVib3JkZXIlM0QlMjIwJTIyJTIwYWxsb3clM0QlMjJhdXRvcGxheSUzQiUyMGZ1bGxzY3JlZW4lMjIlMjBzY3JvbGxpbmclM0QlMjJubyUyMiUzRSUzQyUyRmlmcmFtZSUzRSUwQQ==[\/vc_raw_html][\/vc_column][vc_column width=\u00bb1\/4&#8243;][\/vc_column][\/vc_row][vc_row][vc_column][vc_empty_space][vc_separator border_width=\u00bb2&#8243; css_animation=\u00bbbounceIn\u00bb][vc_empty_space]<div class=\"mkdf-section-title-holder  mkdf-st-standard mkdf-st-title-left mkdf-st-normal-space \" >\n\t<div class=\"mkdf-st-inner\">\n\t\t\t\t\t<h2 class=\"mkdf-st-title\" >\n\t\t\t\tC\u00d3MO RESERVAR\t\t\t<\/h2>\n\t\t\t\t\t\t\t<p class=\"mkdf-st-text\" style=\"color: #000000;font-size: 18px;font-weight: 400\">\n\t\t\t\t\u00bfListo para planear tus pr\u00f3ximas vacaciones? Mira este video r\u00e1pido para aprender paso a paso c\u00f3mo iniciar sesi\u00f3n y hacer tu reservaci\u00f3n. Es m\u00e1s f\u00e1cil de lo que imaginas.\t\t\t<\/p>\n\t\t\t<\/div>\n<\/div>[vc_empty_space][\/vc_column][\/vc_row][vc_row][vc_column width=\u00bb1\/4&#8243;][\/vc_column][vc_column width=\u00bb1\/2&#8243;][vc_raw_html css=\u00bb\u00bb]JTNDaWZyYW1lJTIwc3JjJTNEJTIyaHR0cHMlM0ElMkYlMkZlbWJlZC53YXZlLnZpZGVvJTJGOWI4TWRXejhqT1g4cjlEQyUyMiUyMGhlaWdodCUzRCUyMjY0MCUyMiUyMHdpZHRoJTNEJTIyMzYwJTIyJTIwZnJhbWVib3JkZXIlM0QlMjIwJTIyJTIwYWxsb3clM0QlMjJhdXRvcGxheSUzQiUyMGZ1bGxzY3JlZW4lMjIlMjBzY3JvbGxpbmclM0QlMjJubyUyMiUzRSUzQyUyRmlmcmFtZSUzRSUwQQ==[\/vc_raw_html][\/vc_column][vc_column width=\u00bb1\/4&#8243;][\/vc_column][\/vc_row][vc_row][vc_column][vc_empty_space][vc_separator border_width=\u00bb2&#8243; css_animation=\u00bbbounceIn\u00bb][vc_empty_space]<div class=\"mkdf-section-title-holder  mkdf-st-standard mkdf-st-title-left mkdf-st-normal-space \" >\n\t<div class=\"mkdf-st-inner\">\n\t\t\t\t\t<h2 class=\"mkdf-st-title\" >\n\t\t\t\tVIAJAR CON NI\u00d1OS\t\t\t<\/h2>\n\t\t\t\t\t\t\t<p class=\"mkdf-st-text\" style=\"color: #000000;font-size: 18px;font-weight: 400\">\n\t\t\t\tPocas cosas se disfrutan tanto como ver a tus hijos divertirse durante unas vacaciones. Aqu\u00ed te compartimos algunos puntos a considerar al viajar con ni\u00f1os en propiedades de Hyatt Inclusive Collection utilizando tu membres\u00eda UVC.<br \/>\nDa clic en el video para conocer m\u00e1s.\t\t\t<\/p>\n\t\t\t<\/div>\n<\/div>[vc_empty_space][\/vc_column][\/vc_row][vc_row][vc_column width=\u00bb1\/4&#8243;][\/vc_column][vc_column width=\u00bb1\/2&#8243;][vc_raw_html css=\u00bb\u00bb]JTNDaWZyYW1lJTIwc3JjJTNEJTIyaHR0cHMlM0ElMkYlMkZlbWJlZC53YXZlLnZpZGVvJTJGcVhCdUhCTDQ4MWg2WGtkYyUyMiUyMGhlaWdodCUzRCUyMjY0MCUyMiUyMHdpZHRoJTNEJTIyMzYwJTIyJTIwZnJhbWVib3JkZXIlM0QlMjIwJTIyJTIwYWxsb3clM0QlMjJhdXRvcGxheSUzQiUyMGZ1bGxzY3JlZW4lMjIlMjBzY3JvbGxpbmclM0QlMjJubyUyMiUzRSUzQyUyRmlmcmFtZSUzRSUwQSUwQQ==[\/vc_raw_html][\/vc_column][vc_column width=\u00bb1\/4&#8243;][\/vc_column][\/vc_row][vc_row][vc_column][vc_empty_space][vc_separator border_width=\u00bb2&#8243; css_animation=\u00bbbounceIn\u00bb][vc_empty_space]<div class=\"mkdf-section-title-holder  mkdf-st-standard mkdf-st-title-left mkdf-st-normal-space \" >\n\t<div class=\"mkdf-st-inner\">\n\t\t\t\t\t<h2 class=\"mkdf-st-title\" >\n\t\t\t\tTRANSPORTACI\u00d3N DESDE EL AEROPUERTO\t\t\t<\/h2>\n\t\t\t\t\t\t\t<p class=\"mkdf-st-text\" style=\"color: #000000;font-size: 18px;font-weight: 400\">\n\t\t\t\tRecuerda que tu membres\u00eda incluye beneficios con #AmstarDMC. \u00bfYa sabes c\u00f3mo reservar tu transporte desde nuestro sitio web? Mira el video para aprender c\u00f3mo hacerlo.\t\t\t<\/p>\n\t\t\t<\/div>\n<\/div>[vc_empty_space][\/vc_column][\/vc_row][vc_row][vc_column width=\u00bb1\/4&#8243;][\/vc_column][vc_column width=\u00bb1\/2&#8243;][vc_raw_html css=\u00bb\u00bb]JTNDaWZyYW1lJTIwc3JjJTNEJTIyaHR0cHMlM0ElMkYlMkZlbWJlZC53YXZlLnZpZGVvJTJGaWZlVUdYaHZjblphdkRIUyUyMiUyMGhlaWdodCUzRCUyMjY0MCUyMiUyMHdpZHRoJTNEJTIyMzYwJTIyJTIwZnJhbWVib3JkZXIlM0QlMjIwJTIyJTIwYWxsb3clM0QlMjJhdXRvcGxheSUzQiUyMGZ1bGxzY3JlZW4lMjIlMjBzY3JvbGxpbmclM0QlMjJubyUyMiUzRSUzQyUyRmlmcmFtZSUzRSUwQQ==[\/vc_raw_html][\/vc_column][vc_column width=\u00bb1\/4&#8243;][\/vc_column][\/vc_row][vc_row][vc_column][vc_empty_space][vc_separator border_width=\u00bb2&#8243; css_animation=\u00bbbounceIn\u00bb][vc_empty_space]<div class=\"mkdf-section-title-holder  mkdf-st-standard mkdf-st-title-left mkdf-st-normal-space \" >\n\t<div class=\"mkdf-st-inner\">\n\t\t\t\t\t<h2 class=\"mkdf-st-title\" >\n\t\t\t\tC\u00d3MO RESERVAR SERVICIOS EXCLUSIVOS\t\t\t<\/h2>\n\t\t\t\t\t\t\t<p class=\"mkdf-st-text\" style=\"color: #000000;font-size: 18px;font-weight: 400\">\n\t\t\t\tDescubre c\u00f3mo reservar transportaci\u00f3n privada y excursiones directamente desde el sitio web de UVC, incluso antes de iniciar tu viaje. Este video paso a paso es ideal para nuevos socios o para quienes desean aprovechar mejor los beneficios adicionales de su membres\u00eda.\t\t\t<\/p>\n\t\t\t<\/div>\n<\/div>[vc_empty_space][\/vc_column][\/vc_row][vc_row][vc_column width=\u00bb1\/4&#8243;][\/vc_column][vc_column width=\u00bb1\/2&#8243;][vc_raw_html css=\u00bb\u00bb]JTNDaWZyYW1lJTIwc3JjJTNEJTIyaHR0cHMlM0ElMkYlMkZlbWJlZC53YXZlLnZpZGVvJTJGSERGWFI4eDk4cnBOWE05eCUyMiUyMGhlaWdodCUzRCUyMjY0MCUyMiUyMHdpZHRoJTNEJTIyMzYwJTIyJTIwZnJhbWVib3JkZXIlM0QlMjIwJTIyJTIwYWxsb3clM0QlMjJhdXRvcGxheSUzQiUyMGZ1bGxzY3JlZW4lMjIlMjBzY3JvbGxpbmclM0QlMjJubyUyMiUzRSUzQyUyRmlmcmFtZSUzRSUwQSUwQQ==[\/vc_raw_html][\/vc_column][vc_column width=\u00bb1\/4&#8243;][\/vc_column][\/vc_row][vc_row][vc_column][vc_empty_space][vc_separator border_width=\u00bb2&#8243; css_animation=\u00bbbounceIn\u00bb][vc_empty_space]<div class=\"mkdf-section-title-holder  mkdf-st-standard mkdf-st-title-left mkdf-st-normal-space \" >\n\t<div class=\"mkdf-st-inner\">\n\t\t\t\t\t<h2 class=\"mkdf-st-title\" >\n\t\t\t\tOFERTAS EXCLUSIVAS Y CONTACTO\t\t\t<\/h2>\n\t\t\t\t\t\t\t<p class=\"mkdf-st-text\" style=\"color: #000000;font-size: 18px;font-weight: 400\">\n\t\t\t\tAprende a navegar en nuestro sitio oficial para acceder a las ofertas exclusivas y encontrar f\u00e1cilmente la secci\u00f3n de contacto.\t\t\t<\/p>\n\t\t\t<\/div>\n<\/div>[vc_empty_space][\/vc_column][\/vc_row][vc_row][vc_column width=\u00bb1\/4&#8243;][\/vc_column][vc_column width=\u00bb1\/2&#8243;][vc_raw_html css=\u00bb\u00bb]JTNDaWZyYW1lJTIwc3JjJTNEJTIyaHR0cHMlM0ElMkYlMkZlbWJlZC53YXZlLnZpZGVvJTJGb21xUENEZTJhd0FObjRLbyUyMiUyMGhlaWdodCUzRCUyMjY0MCUyMiUyMHdpZHRoJTNEJTIyMzYwJTIyJTIwZnJhbWVib3JkZXIlM0QlMjIwJTIyJTIwYWxsb3clM0QlMjJhdXRvcGxheSUzQiUyMGZ1bGxzY3JlZW4lMjIlMjBzY3JvbGxpbmclM0QlMjJubyUyMiUzRSUzQyUyRmlmcmFtZSUzRSUwQQ==[\/vc_raw_html][\/vc_column][vc_column width=\u00bb1\/4&#8243;][\/vc_column][\/vc_row][vc_row][vc_column][vc_empty_space][vc_separator border_width=\u00bb2&#8243; css_animation=\u00bbbounceIn\u00bb][vc_empty_space]<div class=\"mkdf-section-title-holder  mkdf-st-standard mkdf-st-title-left mkdf-st-normal-space \" >\n\t<div class=\"mkdf-st-inner\">\n\t\t\t\t\t<h2 class=\"mkdf-st-title\" >\n\t\t\t\tPRICE MATCH\t\t\t<\/h2>\n\t\t\t\t\t\t\t<p class=\"mkdf-st-text\" style=\"color: #000000;font-size: 18px;font-weight: 400\">\n\t\t\t\t\u00bfQuieres obtener la mejor tarifa en tu pr\u00f3xima estancia? Conoce c\u00f3mo aprovechar nuestro beneficio de Price Match junto con tu 25% de descuento por membres\u00eda.<br \/>\nMira el video para m\u00e1s detalles.\t\t\t<\/p>\n\t\t\t<\/div>\n<\/div>[vc_empty_space][\/vc_column][\/vc_row][vc_row][vc_column width=\u00bb1\/4&#8243;][\/vc_column][vc_column width=\u00bb1\/2&#8243;][vc_raw_html css=\u00bb\u00bb]JTNDaWZyYW1lJTIwc3JjJTNEJTIyaHR0cHMlM0ElMkYlMkZlbWJlZC53YXZlLnZpZGVvJTJGVTRZM0VsYjc0ZlBrOVY5YiUyMiUyMGhlaWdodCUzRCUyMjY0MCUyMiUyMHdpZHRoJTNEJTIyMzYwJTIyJTIwZnJhbWVib3JkZXIlM0QlMjIwJTIyJTIwYWxsb3clM0QlMjJhdXRvcGxheSUzQiUyMGZ1bGxzY3JlZW4lMjIlMjBzY3JvbGxpbmclM0QlMjJubyUyMiUzRSUzQyUyRmlmcmFtZSUzRSUwQSUwQQ==[\/vc_raw_html][\/vc_column][vc_column width=\u00bb1\/4&#8243;][\/vc_column][\/vc_row][vc_row][vc_column][vc_empty_space][vc_separator border_width=\u00bb2&#8243; css_animation=\u00bbbounceIn\u00bb][vc_empty_space]<div class=\"mkdf-section-title-holder  mkdf-st-standard mkdf-st-title-left mkdf-st-normal-space \" >\n\t<div class=\"mkdf-st-inner\">\n\t\t\t\t\t<h2 class=\"mkdf-st-title\" >\n\t\t\t\tRESERVAS EN L\u00cdNEA\t\t\t<\/h2>\n\t\t\t\t\t\t\t<p class=\"mkdf-st-text\" style=\"color: #000000;font-size: 18px;font-weight: 400\">\n\t\t\t\tReserva tus pr\u00f3ximas vacaciones con solo unos clics y a las mejores tarifas de Unlimited Vacation Club. Nuestro sitio web te permite gestionar tu viaje de forma sencilla y r\u00e1pida.<br \/>\nSi necesitas ayuda para navegar el portal o acceder a tu cuenta, puedes contactarnos a trav\u00e9s de nuestras redes sociales o call center. Descubre c\u00f3mo vivir vacaciones sin l\u00edmites con nosotros.\t\t\t<\/p>\n\t\t\t<\/div>\n<\/div>[vc_empty_space][\/vc_column][\/vc_row][vc_row][vc_column width=\u00bb1\/4&#8243;][\/vc_column][vc_column width=\u00bb1\/2&#8243;][vc_raw_html css=\u00bb\u00bb]JTNDaWZyYW1lJTIwc3JjJTNEJTIyaHR0cHMlM0ElMkYlMkZlbWJlZC53YXZlLnZpZGVvJTJGV0xrNHNnUVZJNmh3Rk8zNSUyMiUyMGhlaWdodCUzRCUyMjY5MyUyMiUyMHdpZHRoJTNEJTIyMzYwJTIyJTIwZnJhbWVib3JkZXIlM0QlMjIwJTIyJTIwYWxsb3clM0QlMjJhdXRvcGxheSUzQiUyMGZ1bGxzY3JlZW4lMjIlMjBzY3JvbGxpbmclM0QlMjJubyUyMiUzRSUzQyUyRmlmcmFtZSUzRSUwQSUwQQ==[\/vc_raw_html][\/vc_column][vc_column width=\u00bb1\/4&#8243;][\/vc_column][\/vc_row][vc_row][vc_column][vc_empty_space][vc_separator border_width=\u00bb2&#8243; css_animation=\u00bbbounceIn\u00bb][vc_empty_space]<div class=\"mkdf-section-title-holder  mkdf-st-standard mkdf-st-title-left mkdf-st-normal-space \" >\n\t<div class=\"mkdf-st-inner\">\n\t\t\t\t\t<h2 class=\"mkdf-st-title\" >\n\t\t\t\tNOCHES PREMIER\t\t\t<\/h2>\n\t\t\t\t\t\t\t<p class=\"mkdf-st-text\" style=\"color: #000000;font-size: 18px;font-weight: 400\">\n\t\t\t\tSin duda, las #PremierNights son uno de los beneficios m\u00e1s destacados para nuestros socios UVC. Con este video aprender\u00e1s a aprovecharlas al m\u00e1ximo y disfrutar a\u00fan m\u00e1s tus estancias.<br \/>\n\t\t\t<\/p>\n\t\t\t<\/div>\n<\/div>[vc_empty_space][\/vc_column][\/vc_row][vc_row][vc_column width=\u00bb1\/4&#8243;][\/vc_column][vc_column width=\u00bb1\/2&#8243;][vc_raw_html css=\u00bb\u00bb]JTNDaWZyYW1lJTIwc3JjJTNEJTIyaHR0cHMlM0ElMkYlMkZlbWJlZC53YXZlLnZpZGVvJTJGdkVuM3d3QmxHcGloZ2ZkdSUyMiUyMGhlaWdodCUzRCUyMjYzOSUyMiUyMHdpZHRoJTNEJTIyMzYwJTIyJTIwZnJhbWVib3JkZXIlM0QlMjIwJTIyJTIwYWxsb3clM0QlMjJhdXRvcGxheSUzQiUyMGZ1bGxzY3JlZW4lMjIlMjBzY3JvbGxpbmclM0QlMjJubyUyMiUzRSUzQyUyRmlmcmFtZSUzRSUwQSUwQQ==[\/vc_raw_html][\/vc_column][vc_column width=\u00bb1\/4&#8243;][\/vc_column][\/vc_row][vc_row][vc_column][vc_empty_space][vc_separator border_width=\u00bb2&#8243; css_animation=\u00bbbounceIn\u00bb][vc_empty_space]<div class=\"mkdf-section-title-holder  mkdf-st-standard mkdf-st-title-left mkdf-st-normal-space \" >\n\t<div class=\"mkdf-st-inner\">\n\t\t\t\t\t<h2 class=\"mkdf-st-title\" >\n\t\t\t\tTARJETA DIGITAL UVC\t\t\t<\/h2>\n\t\t\t\t\t\t\t<p class=\"mkdf-st-text\" style=\"color: #000000;font-size: 18px;font-weight: 400\">\n\t\t\t\tAprende c\u00f3mo iniciar sesi\u00f3n, acceder a tu e-membership y agregar tu tarjeta digital UVC a Apple Wallet o Google Wallet, paso a paso.<br \/>\nHaz clic en el video para m\u00e1s informaci\u00f3n.\t\t\t<\/p>\n\t\t\t<\/div>\n<\/div>[vc_empty_space][\/vc_column][\/vc_row][vc_row][vc_column width=\u00bb1\/4&#8243;][\/vc_column][vc_column width=\u00bb1\/2&#8243;][vc_raw_html css=\u00bb\u00bb]JTNDaWZyYW1lJTIwc3JjJTNEJTIyaHR0cHMlM0ElMkYlMkZlbWJlZC53YXZlLnZpZGVvJTJGalJObWlBYmtMU0V5TG9YdiUyMiUyMGhlaWdodCUzRCUyMjY5MyUyMiUyMHdpZHRoJTNEJTIyMzYwJTIyJTIwZnJhbWVib3JkZXIlM0QlMjIwJTIyJTIwYWxsb3clM0QlMjJhdXRvcGxheSUzQiUyMGZ1bGxzY3JlZW4lMjIlMjBzY3JvbGxpbmclM0QlMjJubyUyMiUzRSUzQyUyRmlmcmFtZSUzRSUwQQ==[\/vc_raw_html][\/vc_column][vc_column width=\u00bb1\/4&#8243;][\/vc_column][\/vc_row]<\/p>\n<\/div>","protected":false},"excerpt":{"rendered":"<p>[vc_row][vc_column][vc_column_text css=\u00bb.vc_custom_1776204218280{margin-bottom: 20px !important;}\u00bb] Aprovecha al m\u00e1ximo tu membres\u00eda UVC con estos consejos [\/vc_column_text][vc_column_text css=\u00bb\u00bb] Con el objetivo de que nuestros socios conozcan mejor los niveles de membres\u00eda de UVC y sus beneficios generales, creamos esta serie pensada para acompa\u00f1arte [&hellip;]<\/p>\n","protected":false},"author":1,"featured_media":0,"parent":0,"menu_order":0,"comment_status":"closed","ping_status":"closed","template":"","meta":{"_acf_changed":false,"_seopress_robots_primary_cat":"","_seopress_titles_title":"\u00a1Conoce los trucos de UVC! - Unlimited Vacation Club","_seopress_titles_desc":"Aprende a sacarle ventaja a los beneficios de nuestros niveles de membres\u00ed\u00adas de UVC con los #UVCHacks. \u00a1Lee la publicaci\u00f3n para saber m\u00e1s!","_seopress_robots_index":"","jetpack_post_was_ever_published":false,"footnotes":""},"class_list":["post-20749","page","type-page","status-publish"],"acf":[],"jetpack_sharing_enabled":true,"_links":{"self":[{"href":"https:\/\/unlimitedvacationclub.blog\/es\/wp-json\/wp\/v2\/pages\/20749","targetHints":{"allow":["GET"]}}],"collection":[{"href":"https:\/\/unlimitedvacationclub.blog\/es\/wp-json\/wp\/v2\/pages"}],"about":[{"href":"https:\/\/unlimitedvacationclub.blog\/es\/wp-json\/wp\/v2\/types\/page"}],"author":[{"embeddable":true,"href":"https:\/\/unlimitedvacationclub.blog\/es\/wp-json\/wp\/v2\/users\/1"}],"replies":[{"embeddable":true,"href":"https:\/\/unlimitedvacationclub.blog\/es\/wp-json\/wp\/v2\/comments?post=20749"}],"version-history":[{"count":3,"href":"https:\/\/unlimitedvacationclub.blog\/es\/wp-json\/wp\/v2\/pages\/20749\/revisions"}],"predecessor-version":[{"id":34953,"href":"https:\/\/unlimitedvacationclub.blog\/es\/wp-json\/wp\/v2\/pages\/20749\/revisions\/34953"}],"wp:attachment":[{"href":"https:\/\/unlimitedvacationclub.blog\/es\/wp-json\/wp\/v2\/media?parent=20749"}],"curies":[{"name":"wp","href":"https:\/\/api.w.org\/{rel}","templated":true}]}}