{"id":27927,"date":"2023-04-02T11:03:11","date_gmt":"2023-04-02T16:03:11","guid":{"rendered":"https:\/\/unlimitedvacationclub.blog\/?page_id=27927"},"modified":"2025-03-10T17:16:07","modified_gmt":"2025-03-10T22:16:07","slug":"terminos-y-condiciones-aplicables-al-juego-online-member-madness","status":"publish","type":"page","link":"https:\/\/unlimitedvacationclub.blog\/es\/terminos-y-condiciones-aplicables-al-juego-online-member-madness\/","title":{"rendered":"T\u00e9rminos y Condiciones aplicables al juego online MEMBER MADNESS de UVC"},"content":{"rendered":"<p><strong>T\u00e9rminos y Condiciones aplicables a CONCURSOS de UVC publicados en Facebook, Instagram, el Blog de UVC, Twitter y TikTok (las \u201c<u>Redes Sociales<\/u>\u201d).<\/strong><\/p>\n<p>&nbsp;<\/p>\n<p>Reglas de la Activaci\u00f3n \/ Concurso \/ Promoci\u00f3n:<\/p>\n<p>NO ES NECESARIO REALIZAR NINGUNA COMPRA PARA PARTICIPAR O GANAR. LAS COMPRAS NO INCREMENTAN LAS OPORTUNIDADES DE GANAR.<\/p>\n<ol>\n<li><strong> Admisio\u0301n: <\/strong>Esta Campan\u0303a esta\u0301 abierta para quienes se registren en el sitio\u00a0<a href=\"https:\/\/uvc.wishpondpages.com\/uvc-member-madness-2023\/\">https:\/\/uvc.wishpondpages.com\/uvc-member-madness-2023\/<\/a>\u00a0sean mayores de 18 an\u0303os a la fecha de inscripcio\u0301n y no hayan ganado ningu\u0301n concurso anteriormente. El premio del primer lugar de todos los concursos UVC es exclusivo solamente para los que sean ganadores por primera vez con nu\u0301mero de socio UVC distinto en el \u00faltimo a\u00f1o desde el lanzamiento de este concurso (Marzo 2022 a Marzo 2023). Todos los otros premios pueden ser ganados por ganadores pasados. U\u0301nicamente los Socios de Unlimited Vacation Club podra\u0301n participar en la Campan\u0303a (se solicitara\u0301 verificacio\u0301n con el nu\u0301mero de membresi\u0301a). La Campan\u0303a es nula en donde lo prohi\u0301ba la ley. Los empleados de Unlimited Vacation Club, sus afiliados, subsidiarios, agencias de publicidad y promocio\u0301n, y sus proveedores (llamados en conjunto los \u201cEmpleados\u201d) y sus familiares directos y\/o quienes compartan el mismo domicilio con los empleados no sera\u0301n elegibles para participar en esta Campan\u0303a. La Campan\u0303a esta\u0301 sujeta a todas las leyes y normas federales, estatales y locales.<\/li>\n<li><strong> Aceptacio\u0301n del Reglamento: <\/strong>Con su participacio\u0301n, el \u201cConcursante\u201d (\u201cUsted\u201d) acepta estar obligado de manera incondicional por estas Reglas, y Usted declara y garantiza que Usted cumple con todos los requisitos de admisio\u0301n. Adema\u0301s, Usted esta\u0301 de acuerdo en aceptar las decisiones tomadas por Unlimited Vacation Club como definitivas y vinculantes en lo que refiere al contenido de esta Campan\u0303a.<\/li>\n<li><strong> Vigencia de la Campan\u0303a: <\/strong>Se aceptara\u0301n las participaciones en li\u0301nea del d\u00eda 12 de marzo al 103 de abril de 2023.<\/li>\n<li><strong> Meca\u0301nica de Participacio\u0301n: <\/strong>Para participar en la Campan\u0303a de MEMBER MADNESS se debera\u0301 completar el formato en li\u0301nea que se encuentra en <a href=\"https:\/\/uvc.wishpondpages.com\/uvc-member-madness-2023\/\">https:\/\/uvc.wishpondpages.com\/uvc-member-madness-2023\/<\/a>. Se deben de cumplir todos los requisitos de participacio\u0301n de la Campan\u0303a, tal como especifica, para calificar para a obtencio\u0301n de un premio. El objetivo de MEMBER MADNESS es seleccionar en la Fase 1 los 3 TOP RESORTS que tienen las PISCINAS FAVORITAS de los socios UVC. Las siguientes fases llevadas acabo en\u00a0 <a href=\"https:\/\/a.cstmapp.com\/p\/951701\">https:\/\/a.cstmapp.com\/p\/951701<\/a>\u00a0consisten en votar en los t\u00e9rminos y fechas anunciadas por el resort con la piscina favorita en enfrentamientos cara.a cara entre hoteles <strong>hasta llegar a los 2 FINALISTAS del 31 de marzo al 3 de abril.<\/strong>\u00a0Las participaciones incompletas o que no cumplan con las reglas o especificaciones podra\u0301n ser descalificadas a criterio exclusivo de Unlimited Vacation Club. En MEMBER MADNESS no puede ganar el mismo participante que haya sido ganador de alg\u00fan premio durante el \u00faltimo a\u00f1o . Es necesario presentar toda la informacio\u0301n solicitada. No puede tener un mayor nu\u0301mero de participaciones a la indicada utilizando direcciones de correo electro\u0301nico, identidades o dispositivos mu\u0301ltiples a fin de eludir las reglas, su participacio\u0301n podra\u0301 ser descalificada si asi\u0301 lo decidiera Unlimited Vacation Club.<\/li>\n<li><strong> Premios: <\/strong>El ganador\u00a0de la Campan\u0303a (el \u201cGanador\u201d) recibira\u0301 un certificado de 2 Noches TODO INCLUIDO para 2 personas para usar en uno de los 2 resorts UVC\u00a0 finalistas del juego..El valor real\/estimado puede variar al momento de la entrega del premio. Las caracteri\u0301sticas especi\u0301ficas del premio sera\u0301n determinadas por Unlimited Vacation Club u\u0301nicamente. No se permite el canje por dinero en efectivo. El premio no es transferible. Cualquiera de los gastos relacionados con el premio, incluyendo, pero sin limitarse a, cualquier impuesto federal, estatal y\/o local, sera\u0301 responsabilidad exclusiva del Ganador. No se permite la sustitucio\u0301n del premio o la transferencia\/asignacio\u0301n del premio a terceros o solicitud por parte del Ganador a recibir su premio en efectivo. La aceptacio\u0301n del premio constituye la autorizacio\u0301n expresa para que Unlimited Vacation Club pueda usar el nombre y la imagen del Ganador, y su participacio\u0301n para fines publicitarios y comerciales sin derecho a pago de compensaciones, a menos de que sea legalmente prohibido.<\/li>\n<li><strong> Probabilidades: <\/strong>Las probabilidades de ganar en MEMBER MADNESS dependen de. CRITERIO DE DESEMPATES: Haber escogido en su terna inicial, los 2 resorts finalistas, si existen empates, el siguiente criterio es haber escogido uno de los 2 resorts semifinalistas (3er y 4to lugar) y como \u00faltimo criterio el no haber sido ganador en el \u00faltimo a\u00f1o de un premio similar o noches gratis de marzo 2022 a marzo 2023 en los juegos de U Play o Trivia Online.<\/li>\n<li><strong> Seleccio\u0301n del Ganador y Notificacio\u0301n: <\/strong>Participa del 12 de marzo al 3 de abril de 2023. Los ganadores sera\u0301n seleccionado por el equipo de redes sociales en funcio\u0301n de su cumplimiento con la intencio\u0301n general del concurso y se anunciara\u0301n el d\u00eda siguiente h\u00e1bil de finalizaci\u00f3n del mismo en nuestro grupo oficial de Facebook. Si el Ganador no puede ser contactado, esta\u0301 descalificado, no reclama el premio dentro de los 10 di\u0301as h\u00e1biles a partir de que fue enviada la notificacio\u0301n, o no envi\u0301a la declaratoria y autorizacio\u0301n requerida ejecutada y completa de manera oportuna ejecutada, perdera\u0301 su premio y se elegira\u0301 a un Ganador alternativo. La aceptacio\u0301n del Ganador de cualquiera de los premios ofrecidos en esta Campan\u0303a esta\u0301 condicionada al cumplimiento de cualquier ley y reglamento federal, estatal y local. CUALQUIER VIOLACIO\u0301N POR PARTE DEL GANADOR A CUALQUIER DE de Unlimited Vacation Club) CAUSARA\u0301 LA DESCALIFICACIO\u0301N COMO GANADOR DE LA CAMPAN\u0303A Y TODOS LOS PRIVILEGIOS COMO GANADOR SERA\u0301N RETIRADOS INMEDIATAMENTE.\u00a0EMPATES NO PERMITIDOS. El sistema selecciona por criterios como tiempo, puntaje o resultados de diferentes fases al ganador principal.<\/li>\n<li><strong> Derechos Otorgados por Usted: <\/strong>Al ingresar este contenido (ejemplo: foto, video, texto, etc.), Usted entiende y acepta que Unlimited Vacation Club, cualquier individuo que actu\u0301e en nombre de Unlimited Vacation Club y los concesionarios, sucesores y asignados de Unlimited Vacation Club tendra\u0301n el derecho, donde la ley lo permita, a imprimir, publicar, transmitir, distribuir y utilizar por cualquier medio conocido hasta ahora o pro\u0301ximo a desarrollarse, a perpetuidad y en todo el Mundo, sin limitantes, su participacio\u0301n, nombre, retrato, imagen, voz, fotografi\u0301a, declaraciones sobre la Campan\u0303a y la informacio\u0301n biogra\u0301fica para fines informativos, de noticias, publicitarios, mercantiles, relaciones pu\u0301blicas y promocionales. Sin derecho a compensacio\u0301n, aviso, revisio\u0301n o autorizacio\u0301n adicional. Al ingresar este contenido, Usted declara y garantiza que es un trabajo original de su autori\u0301a, y que no viola los derechos de autor o propiedad intelectual de terceros. Si su participacio\u0301n infringe la propiedad intelectual de alguien ma\u0301s, Unlimited Vacation Club podra\u0301 descalificarlo a su sola discrecio\u0301n. Si el contenido de su participacio\u0301n es demandado por constituir una infraccio\u0301n a los derechos de propiedad o intelectuales de terceros, Usted debera\u0301, por sus propios medios, defender o resolver tales reclamaciones. Usted debera\u0301 indemnizar, defender y eximir a Unlimited Vacation Club de cualquier demanda, procedimiento, reclamo, responsabilidad, pe\u0301rdida, dan\u0303o, costo o gasto en los que Unlimited Vacation Club pudiera incurrir, sufrir o ser obligado a pagar como resultado de tal infraccio\u0301n o supuesta infraccio\u0301n a los derechos de terceros.<\/li>\n<li><strong> Te\u0301rminos y Condiciones: <\/strong>Unlimited Vacation Club se reserve el derecho, a su exclusiva discrecio\u0301n, de cancelar, terminar, modificar o suspender la Campan\u0303a si algu\u0301n virus, error de programacio\u0301n, intervencio\u0301n humana no autorizada, fraude o cualquier otra fuera del control de Unlimited Vacation Club corrompiera o afectara\u0301 la administracio\u0301n, seguridad, imparcialidad o conducta apropiada de la Campan\u0303a. En dicho caso, Unlimited Vacation Club podri\u0301a seleccionar al Ganador de entre las participaciones calificadas que se hayan recibido antes a y\/o despue\u0301s (si se considera oportuno) de las acciones tomadas por Unlimited Vacation Club. Unlimited Vacation Club se reserva el derecho, a su exclusiva discrecio\u0301n, de descalificar a cualquier individuo que manipule o intente manipular el proceso de participacio\u0301n o la operacio\u0301n de la Campan\u0303a o el sitio web o que incumpla con estos Te\u0301rminos y Condiciones. Unlimited Vacation Club tien el derecho, a su exclusiva discrecio\u0301n, de mantener la integridad de la Campan\u0303a, de anular votos por cualquier razo\u0301n, incluyendo, pero sin limitarse a: mu\u0301ltiples participaciones del mismo usuario desde diferentes direcciones IP; mu\u0301ltiples participaciones desde la misma computadora en mayor nu\u0301mero al permitido por las reglas de la Campan\u0303a; o el uso de bots, macros, scripts o cualquier otro recurso te\u0301cnico para participar. Cualquier intento por parte de un participante para dan\u0303ar de manera deliberada algu\u0301n sitio web o perjudicar la operacio\u0301n legitima de la Campan\u0303a puede significar una violacio\u0301n a las leyes penales y civiles. Si se hace dicho intento, Unlimited Vacation Club se reserva el derecho de reclamar por dan\u0303os y perjuicios con el ma\u0301ximo alcance permitido por la ley.<\/li>\n<li><strong> Limitacio\u0301n de Responsabilidad: <\/strong>Con su participacio\u0301n, Usted acepta a eximir y liberar a Unlimited Vacation Club y a sus afiliados, subsidiarios, agencias de publicidad y promocio\u0301n, asociados, representantes, agentes, sucesores, asignados, empleados, oficiales y directores de cualquier responsabilidad, enfermedad, lesio\u0301n, muerte, pe\u0301rdida, litigio, reclamacio\u0301n o dan\u0303o que pudiera ocurrirle, de manera directa o indirecta, ya sea por causa de negligencia o no, resultante de: (i) su participacio\u0301n en la Campan\u0303a y\/o su aceptacio\u0301n, posesio\u0301n, uso o uso incorrecto de cualquier premio o parte del mismo; (ii) fallas te\u0301cnicas de cualquier i\u0301ndole, incluyendo, pero sin limitarse a fallas en el equipo de co\u0301mputo, cable, red, equipos o programas, o cualquier otro equipo meca\u0301nico; (iii) la falta de disponibilidad o acceso a transmisiones, tele\u0301fonos o servicio de internet; (iv) error electro\u0301nico o humano en la administracio\u0301n de la Promocio\u0301n o el procesamiento de participaciones.<\/li>\n<li><strong> Impugnaciones: <\/strong>ESTA Campan\u0303a SE RIGE POR LAS LEYES de Estados Unidos de Norteame\u0301rica y Me\u0301xico SIN CONSIDERACIO\u0301N DE LAS DOCTRINAS JURI\u0301DICAS. Como una condicio\u0301n a su participacio\u0301n en esta Campan\u0303a, el participante acepta que cualquier disputa que no pueda ser resuelta entre las partes y sea causa de accio\u0301n resultante de o en relacio\u0301n con esta Campan\u0303a, debera\u0301 ser resuelta de manera individual, sin recurrir a ninguna forma de accio\u0301n de clase, exclusivamente ante un tribunal competente situada dentro de los Estados Unidos de Norteame\u0301rica que tenga jurisdiccio\u0301n. Adicional a esto, en dicha impugnacio\u0301n, no se permitira\u0301 al participante recibir, y por este medio renuncia a todos sus derechos a recibir, bajo ninguna circunstancia, indemnizacio\u0301n por dan\u0303os punitivos, incidentales o consecuenciales, incluidos los honorarios de abogados, diferentes a los gastos hechos por el participante (i.e. costos asociados a la participacio\u0301n en esta Campan\u0303a). El participante renuncia de manera irrevocable a cualquier derecho para multiplicar o aumentar los dan\u0303os.<\/li>\n<li><strong> Poli\u0301tica de Privacidad<\/strong>: informacio\u0301n ingresada con su participacio\u0301n esta\u0301 sujeta a la Poli\u0301tica de Privacidad publicada en el sitio web de Unlimited Vacation Club.<\/li>\n<li><strong> Patrocinador: <\/strong>Unlimited Vacation Club es el patrocinador de esta Campan\u0303a.<\/li>\n<li>Esta Campan\u0303a esta\u0301 organizada por Unlimited Vacation Club y bajo ninguna circunstancia esta\u0301 patrocinada, respaldada, administrada o asociada a Facebook.<\/li>\n<li>Con su participacio\u0301n en el concurso, Usted, el Participante, acepta afirmativamente haber revisado, aceptado y estar de acuerdo con todas la Reglas Oficiales y el Reglamento.<\/li>\n<li>El Sistema Informa\u0301tico de nuestra plataforma de concursos detecta que participantes que utilicen robots y\/o sistemas generadores de correos electro\u0301nicos para incrementar sus puntos. A fin de mantener la equidad del concurso, los participantes que utilicen cualquier me\u0301todo para manipular el concurso sera\u0301n automa\u0301ticamente descalificados.<\/li>\n<\/ol>\n","protected":false},"excerpt":{"rendered":"<p>T\u00e9rminos y Condiciones aplicables a CONCURSOS de UVC publicados en Facebook, Instagram, el Blog de UVC, Twitter y TikTok (las \u201cRedes Sociales\u201d). &nbsp; Reglas de la Activaci\u00f3n \/ Concurso \/ Promoci\u00f3n: NO ES NECESARIO REALIZAR NINGUNA COMPRA PARA PARTICIPAR O [&hellip;]<\/p>\n","protected":false},"author":1,"featured_media":0,"parent":0,"menu_order":0,"comment_status":"closed","ping_status":"open","template":"","meta":{"_acf_changed":false,"_seopress_robots_primary_cat":"","_seopress_titles_title":"","_seopress_titles_desc":"","_seopress_robots_index":"yes","jetpack_post_was_ever_published":false,"footnotes":""},"class_list":["post-27927","page","type-page","status-publish"],"acf":[],"jetpack_sharing_enabled":true,"_links":{"self":[{"href":"https:\/\/unlimitedvacationclub.blog\/es\/wp-json\/wp\/v2\/pages\/27927","targetHints":{"allow":["GET"]}}],"collection":[{"href":"https:\/\/unlimitedvacationclub.blog\/es\/wp-json\/wp\/v2\/pages"}],"about":[{"href":"https:\/\/unlimitedvacationclub.blog\/es\/wp-json\/wp\/v2\/types\/page"}],"author":[{"embeddable":true,"href":"https:\/\/unlimitedvacationclub.blog\/es\/wp-json\/wp\/v2\/users\/1"}],"replies":[{"embeddable":true,"href":"https:\/\/unlimitedvacationclub.blog\/es\/wp-json\/wp\/v2\/comments?post=27927"}],"version-history":[{"count":1,"href":"https:\/\/unlimitedvacationclub.blog\/es\/wp-json\/wp\/v2\/pages\/27927\/revisions"}],"predecessor-version":[{"id":32380,"href":"https:\/\/unlimitedvacationclub.blog\/es\/wp-json\/wp\/v2\/pages\/27927\/revisions\/32380"}],"wp:attachment":[{"href":"https:\/\/unlimitedvacationclub.blog\/es\/wp-json\/wp\/v2\/media?parent=27927"}],"curies":[{"name":"wp","href":"https:\/\/api.w.org\/{rel}","templated":true}]}}