{"id":33099,"date":"2024-04-24T16:19:06","date_gmt":"2024-04-24T21:19:06","guid":{"rendered":"https:\/\/unlimitedvacationclub.blog\/5-benefits-of-celebrating-special-occasions-with-unlimited-vacation-club\/"},"modified":"2025-07-16T15:09:07","modified_gmt":"2025-07-16T20:09:07","slug":"5-beneficios-de-celebrar-ocasiones-especiales-con-unlimited-vacation-club","status":"publish","type":"page","link":"https:\/\/unlimitedvacationclub.blog\/es\/5-beneficios-de-celebrar-ocasiones-especiales-con-unlimited-vacation-club\/","title":{"rendered":"5 beneficios de celebrar ocasiones especiales con Unlimited Vacation Club"},"content":{"rendered":"<div class=\"wpb-content-wrapper\"><p>[vc_row][vc_column][vc_single_image image=\u00bb29486&#8243; img_size=\u00bbfull\u00bb alignment=\u00bbcenter\u00bb][vc_column_text css=\u00bb\u00bb]<\/p>\n<h1 style=\"text-align: center;\">5 beneficios de celebrar ocasiones especiales con Unlimited Vacation Club<\/h1>\n<p>[\/vc_column_text][vc_column_text css=\u00bb\u00bb]Como socio de Unlimited Vacation Club (UVC), disfrutar\u00e1s de numerosos beneficios al celebrar ocasiones especiales. Ya sea una boda, cumplea\u00f1os, aniversario o luna de miel, pertenecer a nuestros niveles de membres\u00eda UVC significa que t\u00fa y tus seres queridos pueden vivir momentos inolvidables con ventajas exclusivas.<\/p>\n<p>Descubre c\u00f3mo <a href=\"https:\/\/unlimitedvacationclub.blog\/es\/nuestros-socios-opinan\/\">nuestras rese\u00f1as de Unlimited Vacation Club<\/a> ilustran los maravillosos recuerdos que nuestros socios han experimentado con nosotros.[\/vc_column_text][vc_column_text css=\u00bb\u00bb]<\/p>\n<h2>1. Tarifas preferenciales en alojamiento con todos los niveles de membres\u00eda UVC<\/h2>\n<p>[\/vc_column_text][vc_single_image image=\u00bb29488&#8243; img_size=\u00bbfull\u00bb alignment=\u00bbcenter\u00bb][vc_column_text css=\u00bb\u00bb]Una de las ventajas m\u00e1s tentadoras son los descuentos en alojamiento para todos los invitados. Imagina poder invitar a tus amigos y familiares m\u00e1s cercanos a tu boda o cumplea\u00f1os, sin preocuparte por exceder el presupuesto.<\/p>\n<p>Con nuestros niveles de membres\u00eda UVC, puedes disfrutar de tarifas preferenciales en alojamientos, facilitando la creaci\u00f3n de recuerdos duraderos con tus seres queridos.[\/vc_column_text][vc_column_text css=\u00bb\u00bb]<\/p>\n<h2>2. Tarifas preferenciales en preparaci\u00f3n nupcial<\/h2>\n<p>[\/vc_column_text][vc_single_image image=\u00bb29490&#8243; img_size=\u00bbfull\u00bb alignment=\u00bbcenter\u00bb][vc_column_text css=\u00bb\u00bb]Otro beneficio fant\u00e1stico de ser socio de Unlimited Vacation Club son las tarifas preferenciales en la preparaci\u00f3n nupcial.<\/p>\n<p>Planificar una boda puede ser una experiencia estresante, pero con UVC, puedes aprovechar tarifas especiales para la preparaci\u00f3n de la novia.<\/p>\n<p>Consiente a ti misma en el spa antes del gran d\u00eda y aseg\u00farate de lucir y sentirte lo mejor posible en la Suite Nupcial de Dreams Playa Bonita Panam\u00e1 (sujeto a disponibilidad).<\/p>\n<p>Desde peinados y maquillaje hasta tratamientos de spa, los socios de UVC pueden disfrutar de tarifas especiales que har\u00e1n que tu d\u00eda de boda sea a\u00fan m\u00e1s especial.[\/vc_column_text][vc_column_text css=\u00bb\u00bb]<\/p>\n<h2>3. Escapadas de fin de semana para parejas: tarifas especiales en cenas privadas de aniversario<\/h2>\n<p>[\/vc_column_text][vc_single_image image=\u00bb29492&#8243; img_size=\u00bbfull\u00bb alignment=\u00bbcenter\u00bb][vc_column_text css=\u00bb\u00bb]Para aquellos que celebran aniversarios y buscan escapadas de fin de semana en pareja, Unlimited Vacation Club ofrece tarifas preferenciales en cenas privadas de aniversario. \u00bfQu\u00e9 mejor manera de conmemorar esta ocasi\u00f3n especial que con una cena rom\u00e1ntica para dos?<\/p>\n<p>Ya sea que prefieras una cena a la luz de las velas en la playa en Secrets St. James Montego Bay o una experiencia \u00edntima en un restaurante en Secrets Papagayo Costa Rica, con nuestros niveles de membres\u00eda UVC puedes disfrutar de tarifas especiales en cenas privadas de aniversario.<\/p>\n<p>Celebra tu amor y crea recuerdos que durar\u00e1n toda la vida mientras brindas por otro a\u00f1o juntos.[\/vc_column_text][vc_column_text css=\u00bb\u00bb]<\/p>\n<h2>4. Mejoras y amenidades preferenciales para reci\u00e9n casados<\/h2>\n<p>[\/vc_column_text][vc_single_image image=\u00bb29494&#8243; img_size=\u00bbfull\u00bb alignment=\u00bbcenter\u00bb][vc_column_text css=\u00bb\u00bb]Los reci\u00e9n casados tambi\u00e9n cosechan los beneficios de ser parte de Unlimited Vacation Club.<\/p>\n<p>Las mejoras preferenciales (sujetas a disponibilidad) para reci\u00e9n casados permiten a las parejas experimentar el m\u00e1ximo lujo durante su escapada post-boda.<\/p>\n<p>Imagina ser ascendido a la Suite Bah\u00eda Mita Terrace, una suite lujosa con vistas impresionantes, o disfrutar de amenidades exclusivas reservadas solo para reci\u00e9n casados.<\/p>\n<p>UVC comprende la importancia de este momento especial en la vida de una pareja y va m\u00e1s all\u00e1 para garantizar que sea una experiencia para recordar.[\/vc_column_text][vc_column_text css=\u00bb\u00bb]<\/p>\n<h2>5. Hermosos lugares para bodas a tarifas preferenciales<\/h2>\n<p>[\/vc_column_text][vc_single_image image=\u00bb29496&#8243; img_size=\u00bbfull\u00bb alignment=\u00bbcenter\u00bb][vc_column_text css=\u00bb\u00bb]Por \u00faltimo, pero no menos importante, Unlimited Vacation Club ofrece acceso a los lugares m\u00e1s hermosos para bodas a tarifas especiales. Ya sea que siempre hayas so\u00f1ado con decir \u00abS\u00ed, acepto\u00bb en una playa paradis\u00edaca en Montego Bay o en un encantador jard\u00edn, UVC tiene el lugar perfecto para ti.<\/p>\n<p>Con tarifas especiales exclusivas para los niveles de membres\u00eda UVC, podr\u00e1s celebrar tu amor en un entorno impresionante sin exceder tu presupuesto. Imagina caminar por el pasillo con el sol poni\u00e9ndose detr\u00e1s de ti y tus seres queridos aplaudiendo: es el material con el que se hacen los sue\u00f1os.<\/p>\n<p>Ser socio de Unlimited Vacation Club conlleva beneficios incre\u00edbles al celebrar ocasiones especiales. Desde tarifas preferenciales en alojamiento para todos los invitados hasta cenas privadas de aniversario, mejoras y amenidades preferenciales para reci\u00e9n casados y acceso a los lugares m\u00e1s hermosos para bodas a tarifas especiales, UVC garantiza que cada celebraci\u00f3n sea inolvidable.<\/p>\n<p>Entonces, \u00bfpor qu\u00e9 conformarte con una celebraci\u00f3n ordinaria cuando puedes tener una extraordinaria como socio de UVC? Comienza a planificar tu pr\u00f3xima ocasi\u00f3n especial hoy y crea recuerdos que durar\u00e1n toda la vida.[\/vc_column_text][vc_column_text]<\/p>\n<h3><span style=\"font-weight: 400;\">Unlimited Vacation Club Reviews: Celebration Edition<\/span><\/h3>\n<p>[\/vc_column_text][vc_empty_space][vc_single_image image=\u00bb29498&#8243; img_size=\u00bbfull\u00bb alignment=\u00bbcenter\u00bb onclick=\u00bbcustom_link\u00bb img_link_target=\u00bb_blank\u00bb css=\u00bb\u00bb link=\u00bbhttps:\/\/unlimitedvacationclub.blog\/member-experiences\/#:~:text=Wedding%20Recovery!!%20Hurricane,using%20my%20UVC\u00bb][vc_single_image image=\u00bb29502&#8243; img_size=\u00bbfull\u00bb alignment=\u00bbcenter\u00bb onclick=\u00bbcustom_link\u00bb img_link_target=\u00bb_blank\u00bb css=\u00bb\u00bb link=\u00bbhttps:\/\/unlimitedvacationclub.blog\/member-experiences\/#:~:text=UVC%20helps%20you,even%20did%20a\u00bb][vc_single_image image=\u00bb29506&#8243; img_size=\u00bbfull\u00bb alignment=\u00bbcenter\u00bb onclick=\u00bbcustom_link\u00bb img_link_target=\u00bb_blank\u00bb link=\u00bbhttps:\/\/unlimitedvacationclub.blog\/member-experiences\/#:~:text=Pasamos%20nuestra%20luna,y%20nos%20decoraron`}`\u00bb][vc_column_text]<span style=\"font-weight: 400;\">We went on honeymoon in July 2022, it was our first time in the Dominican Republic. We had a great time, the attention of the staff was wonderful and the food was delicious! We split our honeymoon in two hotels (Dreams Macao and Secrets Royal Beach) and in both of them we had room upgrades, were given welcome amenities, and got our rooms beautifully decorated just because it was our honeymoon. #ProudUVCmember<\/span>[\/vc_column_text][vc_column_text]<a href=\"https:\/\/unlimitedvacationclub.blog\/member-experiences\/\"><span style=\"font-weight: 400;\">Read more member reviews<\/span><\/a><\/p>\n<p><a href=\"https:\/\/unlimitedvacationclub.blog\/category\/destinations\/\"><span style=\"font-weight: 400;\">Meet more destinations<\/span><\/a>[\/vc_column_text][\/vc_column][\/vc_row]<\/p>\n<\/div>","protected":false},"excerpt":{"rendered":"<p>[vc_row][vc_column][vc_single_image image=\u00bb29486&#8243; img_size=\u00bbfull\u00bb alignment=\u00bbcenter\u00bb][vc_column_text css=\u00bb\u00bb] 5 beneficios de celebrar ocasiones especiales con Unlimited Vacation Club [\/vc_column_text][vc_column_text css=\u00bb\u00bb]Como socio de Unlimited Vacation Club (UVC), disfrutar\u00e1s de numerosos beneficios al celebrar ocasiones especiales. Ya sea una boda, cumplea\u00f1os, aniversario o luna de [&hellip;]<\/p>\n","protected":false},"author":8,"featured_media":0,"parent":0,"menu_order":0,"comment_status":"closed","ping_status":"closed","template":"","meta":{"_acf_changed":false,"_seopress_robots_primary_cat":"","_seopress_titles_title":"Celebra ocasiones especiales: 5 ventajas \u00fanicas de UVC - UVC","_seopress_titles_desc":"Discover the benefits of celebrating special occasions with Unlimited Vacation Club. Lluxury, exclusivity, and unforgettable memories await!","_seopress_robots_index":"","jetpack_post_was_ever_published":false,"footnotes":""},"class_list":["post-33099","page","type-page","status-publish"],"acf":[],"jetpack_sharing_enabled":true,"_links":{"self":[{"href":"https:\/\/unlimitedvacationclub.blog\/es\/wp-json\/wp\/v2\/pages\/33099","targetHints":{"allow":["GET"]}}],"collection":[{"href":"https:\/\/unlimitedvacationclub.blog\/es\/wp-json\/wp\/v2\/pages"}],"about":[{"href":"https:\/\/unlimitedvacationclub.blog\/es\/wp-json\/wp\/v2\/types\/page"}],"author":[{"embeddable":true,"href":"https:\/\/unlimitedvacationclub.blog\/es\/wp-json\/wp\/v2\/users\/8"}],"replies":[{"embeddable":true,"href":"https:\/\/unlimitedvacationclub.blog\/es\/wp-json\/wp\/v2\/comments?post=33099"}],"version-history":[{"count":4,"href":"https:\/\/unlimitedvacationclub.blog\/es\/wp-json\/wp\/v2\/pages\/33099\/revisions"}],"predecessor-version":[{"id":33103,"href":"https:\/\/unlimitedvacationclub.blog\/es\/wp-json\/wp\/v2\/pages\/33099\/revisions\/33103"}],"wp:attachment":[{"href":"https:\/\/unlimitedvacationclub.blog\/es\/wp-json\/wp\/v2\/media?parent=33099"}],"curies":[{"name":"wp","href":"https:\/\/api.w.org\/{rel}","templated":true}]}}