{"id":33147,"date":"2024-04-24T15:20:37","date_gmt":"2024-04-24T20:20:37","guid":{"rendered":"https:\/\/unlimitedvacationclub.blog\/do-you-belong-to-one-of-our-uvc-membership-levels-heres-how-we-thank-you\/"},"modified":"2025-08-11T10:09:53","modified_gmt":"2025-08-11T15:09:53","slug":"perteneces-a-uno-de-nuestros-niveles-de-membresia-uvc-asi-es-como-te-agradecemos","status":"publish","type":"page","link":"https:\/\/unlimitedvacationclub.blog\/es\/perteneces-a-uno-de-nuestros-niveles-de-membresia-uvc-asi-es-como-te-agradecemos\/","title":{"rendered":"\u00bfPerteneces a uno de nuestros niveles de membres\u00eda UVC? \u00a1As\u00ed es como te agradecemos!"},"content":{"rendered":"<div class=\"wpb-content-wrapper\"><p>[vc_row][vc_column][vc_single_image image=\u00bb29450&#8243; img_size=\u00bbfull\u00bb alignment=\u00bbcenter\u00bb][vc_column_text css=\u00bb\u00bb]<\/p>\n<h1 style=\"text-align: center;\"><span style=\"font-weight: 400;\">\u00bfPerteneces a uno de nuestros niveles de membres\u00eda UVC? \u00a1As\u00ed es como te agradecemos!<\/span><\/h1>\n<p>[\/vc_column_text][vc_column_text css=\u00bb\u00bb]<span style=\"font-weight: 400;\">En Unlimited Vacation Club, valoramos a nuestros socios y siempre buscamos formas de mostrar nuestro agradecimiento. Por eso hemos creado una <a href=\"https:\/\/unlimitedvacationclub.blog\/pros-and-cons-of-unlimited-vacation-club\/\">variedad de beneficios y recompensas para todos nuestros<\/a> <strong>niveles de membres\u00eda UVC.<\/strong> No importa qu\u00e9 tipo de membres\u00eda tengas, queremos asegurarnos de que te sientas valorado y recompensado por tu lealtad.<\/span>[\/vc_column_text][vc_column_text css=\u00bb\u00bb]<\/p>\n<h2 style=\"text-align: left;\"><span style=\"font-weight: 400;\">1. Los socios obtienen acceso a precios preferenciales de Unlimited Vacation Club<\/span><\/h2>\n<p>[\/vc_column_text][vc_single_image image=\u00bb29452&#8243; img_size=\u00bbfull\u00bb alignment=\u00bbcenter\u00bb][vc_column_text css=\u00bb\u00bb]<em>Precios preferenciales de Unlimited Vacation Club \u2013 actividades y excursiones<\/em><\/p>\n<p>Una de las formas en que mostramos nuestra gratitud a nuestros socios es a trav\u00e9s de los <a href=\"https:\/\/unlimitedvacationclub.blog\/how-being-a-member-of-unlimited-vacation-club-helps-you-save-money-on-your-vacations-tips-from-our-members\/\">precios preferenciales de Unlimited Vacation Club.<\/a><\/p>\n<p>Como socio de UVC, tendr\u00e1s acceso a incre\u00edbles descuentos en paquetes vacacionales, vuelos, cruceros y mucho m\u00e1s. Estos descuentos est\u00e1n disponibles solo para nuestros socios y pueden ayudarte a ahorrar mucho dinero en tus vacaciones so\u00f1adas.<\/p>\n<p>Con estos ahorros, puedes disfrutar de alojamientos m\u00e1s lujosos, deleitarte con experiencias gastron\u00f3micas y participar en emocionantes actividades y excursiones.[\/vc_column_text][vc_column_text css=\u00bb\u00bb]<\/p>\n<h2><span style=\"font-weight: 400;\">2. Obt\u00e9n mejoras y servicios de cortes\u00eda (sujetos a disponibilidad)<\/span><\/h2>\n<p>[\/vc_column_text][vc_single_image image=\u00bb29454&#8243; img_size=\u00bbfull\u00bb alignment=\u00bbcenter\u00bb][vc_column_text css=\u00bb\u00bb]<em> Mejora tu habitaci\u00f3n y accede a servicios de cortes\u00eda<\/em><\/p>\n<p>Otra forma en que mostramos nuestro aprecio es ofreci\u00e9ndote mejoras y servicios de cortes\u00eda.<\/p>\n<p>Dependiendo de tu nivel de membres\u00eda UVC, podr\u00edas ser elegible para mejoras de habitaci\u00f3n en ciertos resorts al siguiente nivel de tu reserva actual (sujeto a disponibilidad), tratamientos de spa gratuitos o incluso acceso exclusivo a \u00e1reas reservadas solo para socios.<\/p>\n<p>Estos peque\u00f1os extras pueden hacer que tus vacaciones sean a\u00fan m\u00e1s especiales e inolvidables. Creemos que nuestros socios merecen lo mejor, y hacemos todo lo posible para garantizar que recibas un trato VIP dondequiera que vayas.[\/vc_column_text][vc_column_text css=\u00bb\u00bb]<\/p>\n<h2><span style=\"font-weight: 400;\">3. Obt\u00e9n un servicio personalizado<\/span><\/h2>\n<p>[\/vc_column_text][vc_single_image image=\u00bb29456&#8243; img_size=\u00bbfull\u00bb alignment=\u00bbcenter\u00bb][vc_column_text css=\u00bb\u00bb]<em>Servicio personalizado UVC<\/em><\/p>\n<p>Adem\u00e1s de los descuentos y las mejoras, tambi\u00e9n ofrecemos un servicio personalizado a nuestros socios de UVC. Nuestro equipo de especialistas en viajes est\u00e1 disponible para ayudarte con cualquier duda o inquietud que tengas.<\/p>\n<p>Ya sea que necesites ayuda para planificar tu itinerario, hacer reservaciones o modificar tus planes de viaje, nuestros expertos est\u00e1n aqu\u00ed para hacer que tu experiencia sea lo m\u00e1s placentera y fluida posible.<\/p>\n<p>Entendemos que cada socio tiene preferencias y necesidades \u00fanicas, y nos esforzamos por adaptar nuestros servicios para satisfacer tus requerimientos individuales.[\/vc_column_text][vc_column_text css=\u00bb\u00bb]<\/p>\n<h2><span style=\"font-weight: 400;\">4. Participa en eventos y experiencias exclusivas<\/span><\/h2>\n<p>[\/vc_column_text][vc_single_image image=\u00bb29458&#8243; img_size=\u00bbfull\u00bb alignment=\u00bbcenter\u00bb][vc_column_text css=\u00bb\u00bb]<em>Actividades exclusivas de UVC<\/em><\/p>\n<p>Como socio de UVC, tambi\u00e9n tendr\u00e1s la oportunidad de participar en <a href=\"https:\/\/unlimitedvacationclub.blog\/category\/vip-events\/\">eventos VIP exclusivos en nuestros resorts<\/a> y experiencias \u00fanicas para adultos, ni\u00f1os o toda la familia, como espect\u00e1culos en vivo, deportes acu\u00e1ticos o excursiones locales.<\/p>\n<p>Desde c\u00f3cteles privados hasta visitas guiadas a atracciones locales, estos eventos especiales te permiten conectar con otros viajeros afines y crear recuerdos inolvidables.<\/p>\n<p>Ya sea que desees socializar con otros socios o simplemente <a href=\"https:\/\/unlimitedvacationclub.blog\/5-benefits-of-celebrating-special-occasions-with-unlimited-vacation-club\/\">disfrutar de una experiencia \u00fanica<\/a>, estos eventos est\u00e1n dise\u00f1ados para enriquecer tus vacaciones y darte a\u00fan m\u00e1s motivos para estar agradecido por pertenecer a nuestros niveles de membres\u00eda UVC.[\/vc_column_text][vc_column_text css=\u00bb\u00bb]<\/p>\n<h2><span style=\"font-weight: 400;\">Opiniones sobre Unlimited Vacation Club<\/span><\/h2>\n<p>[\/vc_column_text][vc_single_image image=\u00bb29460&#8243; img_size=\u00bbfull\u00bb alignment=\u00bbcenter\u00bb][vc_column_text css=\u00bb\u00bb]<em>Opiniones de Unlimited Vacation Club<\/em><\/p>\n<p>En Unlimited Vacation Club, ser socio es mucho m\u00e1s que reservar vacaciones a precio de membres\u00eda. Se trata de <a href=\"https:\/\/unlimitedvacationclub.blog\/member-experiences\/\">crear recuerdos para toda la vida y disfrutar de los beneficios<\/a> de la membres\u00eda en cada paso del camino.<\/p>\n<p>Desde tarifas preferenciales incre\u00edbles y mejoras hasta servicios personalizados y eventos exclusivos, constantemente buscamos maneras de agradecer a nuestros socios y hacer que sus experiencias vacacionales sean extraordinarias.<\/p>\n<p><strong>\u00danete hoy y descubre las infinitas posibilidades que te esperan como socio de UVC.<\/strong>[\/vc_column_text][\/vc_column][\/vc_row]<\/p>\n<\/div>","protected":false},"excerpt":{"rendered":"<p>[vc_row][vc_column][vc_single_image image=\u00bb29450&#8243; img_size=\u00bbfull\u00bb alignment=\u00bbcenter\u00bb][vc_column_text css=\u00bb\u00bb] \u00bfPerteneces a uno de nuestros niveles de membres\u00eda UVC? \u00a1As\u00ed es como te agradecemos! [\/vc_column_text][vc_column_text css=\u00bb\u00bb]En Unlimited Vacation Club, valoramos a nuestros socios y siempre buscamos formas de mostrar nuestro agradecimiento. Por eso hemos creado [&hellip;]<\/p>\n","protected":false},"author":8,"featured_media":0,"parent":0,"menu_order":0,"comment_status":"closed","ping_status":"closed","template":"","meta":{"_acf_changed":false,"_seopress_robots_primary_cat":"","_seopress_titles_title":"Recompensas exclusivas con tu Membres\u00eda del Club de Vacaciones - UVC","_seopress_titles_desc":"Descubre c\u00f3mo agradecemos a viajeros de todos los niveles UVC: precios preferenciales, beneficios y mucho m\u00e1s.","_seopress_robots_index":"","jetpack_post_was_ever_published":false,"footnotes":""},"class_list":["post-33147","page","type-page","status-publish"],"acf":[],"jetpack_sharing_enabled":true,"_links":{"self":[{"href":"https:\/\/unlimitedvacationclub.blog\/es\/wp-json\/wp\/v2\/pages\/33147","targetHints":{"allow":["GET"]}}],"collection":[{"href":"https:\/\/unlimitedvacationclub.blog\/es\/wp-json\/wp\/v2\/pages"}],"about":[{"href":"https:\/\/unlimitedvacationclub.blog\/es\/wp-json\/wp\/v2\/types\/page"}],"author":[{"embeddable":true,"href":"https:\/\/unlimitedvacationclub.blog\/es\/wp-json\/wp\/v2\/users\/8"}],"replies":[{"embeddable":true,"href":"https:\/\/unlimitedvacationclub.blog\/es\/wp-json\/wp\/v2\/comments?post=33147"}],"version-history":[{"count":5,"href":"https:\/\/unlimitedvacationclub.blog\/es\/wp-json\/wp\/v2\/pages\/33147\/revisions"}],"predecessor-version":[{"id":33153,"href":"https:\/\/unlimitedvacationclub.blog\/es\/wp-json\/wp\/v2\/pages\/33147\/revisions\/33153"}],"wp:attachment":[{"href":"https:\/\/unlimitedvacationclub.blog\/es\/wp-json\/wp\/v2\/media?parent=33147"}],"curies":[{"name":"wp","href":"https:\/\/api.w.org\/{rel}","templated":true}]}}