{"id":33163,"date":"2024-04-24T15:51:31","date_gmt":"2024-04-24T20:51:31","guid":{"rendered":"https:\/\/unlimitedvacationclub.blog\/how-being-a-member-of-unlimited-vacation-club-helps-you-save-money-on-your-vacations-tips-from-our-members\/"},"modified":"2025-07-16T08:28:35","modified_gmt":"2025-07-16T13:28:35","slug":"como-ser-socio-de-unlimited-vacation-club-te-ayuda-a-ahorrar-dinero-en-tus-vacaciones-consejos-de-nuestros-socios","status":"publish","type":"page","link":"https:\/\/unlimitedvacationclub.blog\/es\/como-ser-socio-de-unlimited-vacation-club-te-ayuda-a-ahorrar-dinero-en-tus-vacaciones-consejos-de-nuestros-socios\/","title":{"rendered":"C\u00f3mo ser socio de Unlimited Vacation Club te ayuda a ahorrar dinero en tus vacaciones: Consejos de nuestros socios"},"content":{"rendered":"<div class=\"wpb-content-wrapper\"><p>[vc_row][vc_column][vc_single_image image=\u00bb29464&#8243; img_size=\u00bbfull\u00bb alignment=\u00bbcenter\u00bb][vc_column_text css=\u00bb\u00bb]<\/p>\n<h1 style=\"text-align: center;\"><span style=\"font-weight: 400;\">C\u00f3mo ser socio de Unlimited Vacation Club te ayuda a ahorrar dinero en tus vacaciones: Consejos de nuestros socios<\/span><\/h1>\n<p>[\/vc_column_text][vc_column_text css=\u00bb\u00bb]Imagina bajar del avi\u00f3n, llegar a un resort de lujo y saber que desde el momento en que pones un pie en la propiedad, cada una de tus necesidades ya ha sido anticipada y atendida. Esa es la experiencia que <strong>Unlimited Vacation Club (UVC)<\/strong> promete a sus socios.<\/p>\n<p>Pero lo que resulta a\u00fan m\u00e1s atractivo es cu\u00e1nto puedes ahorrar con los niveles de membres\u00eda de UVC. Tenemos algunas <a href=\"https:\/\/unlimitedvacationclub.blog\/es\/testimoniales\/\">opiniones internas de nuestros valiosos socios<\/a> que revelan cinco formas en las que <a href=\"https:\/\/unlimitedvacationclub.blog\/how-to-unlock-an-unlimited-vacation-membership\/\">el club te ayuda a ahorrar dinero durante tus vacaciones<\/a>.[\/vc_column_text][vc_column_text css=\u00bb\u00bb]<\/p>\n<h2><span style=\"font-weight: 400;\">1. Bebidas gratis<\/span><\/h2>\n<p>[\/vc_column_text][vc_single_image image=\u00bb29466&#8243; img_size=\u00bbfull\u00bb alignment=\u00bbcenter\u00bb][vc_column_text css=\u00bb\u00bb]<em>Vacaciones ilimitadas y bebidas gratuitas<\/em><\/p>\n<p>El primer beneficio que nuestros socios destacan en sus <a href=\"https:\/\/unlimitedvacationclub.blog\/the-most-useful-unlimited-vacation-club-reviews\/\">opiniones sobre Unlimited Vacation Club<\/a> es el <strong>acceso a bebidas ilimitadas y gratuitas.<\/strong> Di adi\u00f3s a los precios excesivos del minibar o a los c\u00f3cteles costosos junto a la piscina.<\/p>\n<p>Con UVC, tus bebidas favoritas, ya sean alcoh\u00f3licas o no alcoh\u00f3licas, est\u00e1n incluidas en tu membres\u00eda. Es una comodidad que no solo a\u00f1ade lujo, sino que tambi\u00e9n reduce significativamente los gastos durante tus vacaciones.[\/vc_column_text][vc_column_text css=\u00bb\u00bb]<\/p>\n<h2><span style=\"font-weight: 400;\">2. Tarifas preferenciales en mejoras de habitaci\u00f3n (Sujeto a disponibilidad)<\/span><\/h2>\n<p>[\/vc_column_text][vc_single_image image=\u00bb29468&#8243; img_size=\u00bbfull\u00bb alignment=\u00bbcenter\u00bb][vc_column_text css=\u00bb\u00bb]<em>Precios preferenciales de Unlimited Vacation Club en mejoras de habitaci\u00f3n<\/em><\/p>\n<p>Otra ventaja que nuestros socios adoran son las <strong>tarifas preferenciales en mejoras de habitaci\u00f3n (sujetas a disponibilidad y a la siguiente categor\u00eda de tu reserva actual).<\/strong> A todos nos encanta una buena mejora de habitaci\u00f3n durante las vacaciones. La vista al mar, el espacio adicional y las comodidades de lujo pueden convertir unas vacaciones buenas en unas extraordinarias.<\/p>\n<p>Con tu membres\u00eda, puede que no tengas que pagar las mismas tarifas que los hu\u00e9spedes regulares por estas mejoras. Los precios de Unlimited Vacation Club para mejoras de habitaci\u00f3n har\u00e1n que sea m\u00e1s accesible para ti obtener esa Junior Suite Swim Out de Secrets Playa Mujeres Golf &amp; Spa Resort con la que siempre has so\u00f1ado.[\/vc_column_text][vc_column_text css=\u00bb\u00bb]<\/p>\n<h2><span style=\"font-weight: 400;\">3. Tarifas preferenciales en tours y excursiones locales<\/span><\/h2>\n<p>[\/vc_column_text][vc_single_image image=\u00bb29470&#8243; img_size=\u00bbfull\u00bb alignment=\u00bbcenter\u00bb][vc_column_text css=\u00bb\u00bb]<em>Costo de la membres\u00eda de Unlimited Vacation Club &#8211; Tours y excursiones<\/em><\/p>\n<p>\u00a1Tus ahorros no terminan en el resort! Una de las caracter\u00edsticas destacadas del costo de la membres\u00eda de Unlimited Vacation Club son las <strong>tarifas preferenciales en tours y excursiones locales<\/strong>.<\/p>\n<p>Explora la cultura local, aprende historia, disfruta nuevas experiencias y contempla la belleza natural sin preocuparte por tu presupuesto. Nuestros socios pueden disfrutar de precios especiales en una variedad de actividades locales enriquecedoras, interesantes y divertidas.[\/vc_column_text][vc_column_text css=\u00bb\u00bb]<\/p>\n<h2><span style=\"font-weight: 400;\">4. Acceso a espect\u00e1culos en vivo<\/span><\/h2>\n<p>[\/vc_column_text][vc_single_image image=\u00bb29472&#8243; img_size=\u00bbfull\u00bb alignment=\u00bbcenter\u00bb][vc_column_text css=\u00bb\u00bb]<em>Las rese\u00f1as de Unlimited Vacation Club mencionan el acceso a espect\u00e1culos en vivo<\/em><\/p>\n<p>Nuestros socios tambi\u00e9n pueden obtener acceso exclusivo a <strong>espect\u00e1culos en vivo en nuestros resorts<\/strong>. Disfruta entretenimiento de primer nivel sin salir del resort\u2014y sin sacar la cartera.<\/p>\n<p>Desde presentaciones musicales hasta espect\u00e1culos culturales, estos eventos exclusivos agregan valor a tus vacaciones y recuerdos que atesorar\u00e1s para siempre.[\/vc_column_text][vc_column_text css=\u00bb\u00bb]<\/p>\n<h2><span style=\"font-weight: 400;\">5. Acceso a experiencias gastron\u00f3micas exclusivas<\/span><\/h2>\n<p>[\/vc_column_text][vc_single_image image=\u00bb29474&#8243; img_size=\u00bbfull\u00bb alignment=\u00bbcenter\u00bb][vc_column_text css=\u00bb\u00bb]<em>Los niveles de membres\u00eda de UVC te brindan experiencias gastron\u00f3micas gourmet<\/em><\/p>\n<p>Por \u00faltimo, nuestros socios pueden disfrutar de <strong>experiencias gastron\u00f3micas exclusivas, que var\u00edan seg\u00fan la marca y el resort<\/strong>. La comida y las bebidas suelen representar una parte importante del presupuesto vacacional.<\/p>\n<p>Con nuestros niveles de membres\u00eda UVC, no tienes que comprometer tus experiencias culinarias para ahorrar dinero. Nuestros socios disfrutan de acceso a men\u00fas exclusivos, cenas privadas e incluso clases de cocina con chefs reconocidos\u2014todo a una fracci\u00f3n del costo habitual.<\/p>\n<p>En conclusi\u00f3n, el costo de la membres\u00eda de Unlimited Vacation Club se paga solo con estos fant\u00e1sticos ahorros. El valor que ofrece UVC va m\u00e1s all\u00e1 del ahorro monetario\u2014tambi\u00e9n se trata de mejorar tu experiencia vacacional.<\/p>\n<p>Como puedes ver en nuestras <a href=\"https:\/\/unlimitedvacationclub.blog\/member-experiences\/\">opiniones sobre Unlimited Vacation Club<\/a>, nuestros socios valoran el acceso a beneficios exclusivos que convierten sus escapadas en experiencias verdaderamente inolvidables.<\/p>\n<p>Ya sean bebidas gratis ilimitadas, mejoras de habitaci\u00f3n con tarifas especiales, tarifas preferenciales en tours, espect\u00e1culos exclusivos o experiencias gourmet, UVC asegura que tus vacaciones sean simplemente extraordinarias.[\/vc_column_text][vc_empty_space][vc_single_image image=\u00bb29476&#8243; img_size=\u00bbfull\u00bb alignment=\u00bbcenter\u00bb][vc_column_text]<a href=\"https:\/\/unlimitedvacationclub.blog\/member-experiences\/#:~:text=Had%20an%20awesome%20time%20over%20the%204th%20of%20July.%20Loved%20the%20parade%20and%20all%20the%20extras%20UVC%20did%20for%20the%20US%20holiday\"><span style=\"font-weight: 400;\">Link to the review<\/span><\/a>[\/vc_column_text][vc_single_image image=\u00bb29481&#8243; img_size=\u00bbfull\u00bb alignment=\u00bbcenter\u00bb][vc_column_text]<a href=\"https:\/\/unlimitedvacationclub.blog\/member-experiences\/#:~:text=My%20husband%20went%20fishing%20and%20caught%20Mahi%20Mahi.%20Oceana%20cooked%20it%20for%20us%20for%20Thanksgiving%20dinner.%20%23BestThanksgivingDinner.%20%23uvcmemories%20and%20%23unlimitedappreciation\"><span style=\"font-weight: 400;\">Link to the review<\/span><\/a>[\/vc_column_text][vc_empty_space][vc_column_text]<a href=\"https:\/\/unlimitedvacationclub.blog\/member-experiences\/\"><span style=\"font-weight: 400;\">See more reviews<\/span><\/a><\/p>\n<p><a href=\"https:\/\/unlimitedvacationclub.blog\/category\/destinations\/\"><span style=\"font-weight: 400;\">Meet more destinations<\/span><\/a>[\/vc_column_text][\/vc_column][\/vc_row]<\/p>\n<\/div>","protected":false},"excerpt":{"rendered":"<p>[vc_row][vc_column][vc_single_image image=\u00bb29464&#8243; img_size=\u00bbfull\u00bb alignment=\u00bbcenter\u00bb][vc_column_text css=\u00bb\u00bb] C\u00f3mo ser socio de Unlimited Vacation Club te ayuda a ahorrar dinero en tus vacaciones: Consejos de nuestros socios [\/vc_column_text][vc_column_text css=\u00bb\u00bb]Imagina bajar del avi\u00f3n, llegar a un resort de lujo y saber que desde el [&hellip;]<\/p>\n","protected":false},"author":8,"featured_media":0,"parent":0,"menu_order":0,"comment_status":"closed","ping_status":"closed","template":"","meta":{"_acf_changed":false,"_seopress_robots_primary_cat":"","_seopress_titles_title":"Maximiza tus ahorros en vacaciones con la membres\u00eda de UVC","_seopress_titles_desc":"Descubre c\u00f3mo ser miembro de Unlimited Vacation Club te ayuda a ahorrar dinero en tus vacaciones. \u00a1Las opiniones de nuestros miembros lo dicen todo!","_seopress_robots_index":"","jetpack_post_was_ever_published":false,"footnotes":""},"class_list":["post-33163","page","type-page","status-publish"],"acf":[],"jetpack_sharing_enabled":true,"_links":{"self":[{"href":"https:\/\/unlimitedvacationclub.blog\/es\/wp-json\/wp\/v2\/pages\/33163","targetHints":{"allow":["GET"]}}],"collection":[{"href":"https:\/\/unlimitedvacationclub.blog\/es\/wp-json\/wp\/v2\/pages"}],"about":[{"href":"https:\/\/unlimitedvacationclub.blog\/es\/wp-json\/wp\/v2\/types\/page"}],"author":[{"embeddable":true,"href":"https:\/\/unlimitedvacationclub.blog\/es\/wp-json\/wp\/v2\/users\/8"}],"replies":[{"embeddable":true,"href":"https:\/\/unlimitedvacationclub.blog\/es\/wp-json\/wp\/v2\/comments?post=33163"}],"version-history":[{"count":5,"href":"https:\/\/unlimitedvacationclub.blog\/es\/wp-json\/wp\/v2\/pages\/33163\/revisions"}],"predecessor-version":[{"id":33168,"href":"https:\/\/unlimitedvacationclub.blog\/es\/wp-json\/wp\/v2\/pages\/33163\/revisions\/33168"}],"wp:attachment":[{"href":"https:\/\/unlimitedvacationclub.blog\/es\/wp-json\/wp\/v2\/media?parent=33163"}],"curies":[{"name":"wp","href":"https:\/\/api.w.org\/{rel}","templated":true}]}}