{"id":33180,"date":"2024-01-17T13:04:40","date_gmt":"2024-01-17T18:04:40","guid":{"rendered":"https:\/\/unlimitedvacationclub.blog\/how-to-avoid-writing-an-unlimited-vacation-club-cancellation-letter-by-making-the-most-out-of-your-membership\/"},"modified":"2025-07-16T08:48:33","modified_gmt":"2025-07-16T13:48:33","slug":"como-evitar-redactar-una-carta-de-cancelacion-de-unlimited-vacation-club-aprovechando-al-maximo-tu-membresia","status":"publish","type":"page","link":"https:\/\/unlimitedvacationclub.blog\/es\/como-evitar-redactar-una-carta-de-cancelacion-de-unlimited-vacation-club-aprovechando-al-maximo-tu-membresia\/","title":{"rendered":"C\u00f3mo evitar redactar una carta de cancelaci\u00f3n de Unlimited Vacation Club aprovechando al m\u00e1ximo tu membres\u00eda"},"content":{"rendered":"<div class=\"wpb-content-wrapper\"><p>[vc_row][vc_column][vc_single_image image=\u00bb28318&#8243; img_size=\u00bbfull\u00bb alignment=\u00bbcenter\u00bb][vc_column_text css=\u00bb\u00bb]<\/p>\n<h1 style=\"text-align: center;\"><span style=\"font-weight: 400;\">C\u00f3mo evitar redactar una carta de cancelaci\u00f3n de Unlimited Vacation Club aprovechando al m\u00e1ximo tu membres\u00eda<\/span><\/h1>\n<p>[\/vc_column_text][vc_column_text css=\u00bb\u00bb]\u00bfEst\u00e1s listo para sumergirte en un mundo de diversi\u00f3n y emoci\u00f3n de viajes sin fin? \u00bfLa idea de redactar una <strong>carta de cancelaci\u00f3n de Unlimited Vacation Club<\/strong> ronda por tu mente porque no sabes c\u00f3mo aprovechar al m\u00e1ximo tu membres\u00eda?<\/p>\n<p>\u00a1No temas! Estamos aqu\u00ed para guiarte sobre c\u00f3mo sacar el m\u00e1ximo provecho de cada aspecto de tu experiencia con Unlimited Vacation Club, \u00a1tanto as\u00ed que la cancelaci\u00f3n ser\u00e1 lo \u00faltimo en lo que pensar\u00e1s![\/vc_column_text][vc_column_text css=\u00bb\u00bb]<\/p>\n<h2><span style=\"font-weight: 400;\">No necesitas un ejemplo de carta de cancelaci\u00f3n de Unlimited Vacation Club\u2026 \u00a1Aqu\u00ed tienes c\u00f3mo aprovechar al m\u00e1ximo tu experiencia vacacional!<\/span><\/h2>\n<p>[\/vc_column_text][vc_column_text css=\u00bb\u00bb]<\/p>\n<ol>\n<li style=\"font-weight: 400;\" aria-level=\"1\"><strong>Explora cada aspecto de los beneficios de tu membres\u00eda.<\/strong> \u00a1Te sorprender\u00e1s de la cantidad de joyas ocultas que te esperan! Tarifas preferenciales en resorts paradis\u00edacos en el Caribe y nuevos destinos en Europa, acceso a eventos exclusivos, reservaciones prioritarias \u2013 estas son solo algunas de las delicias que UVC ofrece. No las dejes pasar simplemente por quedarte con lo que ya conoces. \u00a1Sal de tu zona de confort y descubre nuevas experiencias!<\/li>\n<li style=\"font-weight: 400;\" aria-level=\"1\"><strong>\u00a1La planificaci\u00f3n es clave!<\/strong> Aseg\u00farate de hacer tus reservaciones con suficiente anticipaci\u00f3n para evitar decepciones de \u00faltimo minuto. Adem\u00e1s, mantente atento a las tarifas preferenciales. Te sorprender\u00e1s de cu\u00e1nto puedes ahorrar solo por ser un poco proactivo.<\/li>\n<li style=\"font-weight: 400;\" aria-level=\"1\"><strong>No olvides utilizar los beneficios de tu membres\u00eda tambi\u00e9n en los servicios del resort.<\/strong> Puedes encontrar muchas ofertas especiales como servicios de spa, restaurantes y actividades de aventura, todas las cuales enriquecen tu experiencia vacacional.<\/li>\n<li style=\"font-weight: 400;\" aria-level=\"1\"><strong>Invol\u00facrate con tu comunidad UVC.<\/strong> Son un cofre de tesoros lleno de informaci\u00f3n sobre c\u00f3mo aprovechar al m\u00e1ximo tu experiencia UVC. Adem\u00e1s, es una excelente manera de hacer nuevos amigos y construir una comunidad de entusiastas del viaje con ideas afines.<\/li>\n<\/ol>\n<p>Ahora que sabes todo esto, \u00bfha pasado por tu mente redactar una <strong>carta de cancelaci\u00f3n de Unlimited Vacation Club<\/strong>? \u00a1Pi\u00e9nsalo de nuevo! Tu membres\u00eda es tu boleto dorado a un mundo lleno de experiencias inolvidables, grandes ahorros y numerosos beneficios. As\u00ed que ponte tu traje de ba\u00f1o favorito, haz las maletas y prep\u00e1rate para un viaje emocionante que te dejar\u00e1 con ganas de m\u00e1s.[\/vc_column_text][vc_column_text css=\u00bb\u00bb]<\/p>\n<h2><span style=\"font-weight: 400;\">\u00bfQu\u00e9 es Unlimited Vacation Club?<\/span><\/h2>\n<p>[\/vc_column_text][vc_column_text css=\u00bb\u00bb]Este club ofrece una experiencia excepcional con un ambiente vibrante, eventos emocionantes y una diversa selecci\u00f3n de bebidas refrescantes, lo que lo distingue de lo ordinario. Es un reino donde los sue\u00f1os vacacionales se hacen realidad y est\u00e1s completamente libre de estr\u00e9s. Pi\u00e9nsalo como tu para\u00edso personal que te aleja del mundo rutinario y te lleva a una zona de relajaci\u00f3n eterna.<\/p>\n<p>Con Unlimited Vacation Club, cada d\u00eda se siente como un domingo y cada noche como una divertida cena con tus seres queridos. Imagina cambiar tu despertador por el suave sonido de las olas del mar o los cantos alegres de aves ex\u00f3ticas. Cambiar tu silla habitual por una hamaca colgada entre dos palmeras. Cambiar tu caf\u00e9 de todos los d\u00edas por un c\u00f3ctel tropical con una peque\u00f1a sombrilla. \u00bfNo suena eso como el para\u00edso?<\/p>\n<p>Por eso quieres evitar una <strong>cancelaci\u00f3n de Unlimited Vacation Club<\/strong>. UVC es como un borrador m\u00e1gico que elimina tus preocupaciones y las reemplaza con hermosos atardeceres, aventuras sin fin y suficiente relajaci\u00f3n como para competir con un d\u00eda nevado en Toronto. \u00a1Es como un suministro interminable de caf\u00e9 caliente en Coco Caf\u00e9 \u2013 pura felicidad!<\/p>\n<p><strong>\u00a1Cont\u00e1ctanos!<\/strong>[\/vc_column_text][\/vc_column][\/vc_row]<\/p>\n<\/div>","protected":false},"excerpt":{"rendered":"<p>[vc_row][vc_column][vc_single_image image=\u00bb28318&#8243; img_size=\u00bbfull\u00bb alignment=\u00bbcenter\u00bb][vc_column_text css=\u00bb\u00bb] C\u00f3mo evitar redactar una carta de cancelaci\u00f3n de Unlimited Vacation Club aprovechando al m\u00e1ximo tu membres\u00eda [\/vc_column_text][vc_column_text css=\u00bb\u00bb]\u00bfEst\u00e1s listo para sumergirte en un mundo de diversi\u00f3n y emoci\u00f3n de viajes sin fin? \u00bfLa idea de [&hellip;]<\/p>\n","protected":false},"author":8,"featured_media":28318,"parent":0,"menu_order":0,"comment_status":"closed","ping_status":"closed","template":"","meta":{"_acf_changed":false,"_seopress_robots_primary_cat":"","_seopress_titles_title":"\u00a1Aprovecha al m\u00e1ximo tu membres\u00eda UVC y evita la cancelaci\u00f3n!","_seopress_titles_desc":"Si no sabes c\u00f3mo sacar el mayor provecho de tu experiencia con UVC, sigue leyendo. \u00a1Evita la cancelaci\u00f3n de tu membres\u00eda en Unlimited Vacation Club!","_seopress_robots_index":"","jetpack_post_was_ever_published":false,"footnotes":""},"class_list":["post-33180","page","type-page","status-publish","has-post-thumbnail"],"acf":[],"jetpack_sharing_enabled":true,"_links":{"self":[{"href":"https:\/\/unlimitedvacationclub.blog\/es\/wp-json\/wp\/v2\/pages\/33180","targetHints":{"allow":["GET"]}}],"collection":[{"href":"https:\/\/unlimitedvacationclub.blog\/es\/wp-json\/wp\/v2\/pages"}],"about":[{"href":"https:\/\/unlimitedvacationclub.blog\/es\/wp-json\/wp\/v2\/types\/page"}],"author":[{"embeddable":true,"href":"https:\/\/unlimitedvacationclub.blog\/es\/wp-json\/wp\/v2\/users\/8"}],"replies":[{"embeddable":true,"href":"https:\/\/unlimitedvacationclub.blog\/es\/wp-json\/wp\/v2\/comments?post=33180"}],"version-history":[{"count":4,"href":"https:\/\/unlimitedvacationclub.blog\/es\/wp-json\/wp\/v2\/pages\/33180\/revisions"}],"predecessor-version":[{"id":33184,"href":"https:\/\/unlimitedvacationclub.blog\/es\/wp-json\/wp\/v2\/pages\/33180\/revisions\/33184"}],"wp:featuredmedia":[{"embeddable":true,"href":"https:\/\/unlimitedvacationclub.blog\/es\/wp-json\/wp\/v2\/media\/28318"}],"wp:attachment":[{"href":"https:\/\/unlimitedvacationclub.blog\/es\/wp-json\/wp\/v2\/media?parent=33180"}],"curies":[{"name":"wp","href":"https:\/\/api.w.org\/{rel}","templated":true}]}}