{"id":33190,"date":"2024-01-17T13:44:06","date_gmt":"2024-01-17T18:44:06","guid":{"rendered":"https:\/\/unlimitedvacationclub.blog\/how-to-unlock-an-unlimited-vacation-membership\/"},"modified":"2025-07-02T12:33:01","modified_gmt":"2025-07-02T17:33:01","slug":"como-desbloquear-una-membresia-de-unlimited-vacation","status":"publish","type":"page","link":"https:\/\/unlimitedvacationclub.blog\/es\/como-desbloquear-una-membresia-de-unlimited-vacation\/","title":{"rendered":"\u00bfC\u00f3mo desbloquear una membres\u00eda de Unlimited Vacation?"},"content":{"rendered":"<div class=\"wpb-content-wrapper\"><p>[vc_row][vc_column][vc_single_image image=\u00bb28339&#8243; img_size=\u00bbfull\u00bb alignment=\u00bbcenter\u00bb][vc_column_text css=\u00bb.vc_custom_1751414806381{margin-bottom: 20px !important;}\u00bb]<\/p>\n<h1 style=\"text-align: center;\"><span style=\"font-weight: 400;\">\u00bfC\u00f3mo desbloquear una membres\u00eda de Unlimited Vacation?<br \/>\n<\/span><\/h1>\n<p>[\/vc_column_text][vc_column_text css=\u00bb\u00bb]Has escuchado los rumores, los tentadores susurros sobre una puerta secreta al para\u00edso. Un club exclusivo que ofrece acceso sin igual a los destinos vacacionales m\u00e1s id\u00edlicos en las playas m\u00e1s paradis\u00edacas del Caribe y las Am\u00e9ricas. Este club es real, y se llama Unlimited Vacation Club. Pero \u00bfqu\u00e9 es exactamente? \u00bfC\u00f3mo funciona? Y, lo m\u00e1s importante, <strong>\u00bfc\u00f3mo desbloquear una membres\u00eda de Unlimited Vacation Club?<\/strong><\/p>\n<p><a href=\"https:\/\/unlimitedvacationclub.blog\/how-being-a-member-of-unlimited-vacation-club-helps-you-save-money-on-your-vacations-tips-from-our-members\/\">Unlimited Vacation Club es una comunidad de viaje \u00fanica<\/a> que otorga a los viajeros privilegios especiales en algunos de los resorts m\u00e1s lujosos del Caribe y Europa. Con muchos beneficios como tarifas especiales, check-in prioritario y servicios exclusivos, es un boleto dorado al lujo y la relajaci\u00f3n. Acceder a este para\u00edso es bastante f\u00e1cil\u2026 si sabes c\u00f3mo hacerlo.<\/p>\n<p><strong>Para experimentar realmente el potencial ilimitado de Unlimited Vacation Club, necesitar\u00e1s haber desbloqueado tu membres\u00eda.<\/strong> Este proceso implica m\u00e1s que solo pagar una cuota; requiere entender c\u00f3mo funciona el club y aprovechar al m\u00e1ximo los beneficios. Esta gu\u00eda completa te mostrar\u00e1 exactamente <strong>c\u00f3mo desbloquear tu membres\u00eda de Unlimited Vacation Club<\/strong> y abrir la puerta a un mundo de infinitas posibilidades vacacionales.<\/p>\n<p>[\/vc_column_text][vc_column_text css=\u00bb\u00bb]<\/p>\n<h2><b>Los beneficios de desbloquear una membres\u00eda de Unlimited Vacation Club<\/b><\/h2>\n<p>[\/vc_column_text][vc_column_text css=\u00bb\u00bb]<span style=\"font-weight: 400;\">Entonces, \u00bfpor qu\u00e9 deber\u00edas tratar de desbloquear tu membres\u00eda de Unlimited Vacation Club? Bueno, los beneficios son muchos: <\/span><\/p>\n<ol>\n<li style=\"font-weight: 400;\" aria-level=\"1\">Desbloquear tu membres\u00eda te da acceso a una <strong>gran variedad de resorts lujosos y exclusivos.<\/strong> Tendr\u00e1s acceso a experiencias vacacionales extraordinarias con las que muchas personas solo sue\u00f1an.<\/li>\n<li style=\"font-weight: 400;\" aria-level=\"1\"><strong>Tambi\u00e9n obtendr\u00e1s ventajas y privilegios especiales.<\/strong> Piensa en tarifas preferenciales, check-ins prioritarios y servicios exclusivos. Adem\u00e1s, tendr\u00e1s acceso a una gama de resorts exquisitos en destinos populares del Caribe y Europa, lo que te permitir\u00e1 explorar nuevos lugares y culturas.<\/li>\n<li style=\"font-weight: 400;\" aria-level=\"1\"><strong>Te da libertad.<\/strong> Con una membres\u00eda desbloqueada, no est\u00e1s limitado a un n\u00famero fijo de d\u00edas o destinos vacacionales. Puedes vacacionar cuando y donde quieras, creando un estilo de vida de viajes y exploraci\u00f3n sin fin.<\/li>\n<\/ol>\n<p>[\/vc_column_text][vc_column_text css=\u00bb\u00bb]<\/p>\n<h2><b>Tu membres\u00eda de Unlimited Vacation Club desbloqueada: As\u00ed es como se hace<\/b><\/h2>\n<p>[\/vc_column_text][vc_column_text css=\u00bb\u00bb]Ahora que entiendes en qu\u00e9 consiste desbloquear una membres\u00eda de Unlimited Vacation Club y los beneficios que ofrece, es hora de saber c\u00f3mo hacerlo. Esta gu\u00eda paso a paso te guiar\u00e1 por el proceso y te proporcionar\u00e1 las claves para desbloquear tu membres\u00eda. \u00a1Ver\u00e1s lo f\u00e1cil que es!<\/p>\n<ul>\n<li style=\"font-weight: 400;\" aria-level=\"1\"><strong>Entiende c\u00f3mo funciona el club:<\/strong> Familiar\u00edzate con los beneficios, t\u00e9rminos y condiciones del club. Este conocimiento ser\u00e1 la base de tu recorrido.<\/li>\n<li style=\"font-weight: 400;\" aria-level=\"1\"><strong>Maximiza tu membres\u00eda:<\/strong> Aprovecha al m\u00e1ximo tu membres\u00eda utilizando todos los beneficios disponibles. Hosp\u00e9date en diferentes resorts, prueba nuevas experiencias y aprovecha las tarifas especiales.<\/li>\n<li style=\"font-weight: 400;\" aria-level=\"1\"><strong>Aprendizaje continuo:<\/strong> Mantente informado sobre actualizaciones del club y nuevos beneficios. El club est\u00e1 en constante evoluci\u00f3n, y estar al tanto te ayudar\u00e1 a desbloquear nuevas posibilidades. \u00a1Recuerda seguir a UVC en redes sociales para mantenerte al d\u00eda con nuestras \u00faltimas noticias y actualizaciones!<\/li>\n<\/ul>\n<p>[\/vc_column_text][vc_column_text css=\u00bb\u00bb]<\/p>\n<h3><span style=\"font-weight: 400;\">Consejos y estrategias para maximizar tu membres\u00eda desbloqueada de Unlimited Vacation Club<\/span><\/h3>\n<p>[\/vc_column_text][vc_column_text css=\u00bb\u00bb]Desbloquear tu membres\u00eda de Unlimited Vacation Club es solo el comienzo. Para realmente sacarle el m\u00e1ximo provecho, necesitar\u00e1s optimizarla. Aqu\u00ed tienes algunos consejos y estrategias para lograrlo:<\/p>\n<ul>\n<li style=\"font-weight: 400;\" aria-level=\"1\"><strong>Prueba nuevas experiencias:<\/strong> No te limites a los destinos vacacionales conocidos. Atr\u00e9vete a explorar nuevos lugares en el Caribe, como Canc\u00fan, Playa del Carmen, Punta Cana, Montego Bay o Tulum, por mencionar algunos. La vasta red de resorts del club ofrece amplias oportunidades para la exploraci\u00f3n y el descubrimiento.<\/li>\n<li style=\"font-weight: 400;\" aria-level=\"1\"><strong>Utiliza tus beneficios:<\/strong> Aprovecha todos los beneficios de tu membres\u00eda. Ya sea nuevas aperturas de resorts, check-ins prioritarios o servicios exclusivos, aseg\u00farate de utilizarlos por completo.<\/li>\n<li style=\"font-weight: 400;\" aria-level=\"1\"><strong>Mantente informado:<\/strong> Mantente al d\u00eda con las actualizaciones del club y nuevos beneficios. Cuanto m\u00e1s informado est\u00e9s, mejor podr\u00e1s maximizar tu membres\u00eda.<\/li>\n<\/ul>\n<p>[\/vc_column_text][vc_column_text css=\u00bb\u00bb]<\/p>\n<h2><b>Destinos y experiencias populares con una membres\u00eda desbloqueada de Unlimited Vacation Club<\/b><\/h2>\n<p>[\/vc_column_text][vc_column_text css=\u00bb\u00bb]Como socio desbloqueado de Unlimited Vacation Club, <a href=\"https:\/\/unlimitedvacationclub.blog\/es\/destination-item\/\">tendr\u00e1s acceso a muchos destinos y experiencias incre\u00edbles<\/a>. Desde para\u00edsos tropicales hasta resorts vibrantes, todos los puntos clave del Caribe y Europa estar\u00e1n a tu disposici\u00f3n. Aqu\u00ed tienes algunos de los destinos y experiencias m\u00e1s populares entre los socios desbloqueados:<\/p>\n<ul>\n<li style=\"font-weight: 400;\" aria-level=\"1\"><strong>Para\u00edso tropical:<\/strong> Disfruta del sol, la arena y el mar en algunos de los destinos de playa m\u00e1s bellos del mundo. Desde el Caribe hasta el Pac\u00edfico, estos para\u00edsos tropicales ofrecen el escenario perfecto para la relajaci\u00f3n y el rejuvenecimiento.<\/li>\n<li style=\"font-weight: 400;\" aria-level=\"1\"><strong>Exploraci\u00f3n urbana:<\/strong> Experimenta el dinamismo de ciudades como Punta Cana, Canc\u00fan, Puerto Vallarta y Montego Bay. Con su hermoso paisaje, playas paradis\u00edacas y vida nocturna vibrante, estos destinos populares ofrecen una experiencia vacacional emocionante.<\/li>\n<li style=\"font-weight: 400;\" aria-level=\"1\"><strong>Inmersi\u00f3n en la naturaleza:<\/strong> Sum\u00e9rgete en la naturaleza en destinos como la selva tropical de Costa Rica. Estos para\u00edsos naturales ofrecen una experiencia vacacional \u00fanica e impresionante.<\/li>\n<\/ul>\n<p>[\/vc_column_text][vc_column_text css=\u00bb\u00bb]<\/p>\n<h2><b>\u00bfVale la pena desbloquear la membres\u00eda de Unlimited Vacation Club?<\/b><\/h2>\n<p>[\/vc_column_text][vc_column_text css=\u00bb\u00bb]<a href=\"https:\/\/unlimitedvacationclub.blog\/pros-and-cons-of-unlimited-vacation-club\/\">Entonces, \u00bfvale la pena desbloquear la membres\u00eda de Unlimited Vacation Club?<\/a> Basado en los numerosos beneficios y privilegios, la amplia gama de destinos y experiencias, y la libertad y flexibilidad que ofrece, la respuesta es un rotundo s\u00ed.<\/p>\n<p>Desbloquear tu membres\u00eda de Unlimited Vacation Club es como encontrar la llave a un cofre del tesoro de posibilidades vacacionales infinitas. Es una puerta de entrada a un mundo de lujo, relajaci\u00f3n y exploraci\u00f3n. As\u00ed que, \u00bfpor qu\u00e9 esperar? Comienza tu viaje hoy y abre la puerta a tu para\u00edso vacacional.<\/p>\n<p><strong>\u00bfListo para unirte al club? \u00bfO tal vez tienes algunas preguntas sobre la membres\u00eda? Hablemos de vacaciones sin l\u00edmites.<\/strong><\/p>\n<p><strong>\u00a1Cont\u00e1ctanos!<\/strong>[\/vc_column_text][\/vc_column][\/vc_row]<\/p>\n<\/div>","protected":false},"excerpt":{"rendered":"<p>[vc_row][vc_column][vc_single_image image=\u00bb28339&#8243; img_size=\u00bbfull\u00bb alignment=\u00bbcenter\u00bb][vc_column_text css=\u00bb.vc_custom_1751414806381{margin-bottom: 20px !important;}\u00bb] \u00bfC\u00f3mo desbloquear una membres\u00eda de Unlimited Vacation? [\/vc_column_text][vc_column_text css=\u00bb\u00bb]Has escuchado los rumores, los tentadores susurros sobre una puerta secreta al para\u00edso. Un club exclusivo que ofrece acceso sin igual a los destinos vacacionales [&hellip;]<\/p>\n","protected":false},"author":8,"featured_media":0,"parent":0,"menu_order":0,"comment_status":"closed","ping_status":"closed","template":"","meta":{"_acf_changed":false,"_seopress_robots_primary_cat":"","_seopress_titles_title":"C\u00f3mo Obtener Membres\u00eda UVC - Gu\u00eda Completa Beneficio","_seopress_titles_desc":"Aqu\u00ed tienes una gu\u00eda completa para aprovechar al m\u00e1ximo tu membres\u00eda en Unlimited Vacation Club. \u00a1Abramos juntos las puertas al para\u00edso!","_seopress_robots_index":"","jetpack_post_was_ever_published":false,"footnotes":""},"class_list":["post-33190","page","type-page","status-publish"],"acf":[],"jetpack_sharing_enabled":true,"_links":{"self":[{"href":"https:\/\/unlimitedvacationclub.blog\/es\/wp-json\/wp\/v2\/pages\/33190","targetHints":{"allow":["GET"]}}],"collection":[{"href":"https:\/\/unlimitedvacationclub.blog\/es\/wp-json\/wp\/v2\/pages"}],"about":[{"href":"https:\/\/unlimitedvacationclub.blog\/es\/wp-json\/wp\/v2\/types\/page"}],"author":[{"embeddable":true,"href":"https:\/\/unlimitedvacationclub.blog\/es\/wp-json\/wp\/v2\/users\/8"}],"replies":[{"embeddable":true,"href":"https:\/\/unlimitedvacationclub.blog\/es\/wp-json\/wp\/v2\/comments?post=33190"}],"version-history":[{"count":4,"href":"https:\/\/unlimitedvacationclub.blog\/es\/wp-json\/wp\/v2\/pages\/33190\/revisions"}],"predecessor-version":[{"id":33195,"href":"https:\/\/unlimitedvacationclub.blog\/es\/wp-json\/wp\/v2\/pages\/33190\/revisions\/33195"}],"wp:attachment":[{"href":"https:\/\/unlimitedvacationclub.blog\/es\/wp-json\/wp\/v2\/media?parent=33190"}],"curies":[{"name":"wp","href":"https:\/\/api.w.org\/{rel}","templated":true}]}}