{"id":33222,"date":"2024-04-24T16:59:07","date_gmt":"2024-04-24T21:59:07","guid":{"rendered":"https:\/\/unlimitedvacationclub.blog\/the-best-benefits-of-unlimited-vacation-club-as-per-our-reviews\/"},"modified":"2025-07-02T13:44:26","modified_gmt":"2025-07-02T18:44:26","slug":"los-mejores-beneficios-de-unlimited-vacation-club-segun-nuestras-resenas","status":"publish","type":"page","link":"https:\/\/unlimitedvacationclub.blog\/es\/los-mejores-beneficios-de-unlimited-vacation-club-segun-nuestras-resenas\/","title":{"rendered":"Los mejores beneficios de Unlimited Vacation Club seg\u00fan nuestras rese\u00f1as"},"content":{"rendered":"<div class=\"wpb-content-wrapper\"><p>[vc_row][vc_column][vc_single_image image=\u00bb29510&#8243; img_size=\u00bbfull\u00bb alignment=\u00bbcenter\u00bb][vc_column_text css=\u00bb\u00bb]<\/p>\n<h1 style=\"text-align: center;\"><span style=\"font-weight: 400;\">Los mejores beneficios de Unlimited Vacation Club seg\u00fan nuestras rese\u00f1as<\/span><\/h1>\n<p>[\/vc_column_text][vc_column_text css=\u00bb\u00bb]\u00bfEst\u00e1s listo para escuchar lo <a href=\"https:\/\/unlimitedvacationclub.blog\/the-most-useful-unlimited-vacation-club-reviews\/\">que nuestros socios tienen que decir sobre su<\/a> membres\u00eda en Unlimited Vacation Club (UVC)? \u00a1Pues prep\u00e1rate para sorprenderte, porque tienen cosas incre\u00edbles que compartir! Vamos a sumergirnos y descubrir los <a href=\"https:\/\/unlimitedvacationclub.blog\/5-benefits-of-celebrating-special-occasions-with-unlimited-vacation-club\/\">cinco principales beneficios de ser socio<\/a> seg\u00fan estas <a href=\"https:\/\/unlimitedvacationclub.blog\/member-experiences\/\"><strong>rese\u00f1as de Unlimited Vacation Club.<\/strong><\/a>[\/vc_column_text][vc_column_text css=\u00bb\u00bb]<\/p>\n<h2><span style=\"font-weight: 400;\">1. Explorer\u2019s Club para ni\u00f1os en Dreams y Sunscape Resorts<\/span><\/h2>\n<p>[\/vc_column_text][vc_single_image image=\u00bb29512&#8243; img_size=\u00bbfull\u00bb alignment=\u00bbcenter\u00bb][vc_column_text css=\u00bb\u00bb]<em>Niveles de membres\u00eda UVC \u2013 Explorer\u2019s Club para ni\u00f1os<\/em><\/p>\n<p>Este es un beneficio fant\u00e1stico para las familias que quieren asegurarse de que sus hijos se diviertan al m\u00e1ximo durante sus vacaciones. El Explorer\u2019s Club ofrece una amplia variedad de actividades y entretenimiento para ni\u00f1os de todas las edades.<\/p>\n<p>Desde manualidades hasta deportes y juegos, tus peque\u00f1os estar\u00e1n entretenidos y activos mientras t\u00fa te relajas y disfrutas de un merecido descanso. Las <a href=\"https:\/\/unlimitedvacationclub.blog\/member-experiences\/\">rese\u00f1as de Unlimited Vacation Club<\/a> elogian el incre\u00edble cuidado y atenci\u00f3n que reciben sus hijos en el Explorer\u2019s Club, convirti\u00e9ndolo en una parada obligatoria para las familias.[\/vc_column_text][vc_column_text css=\u00bb\u00bb]<\/p>\n<h2><span style=\"font-weight: 400;\">2. Fiestas tem\u00e1ticas en los resorts de Unlimited Vacation Club<\/span><\/h2>\n<p>[\/vc_column_text][vc_single_image image=\u00bb29514&#8243; img_size=\u00bbfull\u00bb alignment=\u00bbcenter\u00bb][vc_column_text css=\u00bb\u00bb]<em>Fiestas tem\u00e1ticas \u2013 Unlimited Vacation Club<\/em><\/p>\n<p>Las rese\u00f1as de Unlimited Vacation Club muestran que a los socios les encanta poder disfrutar de eventos emocionantes y \u00fanicos durante su estad\u00eda.<\/p>\n<p>Ya sea una fiesta en la playa con m\u00fasica en vivo y bailarines con fuego, una fiesta de m\u00e1scaras en Breathless Montego Bay Resort &amp; Spa, o una fiesta mexicana con comida y bebidas tradicionales, estas fiestas tem\u00e1ticas agregan un elemento extra de diversi\u00f3n a tus vacaciones.<\/p>\n<p>Es una excelente oportunidad para soltarse, bailar toda la noche y crear recuerdos inolvidables con tus seres queridos.[\/vc_column_text][vc_column_text css=\u00bb\u00bb]<\/p>\n<h2><span style=\"font-weight: 400;\">3. \u00a1No se necesitan reservaciones en nuestros restaurantes!<\/span><\/h2>\n<p>[\/vc_column_text][vc_single_image image=\u00bb29516&#8243; img_size=\u00bbfull\u00bb alignment=\u00bbcenter\u00bb][vc_column_text css=\u00bb\u00bb]<em>Rese\u00f1as de Unlimited Vacation Club \u2013 Restaurantes<\/em><\/p>\n<p>Uno de los beneficios m\u00e1s convenientes de formar parte de nuestros niveles de membres\u00eda UVC es la posibilidad de cenar en los restaurantes del hotel sin necesidad de hacer una reservaci\u00f3n.<\/p>\n<p>Esto marca una gran diferencia para quienes disfrutan de probar diferentes cocinas y explorar nuevos sabores. Puedes simplemente entrar a cualquiera de los restaurantes del hotel y sentarte sin la molestia de esperar por una mesa.<\/p>\n<p>Esto te permite disfrutar de comidas deliciosas a tu propio ritmo, sin estr\u00e9s ni restricciones de tiempo. Las rese\u00f1as de Unlimited Vacation Club muestran que los socios valoran mucho este beneficio, ya que mejora su experiencia gastron\u00f3mica y les permite saborear cada bocado.[\/vc_column_text][vc_column_text css=\u00bb\u00bb]<\/p>\n<h2><span style=\"font-weight: 400;\">4. Experiencias gourmet exclusivas<\/span><\/h2>\n<p>[\/vc_column_text][vc_single_image image=\u00bb29518&#8243; img_size=\u00bbfull\u00bb alignment=\u00bbcenter\u00bb][vc_column_text css=\u00bb\u00bb]<em>Niveles de membres\u00eda UVC \u2013 Experiencias gourmet exclusivas<\/em><\/p>\n<p>Si eres amante de la buena comida y buscas experiencias gourmet, entonces UVC tiene lo que necesitas. Imagina disfrutar de un ceviche fresco o sushi en la playa mientras contemplas impresionantes vistas al mar. As\u00ed es, los socios UVC tienen acceso a experiencias gourmet como esta, seg\u00fan el resort que elijas.<\/p>\n<p>Desde cenas frente al mar hasta eventos culinarios exclusivos que var\u00edan de una marca a otra y de un resort a otro, tendr\u00e1s muchas oportunidades para deleitarte con platos preparados por chefs de clase mundial. Estas experiencias gourmet elevan tus vacaciones a otro nivel y te ofrecen aventuras culinarias inolvidables que var\u00edan seg\u00fan la marca y el resort (\u00a1ahora los amantes de la comida tienen una excusa para visitarlos todos!).[\/vc_column_text][vc_column_text css=\u00bb\u00bb]<\/p>\n<h2><span style=\"font-weight: 400;\">5. Mejoras preferenciales a habitaciones \u201cSwim Out\u201d (Solo para adultos y sujeto a disponibilidad)<\/span><\/h2>\n<p>[\/vc_column_text][vc_single_image image=\u00bb29520&#8243; img_size=\u00bbfull\u00bb alignment=\u00bbcenter\u00bb][vc_column_text css=\u00bb\u00bb]<em>Habitaciones Swim Out<\/em><\/p>\n<p>Por \u00faltimo, pero no menos importante, los <a href=\"https:\/\/unlimitedvacationclub.blog\/how-being-a-member-of-unlimited-vacation-club-helps-you-save-money-on-your-vacations-tips-from-our-members\/\">socios de UVC disfrutan de mejoras preferenciales<\/a> a habitaciones Swim Out, basadas en la disponibilidad y a la siguiente categor\u00eda de habitaci\u00f3n correspondiente a su reserva. \u00bfQui\u00e9n no querr\u00eda acceso directo a una piscina desde su propia habitaci\u00f3n?<\/p>\n<p>Este beneficio exclusivo te permite disfrutar de m\u00e1xima relajaci\u00f3n y comodidad durante tu estancia. Imagina despertar por la ma\u00f1ana y sumergirte directamente en las aguas refrescantes de tu piscina privada. Es como tener tu propio oasis a solo unos pasos de la cama. Las rese\u00f1as de Unlimited Vacation Club muestran que los socios adoran esta mejora, ya que a\u00f1ade un toque extra de lujo y placer a sus vacaciones.[\/vc_column_text][vc_column_text css=\u00bb\u00bb]<\/p>\n<h2><span style=\"font-weight: 400;\">6. \u00a1UVC es libre de pulseras!<\/span><\/h2>\n<p>[\/vc_column_text][vc_single_image image=\u00bb29522&#8243; img_size=\u00bbfull\u00bb alignment=\u00bbright\u00bb][vc_column_text css=\u00bb\u00bb]<em>Niveles de membres\u00eda UVC \u2013 No se necesitan pulseras<\/em><\/p>\n<p>Disfruta de la m\u00e1xima libertad en nuestros resorts. <a href=\"https:\/\/unlimitedvacationclub.blog\/do-you-belong-to-one-of-our-uvc-membership-levels-heres-how-we-thank-you\/\">Como socio de Unlimited Vacation Club<\/a> (UVC), experimentar\u00e1s el lujo de moverte sin etiquetas, sin la necesidad de usar pulseras. \u00a1Esta ventaja definitivamente nos distingue! As\u00ed que haz tus maletas y prep\u00e1rate para una experiencia vacacional sin restricciones, donde no ser\u00e1s solo un hu\u00e9sped, sino un valioso socio de nuestra exclusiva comunidad de viajeros. Deja atr\u00e1s las pulseras y disfruta tus vacaciones como deben ser: \u00a1sin l\u00edmites ni limitaciones!<\/p>\n<p>En resumen, ser socio de Unlimited Vacation Club viene con beneficios incre\u00edbles de los que <a href=\"https:\/\/unlimitedvacationclub.blog\/member-experiences\/\">nuestros socios no dejan de hablar<\/a>. Desde el Explorer\u2019s Club para ni\u00f1os y las fiestas tem\u00e1ticas en los resorts, hasta la ausencia de reservas en restaurantes, el acceso a experiencias gourmet y las mejoras preferenciales a habitaciones Swim Out, hay algo para que todos disfruten.<\/p>\n<p><strong>\u00bfEntonces, por qu\u00e9 esperar? \u00a1\u00danete a UVC hoy y empieza a disfrutar de estas incre\u00edbles ventajas por ti mismo!<\/strong>[\/vc_column_text][vc_empty_space][vc_column_text]<\/p>\n<h3><span style=\"font-weight: 400;\">Unlimited Vacation Club Reviews &#8211; Members\u2019 Favorites Edition<\/span><\/h3>\n<p>[\/vc_column_text][vc_empty_space][vc_empty_space][vc_single_image image=\u00bb29524&#8243; img_size=\u00bbfull\u00bb alignment=\u00bbcenter\u00bb][vc_single_image image=\u00bb29526&#8243; img_size=\u00bbfull\u00bb alignment=\u00bbcenter\u00bb][vc_single_image image=\u00bb29528&#8243; img_size=\u00bbfull\u00bb alignment=\u00bbcenter\u00bb][vc_empty_space][vc_column_text]<a href=\"https:\/\/unlimitedvacationclub.blog\/member-experiences\/\"><span style=\"font-weight: 400;\">Read more member reviews<\/span><\/a><span style=\"font-weight: 400;\">\u00a0<\/span><\/p>\n<p><a href=\"https:\/\/unlimitedvacationclub.blog\/category\/destinations\/\"><span style=\"font-weight: 400;\">Meet more destinations<\/span><\/a>[\/vc_column_text][\/vc_column][\/vc_row]<\/p>\n<\/div>","protected":false},"excerpt":{"rendered":"<p>[vc_row][vc_column][vc_single_image image=\u00bb29510&#8243; img_size=\u00bbfull\u00bb alignment=\u00bbcenter\u00bb][vc_column_text css=\u00bb\u00bb] Los mejores beneficios de Unlimited Vacation Club seg\u00fan nuestras rese\u00f1as [\/vc_column_text][vc_column_text css=\u00bb\u00bb]\u00bfEst\u00e1s listo para escuchar lo que nuestros socios tienen que decir sobre su membres\u00eda en Unlimited Vacation Club (UVC)? \u00a1Pues prep\u00e1rate para sorprenderte, porque [&hellip;]<\/p>\n","protected":false},"author":8,"featured_media":0,"parent":0,"menu_order":0,"comment_status":"closed","ping_status":"closed","template":"","meta":{"_acf_changed":false,"_seopress_robots_primary_cat":"","_seopress_titles_title":"Beneficios de la membres\u00eda UVC - Gu\u00eda de acceso a resorts de lujo","_seopress_titles_desc":"\u00a1Nuestros miembros hablan! Descubre los 5 beneficios m\u00e1s incre\u00edbles de tener una membres\u00eda UVC en nuestras rese\u00f1as de Unlimited Vacation Club.","_seopress_robots_index":"","jetpack_post_was_ever_published":false,"footnotes":""},"class_list":["post-33222","page","type-page","status-publish"],"acf":[],"jetpack_sharing_enabled":true,"_links":{"self":[{"href":"https:\/\/unlimitedvacationclub.blog\/es\/wp-json\/wp\/v2\/pages\/33222","targetHints":{"allow":["GET"]}}],"collection":[{"href":"https:\/\/unlimitedvacationclub.blog\/es\/wp-json\/wp\/v2\/pages"}],"about":[{"href":"https:\/\/unlimitedvacationclub.blog\/es\/wp-json\/wp\/v2\/types\/page"}],"author":[{"embeddable":true,"href":"https:\/\/unlimitedvacationclub.blog\/es\/wp-json\/wp\/v2\/users\/8"}],"replies":[{"embeddable":true,"href":"https:\/\/unlimitedvacationclub.blog\/es\/wp-json\/wp\/v2\/comments?post=33222"}],"version-history":[{"count":4,"href":"https:\/\/unlimitedvacationclub.blog\/es\/wp-json\/wp\/v2\/pages\/33222\/revisions"}],"predecessor-version":[{"id":33227,"href":"https:\/\/unlimitedvacationclub.blog\/es\/wp-json\/wp\/v2\/pages\/33222\/revisions\/33227"}],"wp:attachment":[{"href":"https:\/\/unlimitedvacationclub.blog\/es\/wp-json\/wp\/v2\/media?parent=33222"}],"curies":[{"name":"wp","href":"https:\/\/api.w.org\/{rel}","templated":true}]}}