{"id":33234,"date":"2024-01-17T14:04:05","date_gmt":"2024-01-17T19:04:05","guid":{"rendered":"https:\/\/unlimitedvacationclub.blog\/the-most-useful-unlimited-vacation-club-reviews\/"},"modified":"2025-07-16T15:06:37","modified_gmt":"2025-07-16T20:06:37","slug":"las-resenas-mas-utiles-de-unlimited-vacation-club","status":"publish","type":"page","link":"https:\/\/unlimitedvacationclub.blog\/es\/las-resenas-mas-utiles-de-unlimited-vacation-club\/","title":{"rendered":"Las Rese\u00f1as M\u00e1s \u00datiles de Unlimited Vacation Club"},"content":{"rendered":"<div class=\"wpb-content-wrapper\"><p>[vc_row][vc_column][vc_separator][vc_single_image image=\u00bb28345&#8243; img_size=\u00bbfull\u00bb alignment=\u00bbcenter\u00bb][vc_column_text css=\u00bb\u00bb]<\/p>\n<h1 style=\"text-align: center;\"><span style=\"font-weight: 400;\">Las Rese\u00f1as M\u00e1s \u00datiles de Unlimited Vacation Club<\/span><\/h1>\n<p>[\/vc_column_text][vc_column_text css=\u00bb\u00bb]En Unlimited Vacation Club (UVC), hemos estado revolucionando la industria del turismo desde hace ya un tiempo. Ofreciendo una combinaci\u00f3n \u00fanica de lujo ilimitado y <a href=\"https:\/\/unlimitedvacationclub.blog\/membership-hacks\/\">experiencias de viaje incomparables<\/a>, nuestro club de viajes ha recibido <a href=\"https:\/\/unlimitedvacationclub.blog\/es\/testimoniales\/\">incre\u00edbles rese\u00f1as de muchos viajeros<\/a>. Vamos a sumergirnos y analizar algunas de las mejores rese\u00f1as de Unlimited Vacation Club para entender qu\u00e9 es lo que diferencia a UVC de sus competidores.[\/vc_column_text][vc_column_text css=\u00bb\u00bb]<\/p>\n<h2><span style=\"font-weight: 400;\">\u00bfQu\u00e9 Dicen los Viajeros Sobre las Vacaciones con Este Club de Viajes Ilimitado? Las Rese\u00f1as M\u00e1s \u00datiles<\/span><\/h2>\n<p>[\/vc_column_text][vc_column_text css=\u00bb\u00bb]<\/p>\n<h2><span style=\"font-weight: 400;\">1. Variedad de destinos<\/span><\/h2>\n<p>[\/vc_column_text][vc_column_text css=\u00bb\u00bb]Uno de los <a href=\"https:\/\/unlimitedvacationclub.blog\/the-best-benefits-of-unlimited-vacation-club-as-per-our-reviews\/\">aspectos m\u00e1s elogiados de UVC<\/a> es nuestra amplia variedad y la gran cantidad de destinos disponibles. Desde las playas ba\u00f1adas por el sol de M\u00e9xico y Rep\u00fablica Dominicana hasta los paisajes v\u00edrgenes de Costa Rica, e incluso los escenarios rom\u00e1nticos de Europa, UVC ofrece a sus socios acceso a una gama de experiencias locales ex\u00f3ticas.<\/p>\n<p>Es un sue\u00f1o hecho realidad para los trotamundos que desean explorar diferentes rincones de los destinos m\u00e1s paradis\u00edacos sin preocuparse por ninguna limitaci\u00f3n de viaje.[\/vc_column_text][vc_separator][vc_row_inner css=\u00bb.vc_custom_1705518897464{margin-top: 40px !important;margin-bottom: 40px !important;}\u00bb][vc_column_inner width=\u00bb5\/6&#8243;][vc_column_text css=\u00bb\u00bb]\u00a1Me encanta conectar con personalidades de todo el mundo![\/vc_column_text][vc_column_text]<strong>CURTIS SAUNDERS<\/strong>[\/vc_column_text][vc_column_text css=\u00bb\u00bb]<i class=\"fa fa-home\"><\/i> Auburn <i class=\"fa fa-map-marker-alt\"><\/i> Secrets Riviera Cancun Socio <i class=\"fa fa-globe\"><\/i>UVC[\/vc_column_text][\/vc_column_inner][vc_column_inner width=\u00bb1\/6&#8243;][vc_single_image image=\u00bb27535&#8243; alignment=\u00bbcenter\u00bb style=\u00bbvc_box_circle_2&#8243;][\/vc_column_inner][\/vc_row_inner][vc_separator][vc_row_inner css=\u00bb.vc_custom_1705518904130{margin-top: 40px !important;margin-bottom: 40px !important;}\u00bb][vc_column_inner width=\u00bb1\/6&#8243;][vc_single_image image=\u00bb27475&#8243; alignment=\u00bbcenter\u00bb style=\u00bbvc_box_circle_2&#8243;][\/vc_column_inner][vc_column_inner width=\u00bb5\/6&#8243;][vc_column_text css=\u00bb\u00bb]Llevamos a nuestros padres con nosotros en este viaje. \u00a1La pasamos incre\u00edble y conocimos a un gran grupo de personas de la Costa Este de EE.UU. con quienes todav\u00eda hablamos hoy! Nos encantan AM Resorts y todas sus marcas.[\/vc_column_text][vc_column_text]<\/p>\n<p style=\"text-align: right; text-transform: uppercase;\"><strong>Nathan and Julie Anderson<\/strong><\/p>\n<p>[\/vc_column_text][vc_column_text css=\u00bb\u00bb]<\/p>\n<p style=\"text-align: right;\"><i class=\"fa fa-home\"><\/i> Tukwila WA <i class=\"fa fa-map-marker-alt\"><\/i> Dreams Palm Beach Punta Cana Socio\u00a0UVC<\/p>\n<p>[\/vc_column_text][\/vc_column_inner][\/vc_row_inner][vc_separator][vc_column_text css=\u00bb\u00bb]<\/p>\n<h2><span style=\"font-weight: 400;\">2. Dedicaci\u00f3n del personal<\/span><\/h2>\n<p>[\/vc_column_text][vc_column_text css=\u00bb\u00bb]Varios socios tambi\u00e9n han elogiado el servicio al cliente de UVC en sus rese\u00f1as. La amabilidad y profesionalismo del personal, su disposici\u00f3n para ayudar y su dedicaci\u00f3n para garantizar que los socios tengan un tiempo fant\u00e1stico, contribuyen a estos comentarios positivos. Un servicio tan destacado hace que las vacaciones sean a\u00fan m\u00e1s memorables, y no es de extra\u00f1ar que UVC haya conquistado los corazones de muchos.[\/vc_column_text][vc_row_inner css=\u00bb.vc_custom_1705518904130{margin-top: 40px !important;margin-bottom: 40px !important;}\u00bb][vc_column_inner width=\u00bb1\/6&#8243;][vc_single_image image=\u00bb27518&#8243; alignment=\u00bbcenter\u00bb style=\u00bbvc_box_circle_2&#8243;][\/vc_column_inner][vc_column_inner width=\u00bb5\/6&#8243;][vc_column_text css=\u00bb\u00bb]Este fue mi primer viaje como socio UVC y tuve una experiencia incre\u00edble. \u00a1Me alegra haberlo compartido con mi mejor amiga! \u00a1El personal de Dreams Sands Canc\u00fan es inigualable!![\/vc_column_text][vc_column_text]<\/p>\n<p style=\"text-align: right; text-transform: uppercase;\"><strong>ALEXIS COLUNGA<\/strong><\/p>\n<p>[\/vc_column_text][vc_column_text css=\u00bb\u00bb]<\/p>\n<p style=\"text-align: right;\"><i class=\"fa fa-home\"><\/i> Austin <i class=\"fa fa-map-marker-alt\"><\/i> Dreams Sands Cancun Socio UVC<\/p>\n<p>[\/vc_column_text][\/vc_column_inner][\/vc_row_inner][vc_separator][vc_row_inner css=\u00bb.vc_custom_1705518904130{margin-top: 40px !important;margin-bottom: 40px !important;}\u00bb][vc_column_inner width=\u00bb5\/6&#8243;][vc_column_text css=\u00bb\u00bb]#UVCmemories es llegar y ver la playa y las vistas m\u00e1s maravillosas. #UnlimitedAppreciation es c\u00f3mo siempre hab\u00eda alguien pregunt\u00e1ndonos si necesit\u00e1bamos algo.[\/vc_column_text][vc_column_text]<\/p>\n<p style=\"text-align: left; text-transform: uppercase;\"><strong>Joseph Rasnic<\/strong><\/p>\n<p>[\/vc_column_text][vc_column_text]<\/p>\n<p style=\"text-align: left;\"><i class=\"fa fa-home\"><\/i> Scottsbluff <i class=\"fa fa-map-marker-alt\"><\/i> Now Amber Puerto Vallarta <i class=\"fa fa-globe\"><\/i> UVC Member<\/p>\n<p>[\/vc_column_text][\/vc_column_inner][vc_column_inner width=\u00bb1\/6&#8243;][vc_single_image image=\u00bb27352&#8243; alignment=\u00bbcenter\u00bb style=\u00bbvc_box_circle_2&#8243;][\/vc_column_inner][\/vc_row_inner][vc_separator][vc_row_inner css=\u00bb.vc_custom_1705518904130{margin-top: 40px !important;margin-bottom: 40px !important;}\u00bb][vc_column_inner width=\u00bb1\/6&#8243;][vc_single_image image=\u00bb27297&#8243; alignment=\u00bbcenter\u00bb style=\u00bbvc_box_circle_2&#8243;][\/vc_column_inner][vc_column_inner width=\u00bb5\/6&#8243;][vc_column_text css=\u00bb\u00bb]\u00a1El Jefe de Concierge y el Gerente de Bar viajaron desde Now Jade hasta Secrets Capri para vernos, traernos un ramo y un libro de cocina autografiado! \u00a1Muy especial![\/vc_column_text][vc_column_text]<\/p>\n<p style=\"text-align: right; text-transform: uppercase;\"><strong>JAMES AND LORI NOPPER<\/strong><\/p>\n<p>[\/vc_column_text][vc_column_text]<\/p>\n<p style=\"text-align: right;\"><i class=\"fa fa-home\"><\/i> Alliston <i class=\"fa fa-map-marker-alt\"><\/i> Secrets Riviera Cancun <i class=\"fa fa-globe\"><\/i> UVC Member<\/p>\n<p>[\/vc_column_text][\/vc_column_inner][\/vc_row_inner][vc_column_text css=\u00bb\u00bb]<\/p>\n<h2><span style=\"font-weight: 400;\">3. Alojamiento de alta calidad<\/span><\/h2>\n<p>[\/vc_column_text][vc_column_text css=\u00bb\u00bb]Otro aspecto destacado en estas rese\u00f1as es la alta calidad del alojamiento que ofrece UVC. Las habitaciones lujosamente decoradas, los resorts bien mantenidos y las comodidades de primer nivel han dejado una impresi\u00f3n duradera en muchos socios. \u00a1Los viajeros se han sentido como realeza durante su estad\u00eda en un resort UVC![\/vc_column_text][vc_row_inner css=\u00bb.vc_custom_1705518904130{margin-top: 40px !important;margin-bottom: 40px !important;}\u00bb][vc_column_inner width=\u00bb5\/6&#8243;][vc_column_text css=\u00bb\u00bb]\u00a1Visitar Dreams Riviera Canc\u00fan fue incre\u00edble! Nos encant\u00f3 nadar, las bebidas en la piscina y los restaurantes incre\u00edbles. \u00a1Lo mejor fue pasar tiempo en familia! #UVCmemories, #UnlimitedAppreciation.[\/vc_column_text][vc_column_text]<\/p>\n<p style=\"text-align: left; text-transform: uppercase;\"><strong>Michelle Kicsak<\/strong><\/p>\n<p>[\/vc_column_text][vc_column_text]<\/p>\n<p style=\"text-align: left;\"><i class=\"fa fa-home\"><\/i> Cincinatti <i class=\"fa fa-map-marker-alt\"><\/i> Dreams Riviera Cancun <i class=\"fa fa-globe\"><\/i> UVC Member<\/p>\n<p>[\/vc_column_text][\/vc_column_inner][vc_column_inner width=\u00bb1\/6&#8243;][vc_single_image image=\u00bb27346&#8243; alignment=\u00bbcenter\u00bb style=\u00bbvc_box_circle_2&#8243;][\/vc_column_inner][\/vc_row_inner][vc_separator][vc_column_text css=\u00bb\u00bb]<\/p>\n<h2><span style=\"font-weight: 400;\">4. Amenidades premium<\/span><\/h2>\n<p>[\/vc_column_text][vc_column_text css=\u00bb\u00bb]La naturaleza VIP de las membres\u00edas UVC es otro punto destacado mencionado frecuentemente en las rese\u00f1as. A los socios les encanta poder disfrutar de comidas gourmet, bebidas premium, opciones de entretenimiento emocionantes y muchas actividades sin preocuparse por costos adicionales. Esta caracter\u00edstica les permite relajarse por completo e involucrarse en su experiencia vacacional.[\/vc_column_text][vc_row_inner css=\u00bb.vc_custom_1705518904130{margin-top: 40px !important;margin-bottom: 40px !important;}\u00bb][vc_column_inner width=\u00bb1\/6&#8243;][vc_single_image image=\u00bb27337&#8243; alignment=\u00bbcenter\u00bb style=\u00bbvc_box_circle_2&#8243;][\/vc_column_inner][vc_column_inner width=\u00bb5\/6&#8243;][vc_column_text css=\u00bb\u00bb]El chef prepar\u00f3 el Mahi Mahi que pesqu\u00e9 en filetes para la cena y ceviche para el almuerzo, ambos en la playa. \u00a1Delicioso y con un servicio al cliente de primer nivel! #UVCmemories #UnlimitedAppreciation.[\/vc_column_text][vc_column_text]<\/p>\n<p style=\"text-align: right; text-transform: uppercase;\"><strong>Tricia Heidelbaugh<\/strong><\/p>\n<p>[\/vc_column_text][vc_column_text]<\/p>\n<p style=\"text-align: right;\"><i class=\"fa fa-home\"><\/i> Biddeford <i class=\"fa fa-map-marker-alt\"><\/i> Secrets Riviera Cancun <i class=\"fa fa-globe\"><\/i> UVC Member<\/p>\n<p>[\/vc_column_text][\/vc_column_inner][\/vc_row_inner][vc_separator][vc_column_text css=\u00bb\u00bb]<\/p>\n<h2><span style=\"font-weight: 400;\">5. UVC crea los recuerdos m\u00e1s entra\u00f1ables<\/span><\/h2>\n<p>[\/vc_column_text][vc_column_text css=\u00bb\u00bb]Las <strong>rese\u00f1as de Unlimited Vacation Club<\/strong> revelan c\u00f3mo los hu\u00e9spedes han creado y atesorado los recuerdos m\u00e1s entra\u00f1ables en estos resorts. Ya sea una reuni\u00f3n familiar, una luna de miel o una aventura en solitario, los resorts de UVC han demostrado ser el escenario perfecto para todo.<\/p>\n<p>Ofrecen una amplia gama de actividades y experiencias para todas las edades e intereses, asegurando que cada hu\u00e9sped tenga una vivencia \u00fanica e inolvidable. As\u00ed que, si est\u00e1s buscando crear algunos de los mejores recuerdos de tu vida, los resorts UVC deben ser tu destino predilecto. Volver\u00e1s a casa no solo con fotos, sino con historias entra\u00f1ables y experiencias que atesorar\u00e1s por siempre.[\/vc_column_text][vc_row_inner css=\u00bb.vc_custom_1705518904130{margin-top: 40px !important;margin-bottom: 40px !important;}\u00bb][vc_column_inner width=\u00bb1\/6&#8243;][vc_single_image image=\u00bb27532&#8243; alignment=\u00bbcenter\u00bb style=\u00bbvc_box_circle_2&#8243;][\/vc_column_inner][vc_column_inner width=\u00bb5\/6&#8243;][vc_column_text css=\u00bb\u00bb]Este fue nuestro segundo viaje a Secrets. Las tres parejas tenemos hijos, pero el viaje de diciembre es para recordarnos que nos amamos y por eso tenemos vidas tan maravillosas.[\/vc_column_text][vc_column_text]<\/p>\n<p style=\"text-align: right; text-transform: uppercase;\"><strong>Lena Costain<\/strong><\/p>\n<p>[\/vc_column_text][vc_column_text]<\/p>\n<p style=\"text-align: right;\"><i class=\"fa fa-home\"><\/i> Naples <i class=\"fa fa-map-marker-alt\"><\/i> Secrets Riviera Cancun <i class=\"fa fa-globe\"><\/i> UVC Member<\/p>\n<p>[\/vc_column_text][\/vc_column_inner][\/vc_row_inner][vc_separator][vc_row_inner css=\u00bb.vc_custom_1705518904130{margin-top: 40px !important;margin-bottom: 40px !important;}\u00bb][vc_column_inner width=\u00bb5\/6&#8243;][vc_column_text css=\u00bb\u00bb]Nuestras vacaciones con UVC nos permiten redescubrir la relajaci\u00f3n, la paz, el equilibrio y la serenidad. Gracias UVC por ofrecer vacaciones de lujo.[\/vc_column_text][vc_column_text]<\/p>\n<p style=\"text-align: left; text-transform: uppercase;\"><strong>Elbert and Zenobia Hill<\/strong><\/p>\n<p>[\/vc_column_text][vc_column_text]<\/p>\n<p style=\"text-align: left;\"><i class=\"fa fa-home\"><\/i> Winchester <i class=\"fa fa-map-marker-alt\"><\/i> Zo\u00ebtry Paraiso de la Bonita Riviera Maya <i class=\"fa fa-globe\"><\/i> UVC Member<\/p>\n<p>[\/vc_column_text][\/vc_column_inner][vc_column_inner width=\u00bb1\/6&#8243;][vc_single_image image=\u00bb27529&#8243; alignment=\u00bbcenter\u00bb style=\u00bbvc_box_circle_2&#8243;][\/vc_column_inner][\/vc_row_inner][vc_separator][vc_row_inner css=\u00bb.vc_custom_1705518904130{margin-top: 40px !important;margin-bottom: 40px !important;}\u00bb][vc_column_inner width=\u00bb1\/6&#8243;][vc_single_image image=\u00bb27514&#8243; alignment=\u00bbcenter\u00bb style=\u00bbvc_box_circle_2&#8243;][\/vc_column_inner][vc_column_inner width=\u00bb5\/6&#8243;][vc_column_text css=\u00bb\u00bb]Nuestro recuerdo favorito de todos los tiempos fue la boda de nuestra hija en Dreams Riviera Canc\u00fan. \u00a1Pura magia en un para\u00edso tropical! \u00a1Realmente saben c\u00f3mo hacer realidad los sue\u00f1os![\/vc_column_text][vc_column_text]<\/p>\n<p style=\"text-align: right; text-transform: uppercase;\"><strong>Tammy<\/strong><\/p>\n<p>[\/vc_column_text][vc_column_text]<\/p>\n<p style=\"text-align: right;\"><i class=\"fa fa-home\"><\/i> Allendale <i class=\"fa fa-map-marker-alt\"><\/i> Dreams Riviera Cancun <i class=\"fa fa-globe\"><\/i> UVC Member<\/p>\n<p>[\/vc_column_text][\/vc_column_inner][\/vc_row_inner][vc_separator][vc_column_text css=\u00bb\u00bb]\u00a1No te pierdas todas las experiencias incre\u00edbles que vivieron nuestros viajeros con UVC!<\/p>\n<p><strong>\u00bfListo para unirte al club? \u00bfO tal vez tienes algunas <a href=\"https:\/\/unlimitedvacationclub.blog\/pros-and-cons-of-unlimited-vacation-club\/\">preguntas sobre la membres\u00eda<\/a>? Hablemos de vacaciones sin l\u00edmites.<\/strong><\/p>\n<p><strong><a href=\"https:\/\/www.unlimitedvacationclub.com\/en\/guest\/contact-us-guest\/\">\u00a1Cont\u00e1ctanos!<\/a><\/strong>[\/vc_column_text][\/vc_column][\/vc_row]<\/p>\n<\/div>","protected":false},"excerpt":{"rendered":"<p>[vc_row][vc_column][vc_separator][vc_single_image image=\u00bb28345&#8243; img_size=\u00bbfull\u00bb alignment=\u00bbcenter\u00bb][vc_column_text css=\u00bb\u00bb] Las Rese\u00f1as M\u00e1s \u00datiles de Unlimited Vacation Club [\/vc_column_text][vc_column_text css=\u00bb\u00bb]En Unlimited Vacation Club (UVC), hemos estado revolucionando la industria del turismo desde hace ya un tiempo. Ofreciendo una combinaci\u00f3n \u00fanica de lujo ilimitado y experiencias [&hellip;]<\/p>\n","protected":false},"author":8,"featured_media":0,"parent":0,"menu_order":0,"comment_status":"closed","ping_status":"closed","template":"","meta":{"_acf_changed":false,"_seopress_robots_primary_cat":"","_seopress_titles_title":"Rese\u00f1as \u00fatiles de UVC: experiencias reales de socios - UVC","_seopress_titles_desc":"\u00bfTe gustar\u00eda conocer la experiencia de otros viajeros con UVC? Aqu\u00ed te mostramos las rese\u00f1as m\u00e1s \u00fatiles de Unlimited Vacation Club.","_seopress_robots_index":"","jetpack_post_was_ever_published":false,"footnotes":""},"class_list":["post-33234","page","type-page","status-publish"],"acf":[],"jetpack_sharing_enabled":true,"_links":{"self":[{"href":"https:\/\/unlimitedvacationclub.blog\/es\/wp-json\/wp\/v2\/pages\/33234","targetHints":{"allow":["GET"]}}],"collection":[{"href":"https:\/\/unlimitedvacationclub.blog\/es\/wp-json\/wp\/v2\/pages"}],"about":[{"href":"https:\/\/unlimitedvacationclub.blog\/es\/wp-json\/wp\/v2\/types\/page"}],"author":[{"embeddable":true,"href":"https:\/\/unlimitedvacationclub.blog\/es\/wp-json\/wp\/v2\/users\/8"}],"replies":[{"embeddable":true,"href":"https:\/\/unlimitedvacationclub.blog\/es\/wp-json\/wp\/v2\/comments?post=33234"}],"version-history":[{"count":4,"href":"https:\/\/unlimitedvacationclub.blog\/es\/wp-json\/wp\/v2\/pages\/33234\/revisions"}],"predecessor-version":[{"id":33239,"href":"https:\/\/unlimitedvacationclub.blog\/es\/wp-json\/wp\/v2\/pages\/33234\/revisions\/33239"}],"wp:attachment":[{"href":"https:\/\/unlimitedvacationclub.blog\/es\/wp-json\/wp\/v2\/media?parent=33234"}],"curies":[{"name":"wp","href":"https:\/\/api.w.org\/{rel}","templated":true}]}}