{"id":33266,"date":"2024-01-17T13:26:44","date_gmt":"2024-01-17T18:26:44","guid":{"rendered":"https:\/\/unlimitedvacationclub.blog\/pros-and-cons-of-unlimited-vacation-club\/"},"modified":"2025-07-02T17:03:32","modified_gmt":"2025-07-02T22:03:32","slug":"pros-y-contras-de-unlimited-vacation-club","status":"publish","type":"page","link":"https:\/\/unlimitedvacationclub.blog\/es\/pros-y-contras-de-unlimited-vacation-club\/","title":{"rendered":"Pros y Contras de Unlimited Vacation Club"},"content":{"rendered":"<div class=\"wpb-content-wrapper\"><p>[vc_row][vc_column][vc_single_image image=\u00bb28324&#8243; img_size=\u00bbfull\u00bb alignment=\u00bbcenter\u00bb][vc_column_text css=\u00bb\u00bb]<\/p>\n<h1 style=\"text-align: center;\"><span style=\"font-weight: 400;\">Pros y Contras de Unlimited Vacation Club<\/span><\/h1>\n<p>[\/vc_column_text][vc_column_text css=\u00bb\u00bb]Bienvenido al emocionante mundo de las vacaciones ilimitadas. Imagina esto: est\u00e1s descansando en una playa ba\u00f1ada por el sol, bebiendo un c\u00f3ctel, y tienes la libertad de hacerlo cuando quieras, tantas veces como desees, sin pensar en el costo ni preocuparte por cu\u00e1ntos d\u00edas te quedan. Suena como un sue\u00f1o, \u00bfverdad? Esto es lo que ofrece Unlimited Vacation Club (UVC). <a href=\"https:\/\/unlimitedvacationclub.blog\/the-best-benefits-of-unlimited-vacation-club-as-per-our-reviews\/\">UVC es una comunidad de viaje \u00fanica que ofrece vacaciones de lujo ilimitadas<\/a> a viajeros en una gran cantidad de resorts de ensue\u00f1o en el Caribe y Europa.<\/p>\n<p>Antes de lanzarte de lleno a <a href=\"https:\/\/unlimitedvacationclub.blog\/membership-hacks\/\">este universo de experiencias de viaje \u00fanicas<\/a>, es esencial entender los pros y\u2026 \u00bfcontras? de Unlimited Vacation Club. \u00a1Vamos all\u00e1![\/vc_column_text][vc_column_text css=\u00bb\u00bb]<\/p>\n<h2><b>Los Pros de Unlimited Vacation Club<\/b><\/h2>\n<p>[\/vc_column_text][vc_column_text css=\u00bb\u00bb]Vamos a explorar los beneficios de Unlimited Vacation Club<\/p>\n<ul>\n<li><strong>La flexibilidad que ofrece UVC no tiene comparaci\u00f3n.<\/strong> Puedes planear tus vacaciones seg\u00fan tu agenda y tus necesidades, no al rev\u00e9s.<\/li>\n<li><strong>La variedad es inmensa.<\/strong> Con acceso a una gran cantidad de resorts de lujo en el Caribe y ahora tambi\u00e9n en Europa, UVC ofrece muchos destinos para elegir. Ya seas amante de la playa o explorador de ciudades, hay algo para todos.<\/li>\n<li><strong>Como socio de UVC, puedes disfrutar de tarifas preferenciales en todos los resorts.<\/strong> <a href=\"https:\/\/unlimitedvacationclub.blog\/how-being-a-member-of-unlimited-vacation-club-helps-you-save-money-on-your-vacations-tips-from-our-members\/\">Puedes vivir vacaciones de lujo a precios preferenciales.<\/a><\/li>\n<li><strong>Puedes disfrutar de descuentos especiales en otros servicios: aqu\u00ed el cielo es el l\u00edmite.<\/strong> Piensa en tratamientos de spa, traslados al aeropuerto, atracciones locales, alquiler de autos, experiencias en cruceros y mucho m\u00e1s.<\/li>\n<li><strong>La membres\u00eda incluye niveles de servicio y amenidades elevadas:<\/strong> esto va desde suites equipadas, Wi-Fi de cortes\u00eda, art\u00edculos de ba\u00f1o de lujo, entre otros.<\/li>\n<\/ul>\n<p>[\/vc_column_text][vc_column_text css=\u00bb\u00bb]<\/p>\n<h2><b>Los \u201cContras\u201d de Unlimited Vacation Club<\/b><\/h2>\n<p>[\/vc_column_text][vc_column_text css=\u00bb\u00bb]\u00bfSab\u00edas que a Unlimited Vacation Club tambi\u00e9n se le conoce como el \u00abClub que har\u00e1 que tus amigos mueran de envidia\u00bb? Suena demasiado bueno para ser verdad, \u00bfcierto? \u00bfVacaciones ilimitadas? Tiene que haber alg\u00fan truco. <a href=\"https:\/\/unlimitedvacationclub.blog\/what-are-all-these-unlimited-vacation-club-complaints-about\/\">Seguramente hay algunos contras<\/a> escondidos en la letra peque\u00f1a, \u00bfno? Bueno, veamos.<\/p>\n<ul>\n<li style=\"font-weight: 400;\" aria-level=\"1\"><strong>\u00a1Podr\u00edas relajarte demasiado!<\/strong> Con UVC, existe el riesgo de que olvides cu\u00e1l era tu rutina diaria. Podr\u00edas acostumbrarte tanto a tomar pi\u00f1as coladas en la playa que, cuando finalmente regreses a casa, el sonido de tus obligaciones cotidianas podr\u00eda darte escalofr\u00edos. \u00a1Una situaci\u00f3n bastante aburrida!<\/li>\n<li style=\"font-weight: 400;\" aria-level=\"1\"><strong>Te estar\u00e1s sometiendo a una cascada interminable de preguntas de tus amigos.<\/strong> Las incontables solicitudes para traer recuerdos, las preguntas constantes sobre a d\u00f3nde ir\u00e1s despu\u00e9s, y lo peor de todo, tener que soportar que todos te pidan que por favor los lleves contigo en tu pr\u00f3ximo viaje.<\/li>\n<li style=\"font-weight: 400;\" aria-level=\"1\"><strong>Probablemente pasar\u00e1s m\u00e1s tiempo decidiendo qu\u00e9 empacar que empacando.<\/strong> Querr\u00e1s viajar todo el tiempo, lo que tristemente significa involucrarte en esa tediosa tarea que todos odiamos colectivamente: hacer maletas. Aunque con tantas experiencias premium, puede que te conviertas en un experto y estas peque\u00f1as molestias se vuelvan parte del juego.<\/li>\n<\/ul>\n<p>Ah\u00ed lo tienes. Los \u201ccontras\u201d de Unlimited Vacation Club que en realidad no son contras en absoluto. Si acaso, son insignias de honor que todo viajero lleva con orgullo. \u00a1Solo recuerda enviarnos postales de tus aventuras sin fin!<\/p>\n<p><strong>\u00bfListo para unirte al club? \u00bfO tal vez tienes algunas preguntas sobre la membres\u00eda? Hablemos de vacaciones sin l\u00edmites.<\/strong><\/p>\n<p><a href=\"https:\/\/www.unlimitedvacationclub.com\/en\/guest\/contact-us-guest\/\"><strong>\u00a1Cont\u00e1ctanos!<\/strong><\/a>[\/vc_column_text][\/vc_column][\/vc_row]<\/p>\n<\/div>","protected":false},"excerpt":{"rendered":"<p>[vc_row][vc_column][vc_single_image image=\u00bb28324&#8243; img_size=\u00bbfull\u00bb alignment=\u00bbcenter\u00bb][vc_column_text css=\u00bb\u00bb] Pros y Contras de Unlimited Vacation Club [\/vc_column_text][vc_column_text css=\u00bb\u00bb]Bienvenido al emocionante mundo de las vacaciones ilimitadas. Imagina esto: est\u00e1s descansando en una playa ba\u00f1ada por el sol, bebiendo un c\u00f3ctel, y tienes la libertad de [&hellip;]<\/p>\n","protected":false},"author":8,"featured_media":0,"parent":0,"menu_order":0,"comment_status":"closed","ping_status":"closed","template":"","meta":{"_acf_changed":false,"_seopress_robots_primary_cat":"","_seopress_titles_title":"Pros y contras de Unlimited Vacation Club","_seopress_titles_desc":"Explora a fondo los pros y contras de Unlimited Vacation Club, lee las rese\u00f1as de nuestros miembros y descubre si esta experiencia de viaje es ideal para ti.","_seopress_robots_index":"","jetpack_post_was_ever_published":false,"footnotes":""},"class_list":["post-33266","page","type-page","status-publish"],"acf":[],"jetpack_sharing_enabled":true,"_links":{"self":[{"href":"https:\/\/unlimitedvacationclub.blog\/es\/wp-json\/wp\/v2\/pages\/33266","targetHints":{"allow":["GET"]}}],"collection":[{"href":"https:\/\/unlimitedvacationclub.blog\/es\/wp-json\/wp\/v2\/pages"}],"about":[{"href":"https:\/\/unlimitedvacationclub.blog\/es\/wp-json\/wp\/v2\/types\/page"}],"author":[{"embeddable":true,"href":"https:\/\/unlimitedvacationclub.blog\/es\/wp-json\/wp\/v2\/users\/8"}],"replies":[{"embeddable":true,"href":"https:\/\/unlimitedvacationclub.blog\/es\/wp-json\/wp\/v2\/comments?post=33266"}],"version-history":[{"count":4,"href":"https:\/\/unlimitedvacationclub.blog\/es\/wp-json\/wp\/v2\/pages\/33266\/revisions"}],"predecessor-version":[{"id":33271,"href":"https:\/\/unlimitedvacationclub.blog\/es\/wp-json\/wp\/v2\/pages\/33266\/revisions\/33271"}],"wp:attachment":[{"href":"https:\/\/unlimitedvacationclub.blog\/es\/wp-json\/wp\/v2\/media?parent=33266"}],"curies":[{"name":"wp","href":"https:\/\/api.w.org\/{rel}","templated":true}]}}