{"id":33284,"date":"2024-01-17T13:35:56","date_gmt":"2024-01-17T18:35:56","guid":{"rendered":"https:\/\/unlimitedvacationclub.blog\/what-are-all-these-unlimited-vacation-club-complaints-about\/"},"modified":"2025-07-08T01:15:14","modified_gmt":"2025-07-08T06:15:14","slug":"de-que-se-tratan-todas-estas-quejas-sobre-unlimited-vacation-club","status":"publish","type":"page","link":"https:\/\/unlimitedvacationclub.blog\/es\/de-que-se-tratan-todas-estas-quejas-sobre-unlimited-vacation-club\/","title":{"rendered":"\u00bfDe qu\u00e9 se tratan todas estas quejas sobre Unlimited Vacation Club?"},"content":{"rendered":"<div class=\"wpb-content-wrapper\"><p>[vc_row][vc_column][vc_single_image image=\u00bb28328&#8243; img_size=\u00bbfull\u00bb alignment=\u00bbcenter\u00bb css=\u00bb.vc_custom_1705516591626{margin-bottom: 20px !important;}\u00bb][vc_column_text css=\u00bb\u00bb]<\/p>\n<h1 style=\"text-align: center;\"><span style=\"font-weight: 400;\">\u00bfDe qu\u00e9 se tratan todas estas quejas sobre Unlimited Vacation Club?<\/span><\/h1>\n<p>[\/vc_column_text][vc_column_text css=\u00bb\u00bb]\u00a1Vaya, vaya! Mira lo que tenemos aqu\u00ed. <strong><a href=\"https:\/\/unlimitedvacationclub.blog\/membership-hacks\/\">Unlimited Vacation Club<\/a><\/strong>, o UVC, como lo llaman sus supuestas \u201cv\u00edctimas\u201d, aparentemente es una colecci\u00f3n de\u2026 <strong><a href=\"https:\/\/unlimitedvacationclub.blog\/dont-get-hooked\/\">fraudes<\/a><\/strong>. Y t\u00fa probablemente est\u00e1s rasc\u00e1ndote la cabeza pensando:<\/p>\n<p>\u00ab\u00bfPero c\u00f3mo algo que me da M\u00c1S de lo que pago puede ser un fraude?\u00bb<\/p>\n<p>Pues abr\u00f3chate el cintur\u00f3n, porque est\u00e1s a punto de embarcarte en un viaje lleno de malentendidos, beneficios inesperados y est\u00e1ndares rid\u00edculamente altos. Vamos a revisar algunas de esas \u201cquejas\u201d sobre UVC.[\/vc_column_text][vc_column_text css=\u00bb\u00bb]<\/p>\n<h2><span style=\"font-weight: 400;\">\u00bfM\u00e1s beneficios de los que pediste? \u00a1El descaro!<\/span><\/h2>\n<p>[\/vc_column_text][vc_single_image image=\u00bb28330&#8243; img_size=\u00bbfull\u00bb alignment=\u00bbcenter\u00bb css=\u00bb.vc_custom_1705516599154{margin-top: 20px !important;margin-bottom: 20px !important;}\u00bb][vc_column_text css=\u00bb\u00bb]\u00a1Primero que nada, hablemos del atrevimiento de esta gente en UVC! Tienen la osad\u00eda de darte m\u00e1s beneficios de los que realmente pagas. \u00bfLo puedes creer? \u00bfM\u00e1s beneficios? \u00bfQui\u00e9n creen que son?<\/p>\n<p>Digo, estamos acostumbrados a que en este mundo, si acaso recibimos lo justo, y muchas veces, ni eso. \u00bfPero m\u00e1s? \u00a1Eso ya es demasiado! Es como ir a un restaurante elegante, pedir un filete\u2026 y que el mesero adem\u00e1s te traiga una botella de vino de cortes\u00eda. \u00bf\u00a1Perd\u00f3n!? \u00bf\u00a1D\u00f3nde estamos viviendo!?[\/vc_column_text][vc_column_text css=\u00bb\u00bb]<\/p>\n<h2><span style=\"font-weight: 400;\">\u00bfCon tantos destinos, c\u00f3mo se supone que decida?<\/span><\/h2>\n<p>[\/vc_column_text][vc_single_image image=\u00bb28332&#8243; img_size=\u00bbfull\u00bb alignment=\u00bbcenter\u00bb css=\u00bb.vc_custom_1705516606025{margin-top: 20px !important;margin-bottom: 20px !important;}\u00bb][vc_column_text css=\u00bb\u00bb]Ah, y no olvidemos una de las <a href=\"https:\/\/unlimitedvacationclub.blog\/what-our-unlimited-vacation-club-reviews-in-trip-advisor-say-uvc\/\">quejas m\u00e1s leg\u00edtimas<\/a> de <strong>UVC<\/strong>: \u00a1hay demasiadas opciones! Demasiados beneficios. Demasiados privilegios. Demasiados destinos para elegir.<\/p>\n<p>\u00ab\u00a1Ay no! Tengo demasiadas opciones de vacaciones en el Caribe y Europa. \u00bfC\u00f3mo voy a decidir?\u00bb<\/p>\n<p>\u00a1Pobrecitos! Imag\u00ednate tener tantas opciones incre\u00edbles que te cueste trabajo elegir tu pr\u00f3ximo destino de ensue\u00f1o. El coraz\u00f3n no se resiste.[\/vc_column_text][vc_column_text css=\u00bb\u00bb]<\/p>\n<h2><span style=\"font-weight: 400;\">\u00a1Mis fotos de vacaciones son tan espectaculares que mis amigos creen que soy un fraude!<br \/>\n<\/span><\/h2>\n<p>[\/vc_column_text][vc_single_image image=\u00bb28334&#8243; img_size=\u00bbfull\u00bb alignment=\u00bbcenter\u00bb css=\u00bb.vc_custom_1705516612382{margin-top: 20px !important;margin-bottom: 20px !important;}\u00bb][vc_column_text css=\u00bb\u00bb]Ah\u00ed estaba yo, con un c\u00f3ctel en la mano, tomando el sol junto a la piscina m\u00e1s espectacular que hayas visto. Mis vacaciones con <strong>UVC<\/strong> fueron un sue\u00f1o hecho realidad.<\/p>\n<p>\u00bfPero lo mejor? \u00a1Mis fotos eran tan incre\u00edbles que mis amigos empezaron a decir que era una viajera del \u201cclub de fraudes\u201d!<\/p>\n<p>Cada vez que sub\u00eda una foto, sus mand\u00edbulas ca\u00edan un poco m\u00e1s. Arena blanca como la nieve, agua cristalina, comida que parec\u00eda de revista\u2026 \u00a1Era demasiado para sus sentidos!<\/p>\n<p>Lleg\u00f3 al punto en que tuve que hacer un live desde el Caribe para demostrarles que no era Photoshop.<\/p>\n<p>La cara que pusieron al ver que era 100% real\u2026 \u00a1No tuvo precio!<\/p>\n<p>Ese d\u00eda aprendieron una gran lecci\u00f3n: <strong><a href=\"https:\/\/unlimitedvacationclub.blog\/how-being-a-member-of-unlimited-vacation-club-helps-you-save-money-on-your-vacations-tips-from-our-members\/\">con Unlimited Vacation Club, hasta los \u2018fraudes\u2019 como yo pueden vivir el sue\u00f1o<\/a><\/strong>.<\/p>\n<p>\u00bfLista para unirte al club? \u00bfO tienes preguntas sobre la membres\u00eda?<\/p>\n<p><a href=\"https:\/\/www.unlimitedvacationclub.com\/en\/guest\/contact-us-guest\/\"><strong>Hablemos de vacaciones sin l\u00edmites.<\/strong><\/a>[\/vc_column_text][\/vc_column][\/vc_row]<\/p>\n<\/div>","protected":false},"excerpt":{"rendered":"<p>[vc_row][vc_column][vc_single_image image=\u00bb28328&#8243; img_size=\u00bbfull\u00bb alignment=\u00bbcenter\u00bb css=\u00bb.vc_custom_1705516591626{margin-bottom: 20px !important;}\u00bb][vc_column_text css=\u00bb\u00bb] \u00bfDe qu\u00e9 se tratan todas estas quejas sobre Unlimited Vacation Club? [\/vc_column_text][vc_column_text css=\u00bb\u00bb]\u00a1Vaya, vaya! Mira lo que tenemos aqu\u00ed. Unlimited Vacation Club, o UVC, como lo llaman sus supuestas \u201cv\u00edctimas\u201d, aparentemente es [&hellip;]<\/p>\n","protected":false},"author":8,"featured_media":0,"parent":0,"menu_order":0,"comment_status":"closed","ping_status":"closed","template":"","meta":{"_acf_changed":false,"_seopress_robots_primary_cat":"","_seopress_titles_title":"Rese\u00f1as y Quejas de UVC - Preocupaciones de Miembros Abordadas","_seopress_titles_desc":"\u00bfEs el Club de Vacaciones Ilimitadas demasiado bueno para ser verdad? \u00bfDe qu\u00e9 se tratan todas estas quejas? \u00a1Averig\u00fc\u00e9moslo!","_seopress_robots_index":"","jetpack_post_was_ever_published":false,"footnotes":""},"class_list":["post-33284","page","type-page","status-publish"],"acf":[],"jetpack_sharing_enabled":true,"_links":{"self":[{"href":"https:\/\/unlimitedvacationclub.blog\/es\/wp-json\/wp\/v2\/pages\/33284","targetHints":{"allow":["GET"]}}],"collection":[{"href":"https:\/\/unlimitedvacationclub.blog\/es\/wp-json\/wp\/v2\/pages"}],"about":[{"href":"https:\/\/unlimitedvacationclub.blog\/es\/wp-json\/wp\/v2\/types\/page"}],"author":[{"embeddable":true,"href":"https:\/\/unlimitedvacationclub.blog\/es\/wp-json\/wp\/v2\/users\/8"}],"replies":[{"embeddable":true,"href":"https:\/\/unlimitedvacationclub.blog\/es\/wp-json\/wp\/v2\/comments?post=33284"}],"version-history":[{"count":5,"href":"https:\/\/unlimitedvacationclub.blog\/es\/wp-json\/wp\/v2\/pages\/33284\/revisions"}],"predecessor-version":[{"id":33289,"href":"https:\/\/unlimitedvacationclub.blog\/es\/wp-json\/wp\/v2\/pages\/33284\/revisions\/33289"}],"wp:attachment":[{"href":"https:\/\/unlimitedvacationclub.blog\/es\/wp-json\/wp\/v2\/media?parent=33284"}],"curies":[{"name":"wp","href":"https:\/\/api.w.org\/{rel}","templated":true}]}}