{"id":34539,"date":"2026-02-25T12:54:58","date_gmt":"2026-02-25T17:54:58","guid":{"rendered":"https:\/\/unlimitedvacationclub.blog\/?page_id=34539"},"modified":"2026-02-25T12:54:58","modified_gmt":"2026-02-25T17:54:58","slug":"terminos-y-condiciones-de-uvc-social-media","status":"publish","type":"page","link":"https:\/\/unlimitedvacationclub.blog\/es\/terminos-y-condiciones-de-uvc-social-media\/","title":{"rendered":"T\u00e9rminos y Condiciones de UVC Social Media"},"content":{"rendered":"<div class=\"wpb-content-wrapper\"><p>[vc_row][vc_column][vc_column_text css=\u00bb\u00bb]<\/p>\n<h1 data-start=\"190\" data-end=\"219\">Unlimited Vacation Club<\/h1>\n<p data-start=\"220\" data-end=\"287\">T\u00e9rminos y Condiciones para el Uso de Contenido en Redes Sociales**<\/p>\n<p data-start=\"289\" data-end=\"656\">Al enviar o compartir cualquier contenido con Unlimited Vacation Club (incluyendo, entre otros, fotograf\u00edas, videos, testimoniales, comentarios, textos, historias escritas, grabaciones de voz o cualquier otro material) a trav\u00e9s de redes sociales, correo electr\u00f3nico, formularios web, mensajes directos o cualquier plataforma oficial de UVC, usted acepta lo siguiente:<\/p>\n<h2 data-start=\"663\" data-end=\"709\">1. Propiedad del Contenido y Autorizaci\u00f3n<\/h2>\n<p data-start=\"711\" data-end=\"741\">Usted declara y garantiza que:<\/p>\n<p data-start=\"745\" data-end=\"865\">&#8211; Es el creador original del contenido enviado, o ha obtenido todos los derechos y permisos necesarios para compartirlo.<\/p>\n<p data-start=\"868\" data-end=\"1010\">&#8211; El contenido no infringe derechos de propiedad intelectual, privacidad, imagen, publicidad o cualquier otro derecho de propiedad de terceros.<\/p>\n<p data-start=\"868\" data-end=\"1010\">&#8211; Cualquier persona que aparezca en el contenido ha otorgado su autorizaci\u00f3n para su uso.<\/p>\n<h2 data-start=\"1107\" data-end=\"1159\">2. Derechos Otorgados a Unlimited Vacation Club<\/h2>\n<p data-start=\"1161\" data-end=\"1416\">Al enviar o etiquetar a Unlimited Vacation Club en su contenido, usted otorga a Unlimited Vacation Club, sus afiliadas, subsidiarias, licenciatarios, sucesores y cesionarios un derecho no exclusivo, libre de regal\u00edas, mundial, perpetuo e irrevocable para:<\/p>\n<p>&#8211; Usar, reproducir, editar, modificar, adaptar, publicar, distribuir, exhibir, transmitir y utilizar el contenido en cualquier formato o medio existente o que se desarrolle en el futuro.<\/p>\n<p data-start=\"1609\" data-end=\"1749\">&#8211; Utilizar el contenido con fines de marketing, publicidad, promoci\u00f3n, relaciones p\u00fablicas, testimoniales, fines comerciales e informativos.<\/p>\n<p data-start=\"1752\" data-end=\"1851\">&#8211; Utilizar su nombre, imagen, voz, declaraciones y datos biogr\u00e1ficos en relaci\u00f3n con dicho contenido.<\/p>\n<p data-start=\"1853\" data-end=\"1882\">Este uso podr\u00e1 realizarse en:<\/p>\n<p data-start=\"1886\" data-end=\"1939\">&#8211; Redes sociales oficiales de Unlimited Vacation Club<\/p>\n<p data-start=\"1942\" data-end=\"1991\">&#8211; Sitios web oficiales de Unlimited Vacation Club<\/p>\n<p data-start=\"1994\" data-end=\"2014\">&#8211; Campa\u00f1as digitales<\/p>\n<p data-start=\"2017\" data-end=\"2034\">&#8211; Email marketing<\/p>\n<p data-start=\"2037\" data-end=\"2056\">&#8211; Publicidad pagada<\/p>\n<p data-start=\"2059\" data-end=\"2080\">&#8211; Materiales impresos<\/p>\n<p data-start=\"2083\" data-end=\"2131\">&#8211; Presentaciones internas o material promocional<\/p>\n<p data-start=\"2133\" data-end=\"2253\">No se requerir\u00e1 compensaci\u00f3n adicional, notificaci\u00f3n, revisi\u00f3n ni consentimiento posterior, salvo que la ley lo proh\u00edba.<\/p>\n<h2 data-start=\"2260\" data-end=\"2294\">3. Modificaci\u00f3n del Contenido<\/h2>\n<p data-start=\"2296\" data-end=\"2506\">Unlimited Vacation Club se reserva el derecho de editar o adaptar el contenido enviado para efectos de formato, claridad, consistencia de marca o fines promocionales, respetando la esencia del mensaje original.<\/p>\n<h2 data-start=\"2513\" data-end=\"2550\">4. Sin Obligaci\u00f3n de Publicaci\u00f3n<\/h2>\n<p data-start=\"2552\" data-end=\"2751\">El env\u00edo de contenido no garantiza su publicaci\u00f3n. Unlimited Vacation Club se reserva el derecho, a su entera discreci\u00f3n, de seleccionar, rechazar o eliminar cualquier contenido en cualquier momento.<\/p>\n<h2 data-start=\"2758\" data-end=\"2795\">5. Liberaci\u00f3n de Responsabilidad<\/h2>\n<p data-start=\"2797\" data-end=\"3014\">Al enviar contenido, usted libera y exime de responsabilidad a Unlimited Vacation Club y sus afiliadas frente a cualquier reclamaci\u00f3n, demanda o responsabilidad derivada o relacionada con el uso del contenido enviado.<\/p>\n<h2 data-start=\"3021\" data-end=\"3050\">6. Legislaci\u00f3n Aplicable<\/h2>\n<p data-start=\"3052\" data-end=\"3157\">Estos T\u00e9rminos se regir\u00e1n e interpretar\u00e1n conforme a las leyes de los Estados Unidos de Am\u00e9rica y M\u00e9xico.<\/p>\n<h2 data-start=\"3164\" data-end=\"3182\">7. Privacidad<\/h2>\n<p data-start=\"3184\" data-end=\"3372\">Cualquier informaci\u00f3n personal enviada en relaci\u00f3n con su contenido ser\u00e1 tratada de conformidad con la Pol\u00edtica de Privacidad de Unlimited Vacation Club disponible en el sitio web oficial.<\/p>\n<p>[\/vc_column_text][\/vc_column][\/vc_row]<\/p>\n<\/div>","protected":false},"excerpt":{"rendered":"<p>[vc_row][vc_column][vc_column_text css=\u00bb\u00bb] Unlimited Vacation Club T\u00e9rminos y Condiciones para el Uso de Contenido en Redes Sociales** Al enviar o compartir cualquier contenido con Unlimited Vacation Club (incluyendo, entre otros, fotograf\u00edas, videos, testimoniales, comentarios, textos, historias escritas, grabaciones de voz o [&hellip;]<\/p>\n","protected":false},"author":1,"featured_media":0,"parent":0,"menu_order":0,"comment_status":"closed","ping_status":"closed","template":"","meta":{"_acf_changed":false,"_seopress_robots_primary_cat":"","_seopress_titles_title":"","_seopress_titles_desc":"","_seopress_robots_index":"","jetpack_post_was_ever_published":false,"footnotes":""},"class_list":["post-34539","page","type-page","status-publish"],"acf":[],"jetpack_sharing_enabled":true,"_links":{"self":[{"href":"https:\/\/unlimitedvacationclub.blog\/es\/wp-json\/wp\/v2\/pages\/34539","targetHints":{"allow":["GET"]}}],"collection":[{"href":"https:\/\/unlimitedvacationclub.blog\/es\/wp-json\/wp\/v2\/pages"}],"about":[{"href":"https:\/\/unlimitedvacationclub.blog\/es\/wp-json\/wp\/v2\/types\/page"}],"author":[{"embeddable":true,"href":"https:\/\/unlimitedvacationclub.blog\/es\/wp-json\/wp\/v2\/users\/1"}],"replies":[{"embeddable":true,"href":"https:\/\/unlimitedvacationclub.blog\/es\/wp-json\/wp\/v2\/comments?post=34539"}],"version-history":[{"count":1,"href":"https:\/\/unlimitedvacationclub.blog\/es\/wp-json\/wp\/v2\/pages\/34539\/revisions"}],"predecessor-version":[{"id":34542,"href":"https:\/\/unlimitedvacationclub.blog\/es\/wp-json\/wp\/v2\/pages\/34539\/revisions\/34542"}],"wp:attachment":[{"href":"https:\/\/unlimitedvacationclub.blog\/es\/wp-json\/wp\/v2\/media?parent=34539"}],"curies":[{"name":"wp","href":"https:\/\/api.w.org\/{rel}","templated":true}]}}