{"id":5424,"date":"2018-09-28T14:42:39","date_gmt":"2018-09-28T14:42:39","guid":{"rendered":"https:\/\/backpacktraveler.mikado-themes.com\/?page_id=5424"},"modified":"2025-03-11T10:52:05","modified_gmt":"2025-03-11T15:52:05","slug":"destination-slider","status":"publish","type":"page","link":"https:\/\/unlimitedvacationclub.blog\/es\/destination-slider\/","title":{"rendered":"Destination Slider"},"content":{"rendered":"<div class=\"wpb-content-wrapper\"><p>[vc_row][vc_column]<div class=\"mkdf-destination-full-screen-slider-holder\"><div class=\"mkdf-destination-list-holder mkdf-grid-list mkdf-pl-gallery mkdf-one-columns mkdf-no-space mkdf-pl-full-screen  mkdf-pl-pag-standard   mkdf-pag-light-skin mkdf-pag-on-slider\"  data-type=gallery data-number-of-columns=one data-space-between-items=no data-number-of-items=3 data-image-proportions=full data-selected-projects=2480,1024,1232 data-orderby=date data-order=DESC data-item-style=full-screen data-enable-title=yes data-enable-category=yes data-enable-excerpt=yes data-excerpt-length=300 data-pagination-type=standard data-enable-article-animation=no data-destination-slider-on=yes data-enable-loop=yes data-enable-autoplay=yes data-slider-speed=5000 data-slider-speed-animation=600 data-enable-navigation=yes data-enable-pagination=yes data-pagination-skin=light data-pagination-position=on-slider data-max-num-pages=1 data-next-page=2>\n\t<div class=\"mkdf-pl-inner mkdf-outer-space mkdf-pfs-slider clearfix\">\n                <div class=\"swiper-container\"><div class=\"swiper-wrapper\">\n                \t\t<article class=\"mkdf-pl-item mkdf-item-space swiper-slide post-8159 destination-item type-destination-item status-publish has-post-thumbnail\">\n\t<div class=\"mkdf-pl-item-inner\">\n\t\t<div class=\"mkdf-pli-image\" style=\"background-image:url(https:\/\/unlimitedvacationclub.blog\/wp-content\/uploads\/2018\/09\/shutterstock_244680343.jpg)\"><\/div>\n<div class=\"mkdf-pli-text-holder test\">\n\t<div class=\"mkdf-pli-text-wrapper\">\n\t\t<div class=\"mkdf-pli-text\">\n\t\t\t<div class=\"mkdf-pli-text-inner\">\n\t\t\t\t<a class=\"mkdf-pli-up-arrow\" href=\"#\"><span class=\"arrow_expand_alt\"><\/span><\/a>\n\t\t\t\t<h2 itemprop=\"name\" class=\"mkdf-pli-title entry-title\"><a href=\"https:\/\/unlimitedvacationclub.blog\/es\/destination-item\/liberia\/\">Liberia<\/a><\/h2>\n\t\t\t\t\n\t\t\t\t<div class=\"mkdf-pli-category\">\n\t\t\t\t\t                <\/div>\n\n                <div class=\"mkdf-pli-comments\">\n                        <div class=\"mkdf-destination-info-comments-holder\">\n        <a itemprop=\"url\" class=\"mkdf-destination-info-comments\" href=\"https:\/\/unlimitedvacationclub.blog\/es\/destination-item\/liberia\/#respond\">\n            0 Comments        <\/a>\n    <\/div>\n                <\/div>\n\n                <div class=\"mkdf-pli-likes\">\n                        <div class=\"mkdf-destination-like\">\n        <a href=\"#\" class=\"mkdf-like\" id=\"mkdf-like-8159-341\" title=\"Like this\"><i class=\"icon_heart_alt\"><\/i><span>0<\/span><\/a>        Likes    <\/div>\n                <\/div>\n\t\t\t\t\n\t\t\t\t<div class=\"mkdf-pli-info-holder\">\n\t\t\t\t\t\t<p itemprop=\"description\" class=\"mkdf-pli-excerpt\">\n        [vc_row][vc_column][vc_column_text css=\"\"]\r\nConociendo Liberia\r\n[\/vc_column_text][vc_empty_space height=\"11px\"][vc_column_text]Liberia est\u00e1 ubicada en el noroeste de Costa Rica, en la provincia de Guanacaste, y tiene todas las caracter\u00edsticas de un lugar tur\u00edstico popular: un aeropuerto internacional, iglesias modernas, una atm\u00f3sfera colonial aut\u00e9ntica, una rica historia y un parque central. Si bien Liberia se usa principalmente como una estaci\u00f3n de paso para trasladarse a las ciudades circundantes y playas de arena blanca m\u00e1s desarrolladas de Guanacaste, la ciudad capital no es un mal lugar para una estad\u00eda r\u00e1pida. Con la provincia de Guanacaste ofreciendo a los visitantes algunas de las m\u00e1s incre\u00edbles playas de arena blanca y azul, bosques tropicales y volcanes, el tr\u00e1fico a trav\u00e9s de la puerta de entrada de la ciudad de Liberia no va a disminuir su velocidad en el corto plazo.[\/vc_column_text][vc_empty_space height=\"15px\"][vc_column_text]Como ciudad de entrada, Liberia podr\u00eda ser un breve lugar de parada para usted en su camino hacia las playas de arena blanca de la provincia. Tambi\u00e9n hay una buena raz\u00f3n para esto: Liberia est\u00e1 cerca de los centros tur\u00edsticos y las playas en el Oc\u00e9ano Pac\u00edfico, incluidos el Golfo de Papagayo, Playas del Coco, Playa Hermosa, Tamarindo, El Jobo y Playa Conchal.\r\n\r\nEstos son algunos de los destinos m\u00e1s buscados en Costa Rica. Playa Hermosa cuenta con aguas tranquilas, pesca deportiva incre\u00edble y buceo inolvidable.[\/vc_column_text][\/vc_column][\/vc_row][vc_row content_text_aligment=\"center\" css=\".vc_custom_1535115499587{padding-top: 27px !important;}\"][vc_column width=\"1\/2\"][vc_single_image image=\"8152\" img_size=\"large\"][vc_column_text]\u201cUn escenario\u00a0natural atemporal y relajante\u201d[\/vc_column_text][vc_empty_space height=\"23px\"][\/vc_column][vc_column width=\"1\/2\"][vc_single_image image=\"8154\" img_size=\"large\"][vc_column_text]\u201cRelajaci\u00f3n s\u00edn l\u00edmites en las playas de Papagayo\u201d[\/vc_column_text][vc_empty_space height=\"23px\"][\/vc_column][\/vc_row][vc_row css=\".vc_custom_1534851787402{padding-top: 22px !important;}\" anchor=\"sightseeing\"][vc_column][vc_column_text css=\"\"]\r\nThings to See and Do in Liberia\r\n[\/vc_column_text][vc_empty_space height=\"26px\"][vc_row_inner][vc_column_inner offset=\"vc_col-md-4\"][vc_empty_space height=\"25px\"][\/vc_column_inner][vc_column_inner offset=\"vc_col-md-4\"][vc_empty_space height=\"25px\"][\/vc_column_inner][vc_column_inner offset=\"vc_col-md-4\"][vc_empty_space height=\"25px\"][\/vc_column_inner][\/vc_row_inner][\/vc_column][\/vc_row][vc_row css=\".vc_custom_1535105584021{padding-top: 32px !important;}\" anchor=\"related-articles\"][vc_column][vc_column_text css=\"\"]\r\nGolfo de Papagayo, Guanacaste\r\n[\/vc_column_text][vc_empty_space height=\"11px\"][vc_column_text css=\"\"]El Golfo de Papagayo es el hogar de muchos de los resorts exclusivos todo incluido de Costa Rica como Secrets Papagayo. Ubicado en la costa del Pac\u00edfico norte justo al norte de Playa Panam\u00e1. El golfo<\/p>\n\t\t\t\t<\/div>\n                <div class=\"mkdf-pli-additional-image-holder\">\n                    <img decoding=\"async\" itemprop=\"image\" class=\"mkdf-destination-additional-image\" src=\"https:\/\/unlimitedvacationclub.blog\/wp-content\/uploads\/2019\/02\/Disen\u0303o-no-guardado-13.jpg\" alt=\"Destination Additional Image\" \/>\n                <\/div>\n\t\t\t<\/div>\n\t\t<\/div>\n\t<\/div>\n<\/div>\n        \t\t<a itemprop=\"url\" class=\"mkdf-pli-link mkdf-block-drag-link\" href=\"https:\/\/unlimitedvacationclub.blog\/es\/destination-item\/liberia\/\" target=\"_self\"><\/a>\n            <\/div>\n<\/article>                    <\/div><\/div>\n        <div id=\"mkdf-ptf-info-block\">\n            <div class=\"mkdf-pli-text-holder\">\n                <div class=\"mkdf-pli-text-wrapper\">\n                    <div class=\"mkdf-pli-text\">\n                        <a class=\"mkdf-pli-up-arrow\" href=\"#\"><span class=\"arrow_expand_alt\"><\/span><\/a>\n                        <div class=\"mkdf-pli-text-inner\">\n                            <div class=\"mkdf-pli-fs-left\">\n                                <h2 itemprop=\"name\" class=\"mkdf-pli-title entry-title\">.<\/h2>\n                                <div class=\"mkdf-pli-cat\"><\/div>\n                                <div class=\"mkdf-pli-info-holder\">\n                                    <div class=\"mkdf-pli-category-info mkdf-pli-info\">\n                                        <p><a itemprop=\"url\" href=\"#\"><\/a><\/p>\n                                    <\/div>\n                                    <div class=\"mkdf-pli-comments-info mkdf-pli-info\">\n                                        <p><\/p>\n                                    <\/div>\n                                    <div class=\"mkdf-pli-likes-info mkdf-pli-info\">\n                                        <p><\/p>\n                                    <\/div>\n                                    <p itemprop=\"description\" class=\"mkdf-pli-excerpt\"><\/p>\n                                    <div class=\"mkdf-pli-share-info mkdf-pli-info\">\n                                        <div class=\"mkdf-social-share-holder mkdf-list\">\n                                            <ul>\n                                            <\/ul>\n                                        <\/div>\n                                    <\/div>\n                                <\/div>\n                                <a href=\"#\" class=\"mkdf-btn mkdf-btn-medium mkdf-btn-outline mkdf-pli-link-info\"><span class=\"mkdf-btn-text\">Explore<\/span><\/a>\n                            <\/div>\n                            <div class=\"mkdf-pli-fs-right\">\n                            <\/div>\n                        <\/div>\n                    <\/div>\n                <\/div>\n            <\/div>\n        <\/div>\n        \t<\/div>\n\t\n\t<\/div><div class=\"mkdf-swiper-nav\">\n\t\t\t<span class=\"mkdf-prev-icon\"><svg version=\"1.1\" xmlns=\"http:\/\/www.w3.org\/2000\/svg\" x=\"0px\" y=\"0px\" width=\"41.828px\" height=\"14.833px\" viewBox=\"0 0 41.828 14.833\" enable-background=\"new 0 0 41.828 14.833\" xml:space=\"preserve\">\n\t\t\t\t<g>\n\t\t\t\t\t<line fill=\"none\" stroke=\"#000000\" stroke-miterlimit=\"10\" x1=\"2.083\" y1=\"6.939\" x2=\"41.828\" y2=\"6.939\"><\/line>\n\t\t\t\t\t<polyline fill=\"none\" stroke=\"#000000\" stroke-miterlimit=\"10\" points=\"13.083,0.689 1.583,6.939 13.083,14.022\"><\/polyline>\n\t\t\t\t<\/g>\n\t\t\t\t<\/svg><\/span><span class=\"mkdf-next-icon\"><svg version=\"1.1\" xmlns=\"http:\/\/www.w3.org\/2000\/svg\" x=\"0px\" y=\"0px\" width=\"41.828px\" height=\"14.833px\" viewBox=\"0 0 41.828 14.833\" enable-background=\"new 0 0 41.828 14.833\" xml:space=\"preserve\">\n\t\t\t\t<g>\n\t\t\t\t\t<line fill=\"none\" stroke=\"#000000\" stroke-miterlimit=\"10\" x1=\"39.745\" y1=\"7.772\" x2=\"0\" y2=\"7.772\"><\/line>\n\t\t\t\t\t<polyline fill=\"none\" stroke=\"#000000\" stroke-miterlimit=\"10\" points=\"28.745,14.022 40.245,7.772 28.745,0.689\"><\/polyline>\n\t\t\t\t<\/g>\n\t\t\t\t<\/svg><\/span><\/div><\/div>[\/vc_column][\/vc_row]<\/p>\n<\/div>","protected":false},"excerpt":{"rendered":"<p>[vc_row][vc_column][\/vc_column][\/vc_row]<\/p>\n","protected":false},"author":1,"featured_media":0,"parent":0,"menu_order":0,"comment_status":"closed","ping_status":"closed","template":"full-width.php","meta":{"_acf_changed":false,"_seopress_robots_primary_cat":"","_seopress_titles_title":"","_seopress_titles_desc":"Explore a variety of stunning travel destinations, from the vibrant beaches of Cartagena to the luxury resorts of Los Cabos. Find your next dream vacation today!","_seopress_robots_index":"yes","jetpack_post_was_ever_published":false,"footnotes":""},"class_list":["post-5424","page","type-page","status-publish"],"acf":[],"jetpack_sharing_enabled":true,"_links":{"self":[{"href":"https:\/\/unlimitedvacationclub.blog\/es\/wp-json\/wp\/v2\/pages\/5424","targetHints":{"allow":["GET"]}}],"collection":[{"href":"https:\/\/unlimitedvacationclub.blog\/es\/wp-json\/wp\/v2\/pages"}],"about":[{"href":"https:\/\/unlimitedvacationclub.blog\/es\/wp-json\/wp\/v2\/types\/page"}],"author":[{"embeddable":true,"href":"https:\/\/unlimitedvacationclub.blog\/es\/wp-json\/wp\/v2\/users\/1"}],"replies":[{"embeddable":true,"href":"https:\/\/unlimitedvacationclub.blog\/es\/wp-json\/wp\/v2\/comments?post=5424"}],"version-history":[{"count":1,"href":"https:\/\/unlimitedvacationclub.blog\/es\/wp-json\/wp\/v2\/pages\/5424\/revisions"}],"predecessor-version":[{"id":32244,"href":"https:\/\/unlimitedvacationclub.blog\/es\/wp-json\/wp\/v2\/pages\/5424\/revisions\/32244"}],"wp:attachment":[{"href":"https:\/\/unlimitedvacationclub.blog\/es\/wp-json\/wp\/v2\/media?parent=5424"}],"curies":[{"name":"wp","href":"https:\/\/api.w.org\/{rel}","templated":true}]}}